{"id":114,"date":"2021-06-29T14:31:00","date_gmt":"2021-06-29T17:31:00","guid":{"rendered":"https:\/\/edpopsaude.com.br\/site\/?page_id=114"},"modified":"2021-06-29T17:23:58","modified_gmt":"2021-06-29T20:23:58","slug":"livro-dialogismo-e-arte-na-gestao-em-saude","status":"publish","type":"page","link":"https:\/\/edpopsaude.com.br\/site\/livro-dialogismo-e-arte-na-gestao-em-saude\/","title":{"rendered":"DIALOGISMO E ARTE NA GEST\u00c3O EM SA\u00daDE: a perspectiva popular nas Cirandas da Vida"},"content":{"rendered":"\t\t<div data-elementor-type=\"wp-page\" data-elementor-id=\"114\" class=\"elementor elementor-114\">\n\t\t\t\t\t\t\t\t\t<section class=\"elementor-section elementor-top-section elementor-element elementor-element-07d6937 elementor-section-boxed elementor-section-height-default elementor-section-height-default\" data-id=\"07d6937\" data-element_type=\"section\">\n\t\t\t\t\t\t<div class=\"elementor-container elementor-column-gap-default\">\n\t\t\t\t\t<div class=\"elementor-column elementor-col-100 elementor-top-column elementor-element elementor-element-c0ed179\" data-id=\"c0ed179\" data-element_type=\"column\">\n\t\t\t<div class=\"elementor-widget-wrap elementor-element-populated\">\n\t\t\t\t\t\t\t\t<div class=\"elementor-element elementor-element-f7a8d06 elementor-widget elementor-widget-spacer\" data-id=\"f7a8d06\" data-element_type=\"widget\" data-widget_type=\"spacer.default\">\n\t\t\t\t<div class=\"elementor-widget-container\">\n\t\t\t\t\t<div class=\"elementor-spacer\">\n\t\t\t<div class=\"elementor-spacer-inner\"><\/div>\n\t\t<\/div>\n\t\t\t\t<\/div>\n\t\t\t\t<\/div>\n\t\t\t\t\t<\/div>\n\t\t<\/div>\n\t\t\t\t\t\t\t<\/div>\n\t\t<\/section>\n\t\t\t\t<section class=\"elementor-section elementor-top-section elementor-element elementor-element-f6fe4d8 elementor-section-boxed elementor-section-height-default elementor-section-height-default\" data-id=\"f6fe4d8\" data-element_type=\"section\">\n\t\t\t\t\t\t<div class=\"elementor-container elementor-column-gap-default\">\n\t\t\t\t\t<div class=\"elementor-column elementor-col-100 elementor-top-column elementor-element elementor-element-94786f2\" data-id=\"94786f2\" data-element_type=\"column\">\n\t\t\t<div class=\"elementor-widget-wrap elementor-element-populated\">\n\t\t\t\t\t\t\t\t<div class=\"elementor-element elementor-element-496d8e5 elementor-widget elementor-widget-heading\" data-id=\"496d8e5\" data-element_type=\"widget\" data-widget_type=\"heading.default\">\n\t\t\t\t<div class=\"elementor-widget-container\">\n\t\t\t<h3 class=\"elementor-heading-title elementor-size-default\">DIALOGISMO E ARTE NA GEST\u00c3O EM SA\u00daDE: a perspectiva popular nas Cirandas da Vida<\/h3>\t\t<\/div>\n\t\t\t\t<\/div>\n\t\t\t\t\t<\/div>\n\t\t<\/div>\n\t\t\t\t\t\t\t<\/div>\n\t\t<\/section>\n\t\t\t\t<section class=\"elementor-section elementor-top-section elementor-element elementor-element-8b21e8a elementor-section-boxed elementor-section-height-default elementor-section-height-default\" data-id=\"8b21e8a\" data-element_type=\"section\">\n\t\t\t\t\t\t<div class=\"elementor-container elementor-column-gap-default\">\n\t\t\t\t\t<div class=\"elementor-column elementor-col-50 elementor-top-column elementor-element elementor-element-3174ffe\" data-id=\"3174ffe\" data-element_type=\"column\">\n\t\t\t<div class=\"elementor-widget-wrap elementor-element-populated\">\n\t\t\t\t\t\t\t\t<div class=\"elementor-element elementor-element-4865e27 elementor-widget elementor-widget-image\" data-id=\"4865e27\" data-element_type=\"widget\" data-widget_type=\"image.default\">\n\t\t\t\t<div class=\"elementor-widget-container\">\n\t\t\t\t\t\t\t\t\t\t\t\t\t\t\t<img decoding=\"async\" width=\"506\" height=\"750\" src=\"https:\/\/edpopsaude.com.br\/site\/wp-content\/uploads\/2021\/06\/Livro-Dialogismo-e-arte-na-gestao-em-saude.jpg\" class=\"attachment-large size-large wp-image-99\" alt=\"\" loading=\"lazy\" srcset=\"https:\/\/edpopsaude.com.br\/site\/wp-content\/uploads\/2021\/06\/Livro-Dialogismo-e-arte-na-gestao-em-saude.jpg 506w, https:\/\/edpopsaude.com.br\/site\/wp-content\/uploads\/2021\/06\/Livro-Dialogismo-e-arte-na-gestao-em-saude-202x300.jpg 202w\" sizes=\"(max-width: 34.9rem) calc(100vw - 2rem), (max-width: 53rem) calc(8 * (100vw \/ 12)), (min-width: 53rem) calc(6 * (100vw \/ 12)), 100vw\" \/>\t\t\t\t\t\t\t\t\t\t\t\t\t\t\t<\/div>\n\t\t\t\t<\/div>\n\t\t\t\t\t<\/div>\n\t\t<\/div>\n\t\t\t\t<div class=\"elementor-column elementor-col-50 elementor-top-column elementor-element elementor-element-465991f\" data-id=\"465991f\" data-element_type=\"column\">\n\t\t\t<div class=\"elementor-widget-wrap elementor-element-populated\">\n\t\t\t\t\t\t\t\t<div class=\"elementor-element elementor-element-60e4dc0 elementor-widget elementor-widget-text-editor\" data-id=\"60e4dc0\" data-element_type=\"widget\" data-widget_type=\"text-editor.default\">\n\t\t\t\t<div class=\"elementor-widget-container\">\n\t\t\t\t\t\t\t<p>DIALOGISMO E ARTE NA GEST\u00c3O EM SA\u00daDE: a perspectiva popular nas Cirandas da Vida \u00e9 o resultado de uma pesquisa a\u00e7\u00e3o nomeada como Ciranda de Aprendizagem e Pesquisa, cuja abordagem multirreferencial, envolveu atores e atrizes populares \u2013 os (as)cirandeiros (as) \u2013 que se constitu\u00edram protagonistas da produ\u00e7\u00e3o do conhecimento em uma viv\u00eancia de pr\u00e1xis grupal\u00a0 com o objetivo de\u00a0 apreender como se expressam o dialogismo e a artena gest\u00e3o em sa\u00fade, buscando na perspectiva popular.<\/p><p><em>Uma obra que explicita as m\u00faltiplas dimens\u00f5es da educa\u00e7\u00e3o popular em Sa\u00fade.\u00a0<\/em>As sinfonias apresentam os diversos conte\u00fados tem\u00e1ticos que emergiram no estudo e desvelam harmonias, contrapontos e desafios como espa\u00e7o polif\u00f4nico do dizer como a popula\u00e7\u00e3o das comunidades envolvidas nas rodas das Cirandas da Vida expressa sua hist\u00f3ria de luta e resist\u00eancia, mediante as linguagens da arte como fertilizadora do princ\u00edpio de comunidade.\u00a0Nesse dialogismo emergem saberes da experi\u00eancia popular sobre o cuidado em sa\u00fade, os silenciamentos e dizeres da juventude em conflito com a lei, os atos limite frente \u00e0s viol\u00eancias de g\u00eanero, as pot\u00eancias da economia solid\u00e1ria, da luta pela moradia em aproxima\u00e7\u00f5es com a preserva\u00e7\u00e3o do ambiente e a luta pelo acesso, n\u00e3o s\u00f3 ao sistema de sa\u00fade local, mas tamb\u00e9m \u00e0s pol\u00edticas sociais de maneira mais geral.\u00a0<\/p><p>As dimens\u00f5es pedag\u00f3gicas da experi\u00eancia tra\u00e7am possibilidades do di\u00e1logo entre saberes e diversas linguagens da arte como pot\u00eancia nos processos de mobiliza\u00e7\u00e3o, de inclus\u00e3o social e de produ\u00e7\u00e3o de conhecimento articulando redes de conversa\u00e7\u00e3o que incluem pr\u00e1ticas de cuidado e chamam a dimens\u00e3o da integralidade. Est\u00e1 integrada \u00e0s perspectivas da Educa\u00e7\u00e3o Popular, Equidade e Sa\u00fade e apresenta-se como inova\u00e7\u00e3o enquanto processo cooperativo de pesquisa e renova\u00e7\u00e3o dos padr\u00f5es de defesa de trabalhos no \u00e2mbito acad\u00eamico.<\/p>\t\t\t\t\t\t<\/div>\n\t\t\t\t<\/div>\n\t\t\t\t\t<\/div>\n\t\t<\/div>\n\t\t\t\t\t\t\t<\/div>\n\t\t<\/section>\n\t\t\t\t<section class=\"elementor-section elementor-top-section elementor-element elementor-element-e821657 elementor-section-boxed elementor-section-height-default elementor-section-height-default\" data-id=\"e821657\" data-element_type=\"section\">\n\t\t\t\t\t\t<div class=\"elementor-container elementor-column-gap-default\">\n\t\t\t\t\t<div class=\"elementor-column elementor-col-100 elementor-top-column elementor-element elementor-element-edcce7d\" data-id=\"edcce7d\" data-element_type=\"column\">\n\t\t\t<div class=\"elementor-widget-wrap elementor-element-populated\">\n\t\t\t\t\t\t\t\t<div class=\"elementor-element elementor-element-c920a99 elementor-align-center elementor-widget elementor-widget-button\" data-id=\"c920a99\" data-element_type=\"widget\" data-widget_type=\"button.default\">\n\t\t\t\t<div class=\"elementor-widget-container\">\n\t\t\t\t\t<div class=\"elementor-button-wrapper\">\n\t\t\t<a href=\"http:\/\/edpopsaude.com.br\/materiais\/Livro-Dialogismo-e-Arte-na-Gest%c3%a3o-em-Sa%c3%bade.pdf\" target=\"_blank\" class=\"elementor-button-link elementor-button elementor-size-sm\" role=\"button\">\n\t\t\t\t\t\t<span class=\"elementor-button-content-wrapper\">\n\t\t\t\t\t\t\t<span class=\"elementor-button-icon elementor-align-icon-left\">\n\t\t\t\t<i aria-hidden=\"true\" class=\"far fa-arrow-alt-circle-down\"><\/i>\t\t\t<\/span>\n\t\t\t\t\t\t<span class=\"elementor-button-text\">Baixar o livro em PDF<\/span>\n\t\t<\/span>\n\t\t\t\t\t<\/a>\n\t\t<\/div>\n\t\t\t\t<\/div>\n\t\t\t\t<\/div>\n\t\t\t\t\t<\/div>\n\t\t<\/div>\n\t\t\t\t\t\t\t<\/div>\n\t\t<\/section>\n\t\t\t\t<section class=\"elementor-section elementor-top-section elementor-element elementor-element-c46d8b2 elementor-section-boxed elementor-section-height-default elementor-section-height-default\" data-id=\"c46d8b2\" data-element_type=\"section\">\n\t\t\t\t\t\t<div class=\"elementor-container elementor-column-gap-default\">\n\t\t\t\t\t<div class=\"elementor-column elementor-col-100 elementor-top-column elementor-element elementor-element-f547b69\" data-id=\"f547b69\" data-element_type=\"column\">\n\t\t\t<div class=\"elementor-widget-wrap elementor-element-populated\">\n\t\t\t\t\t\t\t\t<div class=\"elementor-element elementor-element-25c55a2 elementor-widget-divider--view-line elementor-widget elementor-widget-divider\" data-id=\"25c55a2\" data-element_type=\"widget\" data-widget_type=\"divider.default\">\n\t\t\t\t<div class=\"elementor-widget-container\">\n\t\t\t\t\t<div class=\"elementor-divider\">\n\t\t\t<span class=\"elementor-divider-separator\">\n\t\t\t\t\t\t<\/span>\n\t\t<\/div>\n\t\t\t\t<\/div>\n\t\t\t\t<\/div>\n\t\t\t\t\t<\/div>\n\t\t<\/div>\n\t\t\t\t\t\t\t<\/div>\n\t\t<\/section>\n\t\t\t\t<section class=\"elementor-section elementor-top-section elementor-element elementor-element-5478b58 elementor-section-boxed elementor-section-height-default elementor-section-height-default\" data-id=\"5478b58\" data-element_type=\"section\">\n\t\t\t\t\t\t<div class=\"elementor-container elementor-column-gap-default\">\n\t\t\t\t\t<div class=\"elementor-column elementor-col-50 elementor-top-column elementor-element elementor-element-a33fb15\" data-id=\"a33fb15\" data-element_type=\"column\">\n\t\t\t<div class=\"elementor-widget-wrap elementor-element-populated\">\n\t\t\t\t\t\t\t\t<div class=\"elementor-element elementor-element-6af0f40 elementor-widget elementor-widget-text-editor\" data-id=\"6af0f40\" data-element_type=\"widget\" data-widget_type=\"text-editor.default\">\n\t\t\t\t<div class=\"elementor-widget-container\">\n\t\t\t\t\t\t\t<p>Esta obra integra a S\u00e9rie Educa\u00e7\u00e3o Popular &amp; Sa\u00fade, publicada pela Editora Rede Unida.<\/p><p>Organizadores: Vera L\u00facia de Azevedo Dantas<br \/>ISBN: 978-65-87180-02-1<br \/>DOI: 10.18310\/9786587180021<\/p>\t\t\t\t\t\t<\/div>\n\t\t\t\t<\/div>\n\t\t\t\t\t<\/div>\n\t\t<\/div>\n\t\t\t\t<div class=\"elementor-column elementor-col-50 elementor-top-column elementor-element elementor-element-ce8095f\" data-id=\"ce8095f\" data-element_type=\"column\">\n\t\t\t<div class=\"elementor-widget-wrap elementor-element-populated\">\n\t\t\t\t\t\t\t\t<div class=\"elementor-element elementor-element-7d057cb elementor-widget elementor-widget-text-editor\" data-id=\"7d057cb\" data-element_type=\"widget\" data-widget_type=\"text-editor.default\">\n\t\t\t\t<div class=\"elementor-widget-container\">\n\t\t\t\t\t\t\t<p>Acesse a cole\u00e7\u00e3o no site da Editora Rede Unida<\/p>\t\t\t\t\t\t<\/div>\n\t\t\t\t<\/div>\n\t\t\t\t<div class=\"elementor-element elementor-element-e3206fc elementor-widget elementor-widget-image\" data-id=\"e3206fc\" data-element_type=\"widget\" data-widget_type=\"image.default\">\n\t\t\t\t<div class=\"elementor-widget-container\">\n\t\t\t\t\t\t\t\t\t\t\t\t\t\t\t\t<a href=\"https:\/\/editora.redeunida.org.br\/project\/dialogismo-e-arte-na-gestao-em-saude-a-perspectiva-popular-nas-cirandas-da-vida\/\">\n\t\t\t\t\t\t\t<img decoding=\"async\" width=\"218\" height=\"77\" src=\"https:\/\/edpopsaude.com.br\/site\/wp-content\/uploads\/2021\/06\/logo-editora-rede-unida.jpg\" class=\"attachment-large size-large wp-image-116\" alt=\"\" loading=\"lazy\" sizes=\"(max-width: 34.9rem) calc(100vw - 2rem), (max-width: 53rem) calc(8 * (100vw \/ 12)), (min-width: 53rem) calc(6 * (100vw \/ 12)), 100vw\" \/>\t\t\t\t\t\t\t\t<\/a>\n\t\t\t\t\t\t\t\t\t\t\t\t\t\t\t<\/div>\n\t\t\t\t<\/div>\n\t\t\t\t\t<\/div>\n\t\t<\/div>\n\t\t\t\t\t\t\t<\/div>\n\t\t<\/section>\n\t\t\t\t<section class=\"elementor-section elementor-top-section elementor-element elementor-element-faf5517 elementor-section-boxed elementor-section-height-default elementor-section-height-default\" data-id=\"faf5517\" data-element_type=\"section\">\n\t\t\t\t\t\t<div class=\"elementor-container elementor-column-gap-default\">\n\t\t\t\t\t<div class=\"elementor-column elementor-col-100 elementor-top-column elementor-element elementor-element-9d65482\" data-id=\"9d65482\" data-element_type=\"column\">\n\t\t\t<div class=\"elementor-widget-wrap elementor-element-populated\">\n\t\t\t\t\t\t\t\t<div class=\"elementor-element elementor-element-ceb7595 elementor-widget elementor-widget-spacer\" data-id=\"ceb7595\" data-element_type=\"widget\" data-widget_type=\"spacer.default\">\n\t\t\t\t<div class=\"elementor-widget-container\">\n\t\t\t\t\t<div class=\"elementor-spacer\">\n\t\t\t<div class=\"elementor-spacer-inner\"><\/div>\n\t\t<\/div>\n\t\t\t\t<\/div>\n\t\t\t\t<\/div>\n\t\t\t\t\t<\/div>\n\t\t<\/div>\n\t\t\t\t\t\t\t<\/div>\n\t\t<\/section>\n\t\t\t\t\t\t\t<\/div>\n\t\t","protected":false},"excerpt":{"rendered":"<p>DIALOGISMO E ARTE NA GEST\u00c3O EM SA\u00daDE: a perspectiva popular nas Cirandas da Vida DIALOGISMO E ARTE NA GEST\u00c3O EM SA\u00daDE: a perspectiva popular nas Cirandas da Vida \u00e9 o resultado de uma pesquisa a\u00e7\u00e3o nomeada como Ciranda de Aprendizagem e Pesquisa, cuja abordagem multirreferencial, envolveu atores e atrizes populares \u2013 os (as)cirandeiros (as) \u2013 &hellip; <\/p>\n<p class=\"link-more\"><a href=\"https:\/\/edpopsaude.com.br\/site\/livro-dialogismo-e-arte-na-gestao-em-saude\/\" class=\"more-link\">Continue lendo<span class=\"screen-reader-text\"> &#8220;DIALOGISMO E ARTE NA GEST\u00c3O EM SA\u00daDE: a perspectiva popular nas Cirandas da Vida&#8221;<\/span><\/a><\/p>\n","protected":false},"author":1,"featured_media":0,"parent":0,"menu_order":0,"comment_status":"closed","ping_status":"closed","template":"elementor_canvas","meta":[],"_links":{"self":[{"href":"https:\/\/edpopsaude.com.br\/site\/wp-json\/wp\/v2\/pages\/114"}],"collection":[{"href":"https:\/\/edpopsaude.com.br\/site\/wp-json\/wp\/v2\/pages"}],"about":[{"href":"https:\/\/edpopsaude.com.br\/site\/wp-json\/wp\/v2\/types\/page"}],"author":[{"embeddable":true,"href":"https:\/\/edpopsaude.com.br\/site\/wp-json\/wp\/v2\/users\/1"}],"replies":[{"embeddable":true,"href":"https:\/\/edpopsaude.com.br\/site\/wp-json\/wp\/v2\/comments?post=114"}],"version-history":[{"count":16,"href":"https:\/\/edpopsaude.com.br\/site\/wp-json\/wp\/v2\/pages\/114\/revisions"}],"predecessor-version":[{"id":179,"href":"https:\/\/edpopsaude.com.br\/site\/wp-json\/wp\/v2\/pages\/114\/revisions\/179"}],"wp:attachment":[{"href":"https:\/\/edpopsaude.com.br\/site\/wp-json\/wp\/v2\/media?parent=114"}],"curies":[{"name":"wp","href":"https:\/\/api.w.org\/{rel}","templated":true}]}}