{"id":126,"date":"2021-06-29T15:54:16","date_gmt":"2021-06-29T18:54:16","guid":{"rendered":"https:\/\/edpopsaude.com.br\/site\/?page_id=126"},"modified":"2021-06-29T17:24:35","modified_gmt":"2021-06-29T20:24:35","slug":"livro-educacao-e-saude-uso-de-plantas-medicinais-na-cultura-kaingang","status":"publish","type":"page","link":"https:\/\/edpopsaude.com.br\/site\/livro-educacao-e-saude-uso-de-plantas-medicinais-na-cultura-kaingang\/","title":{"rendered":"EDUCA\u00c7\u00c3O POPULAR E SA\u00daDE: o cuidado em sa\u00fade com o uso de plantas medicinais na cultura ind\u00edgena Kaingang"},"content":{"rendered":"\t\t<div data-elementor-type=\"wp-page\" data-elementor-id=\"126\" class=\"elementor elementor-126\">\n\t\t\t\t\t\t\t\t\t<section class=\"elementor-section elementor-top-section elementor-element elementor-element-8bd8271 elementor-section-boxed elementor-section-height-default elementor-section-height-default\" data-id=\"8bd8271\" data-element_type=\"section\">\n\t\t\t\t\t\t<div class=\"elementor-container elementor-column-gap-default\">\n\t\t\t\t\t<div class=\"elementor-column elementor-col-100 elementor-top-column elementor-element elementor-element-c3cc2ef\" data-id=\"c3cc2ef\" data-element_type=\"column\">\n\t\t\t<div class=\"elementor-widget-wrap elementor-element-populated\">\n\t\t\t\t\t\t\t\t<div class=\"elementor-element elementor-element-4935420 elementor-widget elementor-widget-spacer\" data-id=\"4935420\" data-element_type=\"widget\" data-widget_type=\"spacer.default\">\n\t\t\t\t<div class=\"elementor-widget-container\">\n\t\t\t\t\t<div class=\"elementor-spacer\">\n\t\t\t<div class=\"elementor-spacer-inner\"><\/div>\n\t\t<\/div>\n\t\t\t\t<\/div>\n\t\t\t\t<\/div>\n\t\t\t\t\t<\/div>\n\t\t<\/div>\n\t\t\t\t\t\t\t<\/div>\n\t\t<\/section>\n\t\t\t\t<section class=\"elementor-section elementor-top-section elementor-element elementor-element-f2d3f8f elementor-section-boxed elementor-section-height-default elementor-section-height-default\" data-id=\"f2d3f8f\" data-element_type=\"section\">\n\t\t\t\t\t\t<div class=\"elementor-container elementor-column-gap-default\">\n\t\t\t\t\t<div class=\"elementor-column elementor-col-100 elementor-top-column elementor-element elementor-element-495a29e\" data-id=\"495a29e\" data-element_type=\"column\">\n\t\t\t<div class=\"elementor-widget-wrap elementor-element-populated\">\n\t\t\t\t\t\t\t\t<div class=\"elementor-element elementor-element-ecb6a6a elementor-widget elementor-widget-heading\" data-id=\"ecb6a6a\" data-element_type=\"widget\" data-widget_type=\"heading.default\">\n\t\t\t\t<div class=\"elementor-widget-container\">\n\t\t\t<h3 class=\"elementor-heading-title elementor-size-default\">EDUCA\u00c7\u00c3O POPULAR E SA\u00daDE:\no cuidado em sa\u00fade com o uso de plantas medicinais na cultura ind\u00edgena Kaingang<\/h3>\t\t<\/div>\n\t\t\t\t<\/div>\n\t\t\t\t\t<\/div>\n\t\t<\/div>\n\t\t\t\t\t\t\t<\/div>\n\t\t<\/section>\n\t\t\t\t<section class=\"elementor-section elementor-top-section elementor-element elementor-element-9e088c7 elementor-section-boxed elementor-section-height-default elementor-section-height-default\" data-id=\"9e088c7\" data-element_type=\"section\">\n\t\t\t\t\t\t<div class=\"elementor-container elementor-column-gap-default\">\n\t\t\t\t\t<div class=\"elementor-column elementor-col-50 elementor-top-column elementor-element elementor-element-8cdbd1f\" data-id=\"8cdbd1f\" data-element_type=\"column\">\n\t\t\t<div class=\"elementor-widget-wrap elementor-element-populated\">\n\t\t\t\t\t\t\t\t<div class=\"elementor-element elementor-element-20aa464 elementor-widget elementor-widget-image\" data-id=\"20aa464\" data-element_type=\"widget\" data-widget_type=\"image.default\">\n\t\t\t\t<div class=\"elementor-widget-container\">\n\t\t\t\t\t\t\t\t\t\t\t\t\t\t\t<img decoding=\"async\" width=\"506\" height=\"750\" src=\"https:\/\/edpopsaude.com.br\/site\/wp-content\/uploads\/2021\/06\/Livro-O-cuidado-e-plantas-medicinais-cultura-Kaigang.jpg\" class=\"attachment-large size-large wp-image-102\" alt=\"\" loading=\"lazy\" srcset=\"https:\/\/edpopsaude.com.br\/site\/wp-content\/uploads\/2021\/06\/Livro-O-cuidado-e-plantas-medicinais-cultura-Kaigang.jpg 506w, https:\/\/edpopsaude.com.br\/site\/wp-content\/uploads\/2021\/06\/Livro-O-cuidado-e-plantas-medicinais-cultura-Kaigang-202x300.jpg 202w\" sizes=\"(max-width: 34.9rem) calc(100vw - 2rem), (max-width: 53rem) calc(8 * (100vw \/ 12)), (min-width: 53rem) calc(6 * (100vw \/ 12)), 100vw\" \/>\t\t\t\t\t\t\t\t\t\t\t\t\t\t\t<\/div>\n\t\t\t\t<\/div>\n\t\t\t\t\t<\/div>\n\t\t<\/div>\n\t\t\t\t<div class=\"elementor-column elementor-col-50 elementor-top-column elementor-element elementor-element-881b0d3\" data-id=\"881b0d3\" data-element_type=\"column\">\n\t\t\t<div class=\"elementor-widget-wrap elementor-element-populated\">\n\t\t\t\t\t\t\t\t<div class=\"elementor-element elementor-element-f0b56c5 elementor-widget elementor-widget-text-editor\" data-id=\"f0b56c5\" data-element_type=\"widget\" data-widget_type=\"text-editor.default\">\n\t\t\t\t<div class=\"elementor-widget-container\">\n\t\t\t\t\t\t\t<p>Este livro se prop\u00f5e a resgatar a sabedoria do povo ind\u00edgena Kaingang na ess\u00eancia de suas pr\u00e1ticas, pelo conhecimento de uma complexidade t\u00e3o instigante, como s\u00e3o \u201cas plantas que curam\u201d. Nossa proposta \u00e9 contribuir para o fortalecimento desse conhecimento ainda presente junto \u00e0s comunidades ind\u00edgenas, apresentando um di\u00e1logo entre saber popular e cient\u00edfico, numa abordagem genu\u00edna sobre o uso das plantas medicinais pelos povos ind\u00edgenas da etnia Kaingang, acrescido de uma rica contextualiza\u00e7\u00e3o cient\u00edfica, mantendo, todavia, o cuidado de n\u00e3o se apropriar ou \u201ctomar\u201d para si o legado origin\u00e1rio.<\/p><p>Prop\u00f5e-se tamb\u00e9m a construir pontes com saberes milenares, passados de gera\u00e7\u00e3o em gera\u00e7\u00e3o, que outorgam autonomia e resist\u00eancia aos povos ind\u00edgenas, os quais, por fatores sociais e pol\u00edticos diversos, v\u00eaem cada dia mais sua exist\u00eancia amea\u00e7ada.<\/p><p>Compreende-se que essa sabedoria transcende at\u00e9 mesmo o plano cient\u00edfico, ampliando para uma compreens\u00e3o cosmol\u00f3gica, a qual, de forma sist\u00eamica, integra saber popular, cultura, religiosidades, mitos e conhecimento, contribuindo, sobretudo, para a constitui\u00e7\u00e3o de uma territorialidade, que ancestralmente produz uma cultura de resist\u00eancia junto aos povos ind\u00edgenas.<br \/><br \/>Enseja-se assim, uma singela contribui\u00e7\u00e3o a uma cultura que insiste em re-existir, numa rela\u00e7\u00e3o que pode tornar-se muito fecunda quando assume um di\u00e1logo emancipador, pr\u00e1xico e potencializador de ambos os saberes, com produ\u00e7\u00e3o de novas s\u00ednteses.<\/p>\t\t\t\t\t\t<\/div>\n\t\t\t\t<\/div>\n\t\t\t\t\t<\/div>\n\t\t<\/div>\n\t\t\t\t\t\t\t<\/div>\n\t\t<\/section>\n\t\t\t\t<section class=\"elementor-section elementor-top-section elementor-element elementor-element-6927133 elementor-section-boxed elementor-section-height-default elementor-section-height-default\" data-id=\"6927133\" data-element_type=\"section\">\n\t\t\t\t\t\t<div class=\"elementor-container elementor-column-gap-default\">\n\t\t\t\t\t<div class=\"elementor-column elementor-col-100 elementor-top-column elementor-element elementor-element-645dc19\" data-id=\"645dc19\" data-element_type=\"column\">\n\t\t\t<div class=\"elementor-widget-wrap elementor-element-populated\">\n\t\t\t\t\t\t\t\t<div class=\"elementor-element elementor-element-bf6d6b6 elementor-align-center elementor-widget elementor-widget-button\" data-id=\"bf6d6b6\" data-element_type=\"widget\" data-widget_type=\"button.default\">\n\t\t\t\t<div class=\"elementor-widget-container\">\n\t\t\t\t\t<div class=\"elementor-button-wrapper\">\n\t\t\t<a href=\"http:\/\/edpopsaude.com.br\/materiais\/Livro-O-cuidado-em-saude-uso-de-plantas-medicinais-cultura-Kaigang.pdf\" target=\"_blank\" class=\"elementor-button-link elementor-button elementor-size-sm\" role=\"button\">\n\t\t\t\t\t\t<span class=\"elementor-button-content-wrapper\">\n\t\t\t\t\t\t\t<span class=\"elementor-button-icon elementor-align-icon-left\">\n\t\t\t\t<i aria-hidden=\"true\" class=\"far fa-arrow-alt-circle-down\"><\/i>\t\t\t<\/span>\n\t\t\t\t\t\t<span class=\"elementor-button-text\">Baixar o livro em PDF<\/span>\n\t\t<\/span>\n\t\t\t\t\t<\/a>\n\t\t<\/div>\n\t\t\t\t<\/div>\n\t\t\t\t<\/div>\n\t\t\t\t\t<\/div>\n\t\t<\/div>\n\t\t\t\t\t\t\t<\/div>\n\t\t<\/section>\n\t\t\t\t<section class=\"elementor-section elementor-top-section elementor-element elementor-element-01edece elementor-section-boxed elementor-section-height-default elementor-section-height-default\" data-id=\"01edece\" data-element_type=\"section\">\n\t\t\t\t\t\t<div class=\"elementor-container elementor-column-gap-default\">\n\t\t\t\t\t<div class=\"elementor-column elementor-col-100 elementor-top-column elementor-element elementor-element-82e4f04\" data-id=\"82e4f04\" data-element_type=\"column\">\n\t\t\t<div class=\"elementor-widget-wrap elementor-element-populated\">\n\t\t\t\t\t\t\t\t<div class=\"elementor-element elementor-element-5f0489b elementor-widget-divider--view-line elementor-widget elementor-widget-divider\" data-id=\"5f0489b\" data-element_type=\"widget\" data-widget_type=\"divider.default\">\n\t\t\t\t<div class=\"elementor-widget-container\">\n\t\t\t\t\t<div class=\"elementor-divider\">\n\t\t\t<span class=\"elementor-divider-separator\">\n\t\t\t\t\t\t<\/span>\n\t\t<\/div>\n\t\t\t\t<\/div>\n\t\t\t\t<\/div>\n\t\t\t\t\t<\/div>\n\t\t<\/div>\n\t\t\t\t\t\t\t<\/div>\n\t\t<\/section>\n\t\t\t\t<section class=\"elementor-section elementor-top-section elementor-element elementor-element-8f01d5c elementor-section-boxed elementor-section-height-default elementor-section-height-default\" data-id=\"8f01d5c\" data-element_type=\"section\">\n\t\t\t\t\t\t<div class=\"elementor-container elementor-column-gap-default\">\n\t\t\t\t\t<div class=\"elementor-column elementor-col-50 elementor-top-column elementor-element elementor-element-67ecfd9\" data-id=\"67ecfd9\" data-element_type=\"column\">\n\t\t\t<div class=\"elementor-widget-wrap elementor-element-populated\">\n\t\t\t\t\t\t\t\t<div class=\"elementor-element elementor-element-ac4ea68 elementor-widget elementor-widget-text-editor\" data-id=\"ac4ea68\" data-element_type=\"widget\" data-widget_type=\"text-editor.default\">\n\t\t\t\t<div class=\"elementor-widget-container\">\n\t\t\t\t\t\t\t<p>Esta obra integra a S\u00e9rie Educa\u00e7\u00e3o Popular &amp; Sa\u00fade, publicada pela Editora Rede Unida.<\/p><p>Organizadores: Zuleide Maria Ign\u00e1cio, Solange Todero Von On\u00e7ay, Julie Rossato Fagundes, Amanda Gollo Bertollo e Daniel Cadete<br \/>ISBN: 978-65-87180-03-8<br \/>DOI: 10.18310\/9786587180038<\/p>\t\t\t\t\t\t<\/div>\n\t\t\t\t<\/div>\n\t\t\t\t\t<\/div>\n\t\t<\/div>\n\t\t\t\t<div class=\"elementor-column elementor-col-50 elementor-top-column elementor-element elementor-element-f8ccba6\" data-id=\"f8ccba6\" data-element_type=\"column\">\n\t\t\t<div class=\"elementor-widget-wrap elementor-element-populated\">\n\t\t\t\t\t\t\t\t<div class=\"elementor-element elementor-element-b75abbc elementor-widget elementor-widget-text-editor\" data-id=\"b75abbc\" data-element_type=\"widget\" data-widget_type=\"text-editor.default\">\n\t\t\t\t<div class=\"elementor-widget-container\">\n\t\t\t\t\t\t\t<p>Acesse a cole\u00e7\u00e3o no site da Editora Rede Unida<\/p>\t\t\t\t\t\t<\/div>\n\t\t\t\t<\/div>\n\t\t\t\t<div class=\"elementor-element elementor-element-caefe90 elementor-widget elementor-widget-image\" data-id=\"caefe90\" data-element_type=\"widget\" data-widget_type=\"image.default\">\n\t\t\t\t<div class=\"elementor-widget-container\">\n\t\t\t\t\t\t\t\t\t\t\t\t\t\t\t\t<a href=\"https:\/\/editora.redeunida.org.br\/project\/dialogismo-e-arte-na-gestao-em-saude-a-perspectiva-popular-nas-cirandas-da-vida\/\">\n\t\t\t\t\t\t\t<img decoding=\"async\" width=\"218\" height=\"77\" src=\"https:\/\/edpopsaude.com.br\/site\/wp-content\/uploads\/2021\/06\/logo-editora-rede-unida.jpg\" class=\"attachment-large size-large wp-image-116\" alt=\"\" loading=\"lazy\" sizes=\"(max-width: 34.9rem) calc(100vw - 2rem), (max-width: 53rem) calc(8 * (100vw \/ 12)), (min-width: 53rem) calc(6 * (100vw \/ 12)), 100vw\" \/>\t\t\t\t\t\t\t\t<\/a>\n\t\t\t\t\t\t\t\t\t\t\t\t\t\t\t<\/div>\n\t\t\t\t<\/div>\n\t\t\t\t\t<\/div>\n\t\t<\/div>\n\t\t\t\t\t\t\t<\/div>\n\t\t<\/section>\n\t\t\t\t<section class=\"elementor-section elementor-top-section elementor-element elementor-element-5b7c9a4 elementor-section-boxed elementor-section-height-default elementor-section-height-default\" data-id=\"5b7c9a4\" data-element_type=\"section\">\n\t\t\t\t\t\t<div class=\"elementor-container elementor-column-gap-default\">\n\t\t\t\t\t<div class=\"elementor-column elementor-col-100 elementor-top-column elementor-element elementor-element-6fcb37f\" data-id=\"6fcb37f\" data-element_type=\"column\">\n\t\t\t<div class=\"elementor-widget-wrap elementor-element-populated\">\n\t\t\t\t\t\t\t\t<div class=\"elementor-element elementor-element-9486d74 elementor-widget elementor-widget-spacer\" data-id=\"9486d74\" data-element_type=\"widget\" data-widget_type=\"spacer.default\">\n\t\t\t\t<div class=\"elementor-widget-container\">\n\t\t\t\t\t<div class=\"elementor-spacer\">\n\t\t\t<div class=\"elementor-spacer-inner\"><\/div>\n\t\t<\/div>\n\t\t\t\t<\/div>\n\t\t\t\t<\/div>\n\t\t\t\t\t<\/div>\n\t\t<\/div>\n\t\t\t\t\t\t\t<\/div>\n\t\t<\/section>\n\t\t\t\t\t\t\t<\/div>\n\t\t","protected":false},"excerpt":{"rendered":"<p>EDUCA\u00c7\u00c3O POPULAR E SA\u00daDE: o cuidado em sa\u00fade com o uso de plantas medicinais na cultura ind\u00edgena Kaingang Este livro se prop\u00f5e a resgatar a sabedoria do povo ind\u00edgena Kaingang na ess\u00eancia de suas pr\u00e1ticas, pelo conhecimento de uma complexidade t\u00e3o instigante, como s\u00e3o \u201cas plantas que curam\u201d. Nossa proposta \u00e9 contribuir para o fortalecimento &hellip; <\/p>\n<p class=\"link-more\"><a href=\"https:\/\/edpopsaude.com.br\/site\/livro-educacao-e-saude-uso-de-plantas-medicinais-na-cultura-kaingang\/\" class=\"more-link\">Continue lendo<span class=\"screen-reader-text\"> &#8220;EDUCA\u00c7\u00c3O POPULAR E SA\u00daDE: o cuidado em sa\u00fade com o uso de plantas medicinais na cultura ind\u00edgena Kaingang&#8221;<\/span><\/a><\/p>\n","protected":false},"author":1,"featured_media":0,"parent":0,"menu_order":0,"comment_status":"closed","ping_status":"closed","template":"elementor_canvas","meta":[],"_links":{"self":[{"href":"https:\/\/edpopsaude.com.br\/site\/wp-json\/wp\/v2\/pages\/126"}],"collection":[{"href":"https:\/\/edpopsaude.com.br\/site\/wp-json\/wp\/v2\/pages"}],"about":[{"href":"https:\/\/edpopsaude.com.br\/site\/wp-json\/wp\/v2\/types\/page"}],"author":[{"embeddable":true,"href":"https:\/\/edpopsaude.com.br\/site\/wp-json\/wp\/v2\/users\/1"}],"replies":[{"embeddable":true,"href":"https:\/\/edpopsaude.com.br\/site\/wp-json\/wp\/v2\/comments?post=126"}],"version-history":[{"count":9,"href":"https:\/\/edpopsaude.com.br\/site\/wp-json\/wp\/v2\/pages\/126\/revisions"}],"predecessor-version":[{"id":182,"href":"https:\/\/edpopsaude.com.br\/site\/wp-json\/wp\/v2\/pages\/126\/revisions\/182"}],"wp:attachment":[{"href":"https:\/\/edpopsaude.com.br\/site\/wp-json\/wp\/v2\/media?parent=126"}],"curies":[{"name":"wp","href":"https:\/\/api.w.org\/{rel}","templated":true}]}}