{"id":138,"date":"2021-06-29T16:17:14","date_gmt":"2021-06-29T19:17:14","guid":{"rendered":"https:\/\/edpopsaude.com.br\/site\/?page_id=138"},"modified":"2021-06-29T17:27:24","modified_gmt":"2021-06-29T20:27:24","slug":"livro-integralidade-e-equidade-cuidado-populacao-transexual","status":"publish","type":"page","link":"https:\/\/edpopsaude.com.br\/site\/livro-integralidade-e-equidade-cuidado-populacao-transexual\/","title":{"rendered":"INTEGRALIDADE E EQUIDADE NO CUIDADO \u00c0 POPULA\u00c7\u00c3O TRANSEXUAL: conceitos e orienta\u00e7\u00f5es b\u00e1sicas\u200b"},"content":{"rendered":"\t\t<div data-elementor-type=\"wp-page\" data-elementor-id=\"138\" class=\"elementor elementor-138\">\n\t\t\t\t\t\t\t\t\t<section class=\"elementor-section elementor-top-section elementor-element elementor-element-8eb10e4 elementor-section-boxed elementor-section-height-default elementor-section-height-default\" data-id=\"8eb10e4\" data-element_type=\"section\">\n\t\t\t\t\t\t<div class=\"elementor-container elementor-column-gap-default\">\n\t\t\t\t\t<div class=\"elementor-column elementor-col-100 elementor-top-column elementor-element elementor-element-a8faa0c\" data-id=\"a8faa0c\" data-element_type=\"column\">\n\t\t\t<div class=\"elementor-widget-wrap elementor-element-populated\">\n\t\t\t\t\t\t\t\t<div class=\"elementor-element elementor-element-b9cc074 elementor-widget elementor-widget-spacer\" data-id=\"b9cc074\" data-element_type=\"widget\" data-widget_type=\"spacer.default\">\n\t\t\t\t<div class=\"elementor-widget-container\">\n\t\t\t\t\t<div class=\"elementor-spacer\">\n\t\t\t<div class=\"elementor-spacer-inner\"><\/div>\n\t\t<\/div>\n\t\t\t\t<\/div>\n\t\t\t\t<\/div>\n\t\t\t\t\t<\/div>\n\t\t<\/div>\n\t\t\t\t\t\t\t<\/div>\n\t\t<\/section>\n\t\t\t\t<section class=\"elementor-section elementor-top-section elementor-element elementor-element-326cfa2 elementor-section-boxed elementor-section-height-default elementor-section-height-default\" data-id=\"326cfa2\" data-element_type=\"section\">\n\t\t\t\t\t\t<div class=\"elementor-container elementor-column-gap-default\">\n\t\t\t\t\t<div class=\"elementor-column elementor-col-100 elementor-top-column elementor-element elementor-element-280ded6\" data-id=\"280ded6\" data-element_type=\"column\">\n\t\t\t<div class=\"elementor-widget-wrap elementor-element-populated\">\n\t\t\t\t\t\t\t\t<div class=\"elementor-element elementor-element-f4fbfec elementor-widget elementor-widget-heading\" data-id=\"f4fbfec\" data-element_type=\"widget\" data-widget_type=\"heading.default\">\n\t\t\t\t<div class=\"elementor-widget-container\">\n\t\t\t<h3 class=\"elementor-heading-title elementor-size-default\">INTEGRALIDADE E EQUIDADE NO CUIDADO \u00c0 POPULA\u00c7\u00c3O TRANSEXUAL: \nconceitos e orienta\u00e7\u00f5es b\u00e1sicas<\/h3>\t\t<\/div>\n\t\t\t\t<\/div>\n\t\t\t\t\t<\/div>\n\t\t<\/div>\n\t\t\t\t\t\t\t<\/div>\n\t\t<\/section>\n\t\t\t\t<section class=\"elementor-section elementor-top-section elementor-element elementor-element-c0996b1 elementor-section-boxed elementor-section-height-default elementor-section-height-default\" data-id=\"c0996b1\" data-element_type=\"section\">\n\t\t\t\t\t\t<div class=\"elementor-container elementor-column-gap-default\">\n\t\t\t\t\t<div class=\"elementor-column elementor-col-50 elementor-top-column elementor-element elementor-element-6ff3feb\" data-id=\"6ff3feb\" data-element_type=\"column\">\n\t\t\t<div class=\"elementor-widget-wrap elementor-element-populated\">\n\t\t\t\t\t\t\t\t<div class=\"elementor-element elementor-element-777ab96 elementor-widget elementor-widget-image\" data-id=\"777ab96\" data-element_type=\"widget\" data-widget_type=\"image.default\">\n\t\t\t\t<div class=\"elementor-widget-container\">\n\t\t\t\t\t\t\t\t\t\t\t\t\t\t\t<img decoding=\"async\" width=\"506\" height=\"570\" src=\"https:\/\/edpopsaude.com.br\/site\/wp-content\/uploads\/2021\/06\/Livro_Integralidade-e-Equidade-Populacao-Transexual.jpg\" class=\"attachment-large size-large wp-image-159\" alt=\"\" loading=\"lazy\" srcset=\"https:\/\/edpopsaude.com.br\/site\/wp-content\/uploads\/2021\/06\/Livro_Integralidade-e-Equidade-Populacao-Transexual.jpg 506w, https:\/\/edpopsaude.com.br\/site\/wp-content\/uploads\/2021\/06\/Livro_Integralidade-e-Equidade-Populacao-Transexual-266x300.jpg 266w\" sizes=\"(max-width: 34.9rem) calc(100vw - 2rem), (max-width: 53rem) calc(8 * (100vw \/ 12)), (min-width: 53rem) calc(6 * (100vw \/ 12)), 100vw\" \/>\t\t\t\t\t\t\t\t\t\t\t\t\t\t\t<\/div>\n\t\t\t\t<\/div>\n\t\t\t\t\t<\/div>\n\t\t<\/div>\n\t\t\t\t<div class=\"elementor-column elementor-col-50 elementor-top-column elementor-element elementor-element-b2c3783\" data-id=\"b2c3783\" data-element_type=\"column\">\n\t\t\t<div class=\"elementor-widget-wrap elementor-element-populated\">\n\t\t\t\t\t\t\t\t<div class=\"elementor-element elementor-element-b0d60cd elementor-widget elementor-widget-text-editor\" data-id=\"b0d60cd\" data-element_type=\"widget\" data-widget_type=\"text-editor.default\">\n\t\t\t\t<div class=\"elementor-widget-container\">\n\t\t\t\t\t\t\t<p>Apresentamos \u201cIntegralidade e Equidade no Cuidado \u00e0 Popula\u00e7\u00e3o Transexual: conceitos e orienta\u00e7\u00f5es b\u00e1sicas\u201d como ferramenta de conhecimento para viabilizar o acesso \u00e0 aten\u00e7\u00e3o integral \u00e0 sa\u00fade da popula\u00e7\u00e3o LGBTQI, em especial a Transexual.<\/p><p>Resultado da implanta\u00e7\u00e3o do Centro de Refer\u00eancia para esta popula\u00e7\u00e3o em Passo Fundo e do trabalho que vem sendo realizado por equipes multiprofissionais este material apresenta os principais conceitos e orienta\u00e7\u00f5es b\u00e1sicas para compreender e promover a equidade no cuidado integral \u00e0 sa\u00fade dessas pessoas.<\/p><p>Integra a S\u00e9rie Educa\u00e7\u00e3o Popular &amp; Sa\u00fade e est\u00e1 vinculada ao Projeto \u201cEduca\u00e7\u00e3o Popular, Equidade e Sa\u00fade: Capacita\u00e7\u00e3o e Mobiliza\u00e7\u00e3o de Atores Sociais para o Fortalecimento do SUS\u201d da Universidade Federal da Fronteira Sul com apoio do Minist\u00e9rio da Sa\u00fade.<\/p>\t\t\t\t\t\t<\/div>\n\t\t\t\t<\/div>\n\t\t\t\t\t<\/div>\n\t\t<\/div>\n\t\t\t\t\t\t\t<\/div>\n\t\t<\/section>\n\t\t\t\t<section class=\"elementor-section elementor-top-section elementor-element elementor-element-30344d1 elementor-section-boxed elementor-section-height-default elementor-section-height-default\" data-id=\"30344d1\" data-element_type=\"section\">\n\t\t\t\t\t\t<div class=\"elementor-container elementor-column-gap-default\">\n\t\t\t\t\t<div class=\"elementor-column elementor-col-100 elementor-top-column elementor-element elementor-element-870a107\" data-id=\"870a107\" data-element_type=\"column\">\n\t\t\t<div class=\"elementor-widget-wrap elementor-element-populated\">\n\t\t\t\t\t\t\t\t<div class=\"elementor-element elementor-element-a73aa22 elementor-align-center elementor-widget elementor-widget-button\" data-id=\"a73aa22\" data-element_type=\"widget\" data-widget_type=\"button.default\">\n\t\t\t\t<div class=\"elementor-widget-container\">\n\t\t\t\t\t<div class=\"elementor-button-wrapper\">\n\t\t\t<a href=\"http:\/\/edpopsaude.com.br\/materiais\/Livro-Integralidade-e-Equidade-no-Cuidado-Popula%c3%a7%c3%a3o-Transexual.pdf\" target=\"_blank\" class=\"elementor-button-link elementor-button elementor-size-sm\" role=\"button\">\n\t\t\t\t\t\t<span class=\"elementor-button-content-wrapper\">\n\t\t\t\t\t\t\t<span class=\"elementor-button-icon elementor-align-icon-left\">\n\t\t\t\t<i aria-hidden=\"true\" class=\"far fa-arrow-alt-circle-down\"><\/i>\t\t\t<\/span>\n\t\t\t\t\t\t<span class=\"elementor-button-text\">Baixar o livro em PDF<\/span>\n\t\t<\/span>\n\t\t\t\t\t<\/a>\n\t\t<\/div>\n\t\t\t\t<\/div>\n\t\t\t\t<\/div>\n\t\t\t\t\t<\/div>\n\t\t<\/div>\n\t\t\t\t\t\t\t<\/div>\n\t\t<\/section>\n\t\t\t\t<section class=\"elementor-section elementor-top-section elementor-element elementor-element-bfc1347 elementor-section-boxed elementor-section-height-default elementor-section-height-default\" data-id=\"bfc1347\" data-element_type=\"section\">\n\t\t\t\t\t\t<div class=\"elementor-container elementor-column-gap-default\">\n\t\t\t\t\t<div class=\"elementor-column elementor-col-100 elementor-top-column elementor-element elementor-element-3490c28\" data-id=\"3490c28\" data-element_type=\"column\">\n\t\t\t<div class=\"elementor-widget-wrap elementor-element-populated\">\n\t\t\t\t\t\t\t\t<div class=\"elementor-element elementor-element-8a12a64 elementor-widget-divider--view-line elementor-widget elementor-widget-divider\" data-id=\"8a12a64\" data-element_type=\"widget\" data-widget_type=\"divider.default\">\n\t\t\t\t<div class=\"elementor-widget-container\">\n\t\t\t\t\t<div class=\"elementor-divider\">\n\t\t\t<span class=\"elementor-divider-separator\">\n\t\t\t\t\t\t<\/span>\n\t\t<\/div>\n\t\t\t\t<\/div>\n\t\t\t\t<\/div>\n\t\t\t\t\t<\/div>\n\t\t<\/div>\n\t\t\t\t\t\t\t<\/div>\n\t\t<\/section>\n\t\t\t\t<section class=\"elementor-section elementor-top-section elementor-element elementor-element-9125023 elementor-section-boxed elementor-section-height-default elementor-section-height-default\" data-id=\"9125023\" data-element_type=\"section\">\n\t\t\t\t\t\t<div class=\"elementor-container elementor-column-gap-default\">\n\t\t\t\t\t<div class=\"elementor-column elementor-col-50 elementor-top-column elementor-element elementor-element-b8fb4e5\" data-id=\"b8fb4e5\" data-element_type=\"column\">\n\t\t\t<div class=\"elementor-widget-wrap elementor-element-populated\">\n\t\t\t\t\t\t\t\t<div class=\"elementor-element elementor-element-d5fbfdf elementor-widget elementor-widget-text-editor\" data-id=\"d5fbfdf\" data-element_type=\"widget\" data-widget_type=\"text-editor.default\">\n\t\t\t\t<div class=\"elementor-widget-container\">\n\t\t\t\t\t\t\t<p>Esta obra integra a S\u00e9rie Educa\u00e7\u00e3o Popular &amp; Sa\u00fade, publicada pela Editora Rede Unida.<\/p><p>Organizadores: Bruna Chaves Lopes, Jo\u00e3o Pedro Langaro e Stefani Schmitt<br \/>ISBN: 978-65-87180-04-5<br \/>DOI: 10.18310\/978-65-87180-04-5<\/p>\t\t\t\t\t\t<\/div>\n\t\t\t\t<\/div>\n\t\t\t\t\t<\/div>\n\t\t<\/div>\n\t\t\t\t<div class=\"elementor-column elementor-col-50 elementor-top-column elementor-element elementor-element-a6e7f99\" data-id=\"a6e7f99\" data-element_type=\"column\">\n\t\t\t<div class=\"elementor-widget-wrap elementor-element-populated\">\n\t\t\t\t\t\t\t\t<div class=\"elementor-element elementor-element-e724a92 elementor-widget elementor-widget-text-editor\" data-id=\"e724a92\" data-element_type=\"widget\" data-widget_type=\"text-editor.default\">\n\t\t\t\t<div class=\"elementor-widget-container\">\n\t\t\t\t\t\t\t<p>Acesse a cole\u00e7\u00e3o no site da Editora Rede Unida<\/p>\t\t\t\t\t\t<\/div>\n\t\t\t\t<\/div>\n\t\t\t\t<div class=\"elementor-element elementor-element-2a16d4d elementor-widget elementor-widget-image\" data-id=\"2a16d4d\" data-element_type=\"widget\" data-widget_type=\"image.default\">\n\t\t\t\t<div class=\"elementor-widget-container\">\n\t\t\t\t\t\t\t\t\t\t\t\t\t\t\t\t<a href=\"https:\/\/editora.redeunida.org.br\/project\/integralidade-e-equidade-no-cuidado-a-populacao-transexual-conceitos-e-orientacoes-basicas\/\">\n\t\t\t\t\t\t\t<img decoding=\"async\" width=\"218\" height=\"77\" src=\"https:\/\/edpopsaude.com.br\/site\/wp-content\/uploads\/2021\/06\/logo-editora-rede-unida.jpg\" class=\"attachment-large size-large wp-image-116\" alt=\"\" loading=\"lazy\" sizes=\"(max-width: 34.9rem) calc(100vw - 2rem), (max-width: 53rem) calc(8 * (100vw \/ 12)), (min-width: 53rem) calc(6 * (100vw \/ 12)), 100vw\" \/>\t\t\t\t\t\t\t\t<\/a>\n\t\t\t\t\t\t\t\t\t\t\t\t\t\t\t<\/div>\n\t\t\t\t<\/div>\n\t\t\t\t\t<\/div>\n\t\t<\/div>\n\t\t\t\t\t\t\t<\/div>\n\t\t<\/section>\n\t\t\t\t<section class=\"elementor-section elementor-top-section elementor-element elementor-element-9436eab elementor-section-boxed elementor-section-height-default elementor-section-height-default\" data-id=\"9436eab\" data-element_type=\"section\">\n\t\t\t\t\t\t<div class=\"elementor-container elementor-column-gap-default\">\n\t\t\t\t\t<div class=\"elementor-column elementor-col-100 elementor-top-column elementor-element elementor-element-19a73d4\" data-id=\"19a73d4\" data-element_type=\"column\">\n\t\t\t<div class=\"elementor-widget-wrap elementor-element-populated\">\n\t\t\t\t\t\t\t\t<div class=\"elementor-element elementor-element-549697b elementor-widget elementor-widget-spacer\" data-id=\"549697b\" data-element_type=\"widget\" data-widget_type=\"spacer.default\">\n\t\t\t\t<div class=\"elementor-widget-container\">\n\t\t\t\t\t<div class=\"elementor-spacer\">\n\t\t\t<div class=\"elementor-spacer-inner\"><\/div>\n\t\t<\/div>\n\t\t\t\t<\/div>\n\t\t\t\t<\/div>\n\t\t\t\t\t<\/div>\n\t\t<\/div>\n\t\t\t\t\t\t\t<\/div>\n\t\t<\/section>\n\t\t\t\t\t\t\t<\/div>\n\t\t","protected":false},"excerpt":{"rendered":"<p>INTEGRALIDADE E EQUIDADE NO CUIDADO \u00c0 POPULA\u00c7\u00c3O TRANSEXUAL: conceitos e orienta\u00e7\u00f5es b\u00e1sicas Apresentamos \u201cIntegralidade e Equidade no Cuidado \u00e0 Popula\u00e7\u00e3o Transexual: conceitos e orienta\u00e7\u00f5es b\u00e1sicas\u201d como ferramenta de conhecimento para viabilizar o acesso \u00e0 aten\u00e7\u00e3o integral \u00e0 sa\u00fade da popula\u00e7\u00e3o LGBTQI, em especial a Transexual. Resultado da implanta\u00e7\u00e3o do Centro de Refer\u00eancia para esta popula\u00e7\u00e3o &hellip; <\/p>\n<p class=\"link-more\"><a href=\"https:\/\/edpopsaude.com.br\/site\/livro-integralidade-e-equidade-cuidado-populacao-transexual\/\" class=\"more-link\">Continue lendo<span class=\"screen-reader-text\"> &#8220;INTEGRALIDADE E EQUIDADE NO CUIDADO \u00c0 POPULA\u00c7\u00c3O TRANSEXUAL: conceitos e orienta\u00e7\u00f5es b\u00e1sicas\u200b&#8221;<\/span><\/a><\/p>\n","protected":false},"author":1,"featured_media":0,"parent":0,"menu_order":0,"comment_status":"closed","ping_status":"closed","template":"elementor_canvas","meta":[],"_links":{"self":[{"href":"https:\/\/edpopsaude.com.br\/site\/wp-json\/wp\/v2\/pages\/138"}],"collection":[{"href":"https:\/\/edpopsaude.com.br\/site\/wp-json\/wp\/v2\/pages"}],"about":[{"href":"https:\/\/edpopsaude.com.br\/site\/wp-json\/wp\/v2\/types\/page"}],"author":[{"embeddable":true,"href":"https:\/\/edpopsaude.com.br\/site\/wp-json\/wp\/v2\/users\/1"}],"replies":[{"embeddable":true,"href":"https:\/\/edpopsaude.com.br\/site\/wp-json\/wp\/v2\/comments?post=138"}],"version-history":[{"count":20,"href":"https:\/\/edpopsaude.com.br\/site\/wp-json\/wp\/v2\/pages\/138\/revisions"}],"predecessor-version":[{"id":186,"href":"https:\/\/edpopsaude.com.br\/site\/wp-json\/wp\/v2\/pages\/138\/revisions\/186"}],"wp:attachment":[{"href":"https:\/\/edpopsaude.com.br\/site\/wp-json\/wp\/v2\/media?parent=138"}],"curies":[{"name":"wp","href":"https:\/\/api.w.org\/{rel}","templated":true}]}}