{"id":390,"date":"2021-08-09T01:38:51","date_gmt":"2021-08-09T04:38:51","guid":{"rendered":"https:\/\/edpopsaude.com.br\/site\/?page_id=390"},"modified":"2021-08-09T01:51:54","modified_gmt":"2021-08-09T04:51:54","slug":"blog","status":"publish","type":"page","link":"https:\/\/edpopsaude.com.br\/site\/blog\/","title":{"rendered":"BLOG"},"content":{"rendered":"\t\t<div data-elementor-type=\"wp-page\" data-elementor-id=\"390\" class=\"elementor elementor-390\">\n\t\t\t\t\t\t\t\t\t<section class=\"elementor-section elementor-top-section elementor-element elementor-element-7624b4f elementor-section-full_width elementor-section-height-default elementor-section-height-default\" data-id=\"7624b4f\" data-element_type=\"section\" data-settings=\"{&quot;background_background&quot;:&quot;classic&quot;}\">\n\t\t\t\t\t\t<div class=\"elementor-container elementor-column-gap-default\">\n\t\t\t\t\t<div class=\"elementor-column elementor-col-100 elementor-top-column elementor-element elementor-element-e194f77\" data-id=\"e194f77\" data-element_type=\"column\">\n\t\t\t<div class=\"elementor-widget-wrap elementor-element-populated\">\n\t\t\t\t\t\t\t\t<div class=\"elementor-element elementor-element-2446c36 elementor-widget elementor-widget-heading\" data-id=\"2446c36\" data-element_type=\"widget\" data-widget_type=\"heading.default\">\n\t\t\t\t<div class=\"elementor-widget-container\">\n\t\t\t<h3 class=\"elementor-heading-title elementor-size-default\">BLOG, ARTIGOS E MATERIAL EDUCATIVO<\/h3>\t\t<\/div>\n\t\t\t\t<\/div>\n\t\t\t\t\t<\/div>\n\t\t<\/div>\n\t\t\t\t\t\t\t<\/div>\n\t\t<\/section>\n\t\t\t\t<section class=\"elementor-section elementor-top-section elementor-element elementor-element-98e362b elementor-section-boxed elementor-section-height-default elementor-section-height-default\" data-id=\"98e362b\" data-element_type=\"section\">\n\t\t\t\t\t\t<div class=\"elementor-container elementor-column-gap-default\">\n\t\t\t\t\t<div class=\"elementor-column elementor-col-100 elementor-top-column elementor-element elementor-element-cf8f46e\" data-id=\"cf8f46e\" data-element_type=\"column\">\n\t\t\t<div class=\"elementor-widget-wrap elementor-element-populated\">\n\t\t\t\t\t\t\t\t<div class=\"elementor-element elementor-element-6f949c7 elementor-grid-3 elementor-grid-tablet-2 elementor-grid-mobile-1 elementor-posts--thumbnail-top elementor-card-shadow-yes elementor-posts__hover-gradient elementor-widget elementor-widget-posts\" data-id=\"6f949c7\" data-element_type=\"widget\" data-settings=\"{&quot;pagination_type&quot;:&quot;numbers_and_prev_next&quot;,&quot;cards_columns&quot;:&quot;3&quot;,&quot;cards_columns_tablet&quot;:&quot;2&quot;,&quot;cards_columns_mobile&quot;:&quot;1&quot;,&quot;cards_row_gap&quot;:{&quot;unit&quot;:&quot;px&quot;,&quot;size&quot;:35,&quot;sizes&quot;:[]},&quot;cards_row_gap_tablet&quot;:{&quot;unit&quot;:&quot;px&quot;,&quot;size&quot;:&quot;&quot;,&quot;sizes&quot;:[]},&quot;cards_row_gap_mobile&quot;:{&quot;unit&quot;:&quot;px&quot;,&quot;size&quot;:&quot;&quot;,&quot;sizes&quot;:[]}}\" data-widget_type=\"posts.cards\">\n\t\t\t\t<div class=\"elementor-widget-container\">\n\t\t\t\t\t<div class=\"elementor-posts-container elementor-posts elementor-posts--skin-cards elementor-grid\">\n\t\t\t\t<article class=\"elementor-post elementor-grid-item post-620 post type-post status-publish format-standard has-post-thumbnail hentry category-cultura category-educacao category-saudepopular entry\">\n\t\t\t<div class=\"elementor-post__card\">\n\t\t\t\t<a class=\"elementor-post__thumbnail__link\" href=\"https:\/\/edpopsaude.com.br\/site\/video-produzido-pela-residencia-uffs-pf-e-municipio-de-marau-em-clipe-da-oms\/\" ><div class=\"elementor-post__thumbnail\"><img width=\"300\" height=\"159\" src=\"https:\/\/edpopsaude.com.br\/site\/wp-content\/uploads\/2023\/04\/050423-video-profissionais-OMS-300x159.jpg\" class=\"attachment-medium size-medium wp-image-609\" alt=\"\" decoding=\"async\" loading=\"lazy\" srcset=\"https:\/\/edpopsaude.com.br\/site\/wp-content\/uploads\/2023\/04\/050423-video-profissionais-OMS-300x159.jpg 300w, https:\/\/edpopsaude.com.br\/site\/wp-content\/uploads\/2023\/04\/050423-video-profissionais-OMS-768x408.jpg 768w, https:\/\/edpopsaude.com.br\/site\/wp-content\/uploads\/2023\/04\/050423-video-profissionais-OMS.jpg 1000w\" sizes=\"(max-width: 34.9rem) calc(100vw - 2rem), (max-width: 53rem) calc(8 * (100vw \/ 12)), (min-width: 53rem) calc(6 * (100vw \/ 12)), 100vw\" \/><\/div><\/a>\n\t\t\t\t<div class=\"elementor-post__badge\">Cultura<\/div>\n\t\t\t\t<div class=\"elementor-post__text\">\n\t\t\t\t<h3 class=\"elementor-post__title\">\n\t\t\t<a href=\"https:\/\/edpopsaude.com.br\/site\/video-produzido-pela-residencia-uffs-pf-e-municipio-de-marau-em-clipe-da-oms\/\" >\n\t\t\t\tV\u00eddeo produzido pelo Programa de Resid\u00eancia Multiprofissional em Sa\u00fade da UFFS\/PF com o munic\u00edpio de Marau foi inclu\u00eddo em clipe da Organiza\u00e7\u00e3o Mundial de Sa\u00fade\t\t\t<\/a>\n\t\t<\/h3>\n\t\t\t\t<div class=\"elementor-post__excerpt\">\n\t\t\t\t\t<\/div>\n\t\t\n\t\t<a class=\"elementor-post__read-more\" href=\"https:\/\/edpopsaude.com.br\/site\/video-produzido-pela-residencia-uffs-pf-e-municipio-de-marau-em-clipe-da-oms\/\" aria-label=\"Read more about V\u00eddeo produzido pelo Programa de Resid\u00eancia Multiprofissional em Sa\u00fade da UFFS\/PF com o munic\u00edpio de Marau foi inclu\u00eddo em clipe da Organiza\u00e7\u00e3o Mundial de Sa\u00fade\" >\n\t\t\tLer mais \u00bb\t\t<\/a>\n\n\t\t\t\t<\/div>\n\t\t\t\t\t<\/div>\n\t\t<\/article>\n\t\t\t\t<article class=\"elementor-post elementor-grid-item post-330 post type-post status-publish format-standard has-post-thumbnail hentry category-educacao category-saudepopular entry\">\n\t\t\t<div class=\"elementor-post__card\">\n\t\t\t\t<a class=\"elementor-post__thumbnail__link\" href=\"https:\/\/edpopsaude.com.br\/site\/educacao-promocao-de-saude-e-feiras-de-saude-nas-escolas-e-unidades-de-saude\/\" ><div class=\"elementor-post__thumbnail\"><img width=\"300\" height=\"200\" src=\"https:\/\/edpopsaude.com.br\/site\/wp-content\/uploads\/2021\/08\/030821-feiras-de-saude-Quilombola-06-300x200.jpg\" class=\"attachment-medium size-medium wp-image-377\" alt=\"\" decoding=\"async\" loading=\"lazy\" srcset=\"https:\/\/edpopsaude.com.br\/site\/wp-content\/uploads\/2021\/08\/030821-feiras-de-saude-Quilombola-06-300x200.jpg 300w, https:\/\/edpopsaude.com.br\/site\/wp-content\/uploads\/2021\/08\/030821-feiras-de-saude-Quilombola-06.jpg 650w\" sizes=\"(max-width: 34.9rem) calc(100vw - 2rem), (max-width: 53rem) calc(8 * (100vw \/ 12)), (min-width: 53rem) calc(6 * (100vw \/ 12)), 100vw\" \/><\/div><\/a>\n\t\t\t\t<div class=\"elementor-post__badge\">Educa\u00e7\u00e3o<\/div>\n\t\t\t\t<div class=\"elementor-post__text\">\n\t\t\t\t<h3 class=\"elementor-post__title\">\n\t\t\t<a href=\"https:\/\/edpopsaude.com.br\/site\/educacao-promocao-de-saude-e-feiras-de-saude-nas-escolas-e-unidades-de-saude\/\" >\n\t\t\t\tEduca\u00e7\u00e3o, Promo\u00e7\u00e3o de Sa\u00fade e Feiras de Sa\u00fade nas Escolas e Unidades de Sa\u00fade\t\t\t<\/a>\n\t\t<\/h3>\n\t\t\t\t<div class=\"elementor-post__excerpt\">\n\t\t\t<p>O Projeto teve uma importante inser\u00e7\u00e3o da sa\u00fade nas escolas, que assumiram o desafio de promover a\u00e7\u00f5es educativas em sa\u00fade<\/p>\n\t\t<\/div>\n\t\t\n\t\t<a class=\"elementor-post__read-more\" href=\"https:\/\/edpopsaude.com.br\/site\/educacao-promocao-de-saude-e-feiras-de-saude-nas-escolas-e-unidades-de-saude\/\" aria-label=\"Read more about Educa\u00e7\u00e3o, Promo\u00e7\u00e3o de Sa\u00fade e Feiras de Sa\u00fade nas Escolas e Unidades de Sa\u00fade\" >\n\t\t\tLer mais \u00bb\t\t<\/a>\n\n\t\t\t\t<\/div>\n\t\t\t\t\t<\/div>\n\t\t<\/article>\n\t\t\t\t<article class=\"elementor-post elementor-grid-item post-291 post type-post status-publish format-standard has-post-thumbnail hentry category-educacao category-saudepopular entry\">\n\t\t\t<div class=\"elementor-post__card\">\n\t\t\t\t<a class=\"elementor-post__thumbnail__link\" href=\"https:\/\/edpopsaude.com.br\/site\/o-perigo-das-aglomeracoes-para-a-disseminacao-da-covid-19-e-surgimento-de-novas-variantes\/\" ><div class=\"elementor-post__thumbnail\"><img width=\"300\" height=\"222\" src=\"https:\/\/edpopsaude.com.br\/site\/wp-content\/uploads\/2021\/08\/040821-perigo-aglomeracoes-Covid19-300x222.jpg\" class=\"attachment-medium size-medium wp-image-292\" alt=\"\" decoding=\"async\" loading=\"lazy\" srcset=\"https:\/\/edpopsaude.com.br\/site\/wp-content\/uploads\/2021\/08\/040821-perigo-aglomeracoes-Covid19-300x222.jpg 300w, https:\/\/edpopsaude.com.br\/site\/wp-content\/uploads\/2021\/08\/040821-perigo-aglomeracoes-Covid19-768x569.jpg 768w, https:\/\/edpopsaude.com.br\/site\/wp-content\/uploads\/2021\/08\/040821-perigo-aglomeracoes-Covid19.jpg 960w\" sizes=\"(max-width: 34.9rem) calc(100vw - 2rem), (max-width: 53rem) calc(8 * (100vw \/ 12)), (min-width: 53rem) calc(6 * (100vw \/ 12)), 100vw\" \/><\/div><\/a>\n\t\t\t\t<div class=\"elementor-post__badge\">Educa\u00e7\u00e3o<\/div>\n\t\t\t\t<div class=\"elementor-post__text\">\n\t\t\t\t<h3 class=\"elementor-post__title\">\n\t\t\t<a href=\"https:\/\/edpopsaude.com.br\/site\/o-perigo-das-aglomeracoes-para-a-disseminacao-da-covid-19-e-surgimento-de-novas-variantes\/\" >\n\t\t\t\tO perigo das aglomera\u00e7\u00f5es para a dissemina\u00e7\u00e3o da COVID-19 e surgimento de novas variantes\t\t\t<\/a>\n\t\t<\/h3>\n\t\t\t\t<div class=\"elementor-post__excerpt\">\n\t\t\t<p>Desconsiderar o perigo \u00e9, hoje, um dos maiores erros dos jovens e adolescentes. Pouco mais de um ano ap\u00f3s o<\/p>\n\t\t<\/div>\n\t\t\n\t\t<a class=\"elementor-post__read-more\" href=\"https:\/\/edpopsaude.com.br\/site\/o-perigo-das-aglomeracoes-para-a-disseminacao-da-covid-19-e-surgimento-de-novas-variantes\/\" aria-label=\"Read more about O perigo das aglomera\u00e7\u00f5es para a dissemina\u00e7\u00e3o da COVID-19 e surgimento de novas variantes\" >\n\t\t\tLer mais \u00bb\t\t<\/a>\n\n\t\t\t\t<\/div>\n\t\t\t\t\t<\/div>\n\t\t<\/article>\n\t\t\t\t<\/div>\n\t\t\n\t\t\t\t<\/div>\n\t\t\t\t<\/div>\n\t\t\t\t\t<\/div>\n\t\t<\/div>\n\t\t\t\t\t\t\t<\/div>\n\t\t<\/section>\n\t\t\t\t<section class=\"elementor-section elementor-top-section elementor-element elementor-element-726ee06 elementor-section-boxed elementor-section-height-default elementor-section-height-default\" data-id=\"726ee06\" data-element_type=\"section\">\n\t\t\t\t\t\t<div class=\"elementor-container elementor-column-gap-default\">\n\t\t\t\t\t<div class=\"elementor-column elementor-col-100 elementor-top-column elementor-element elementor-element-87e236a\" data-id=\"87e236a\" data-element_type=\"column\">\n\t\t\t<div class=\"elementor-widget-wrap elementor-element-populated\">\n\t\t\t\t\t\t\t\t<div class=\"elementor-element elementor-element-2964adb elementor-widget elementor-widget-spacer\" data-id=\"2964adb\" data-element_type=\"widget\" data-widget_type=\"spacer.default\">\n\t\t\t\t<div class=\"elementor-widget-container\">\n\t\t\t\t\t<div class=\"elementor-spacer\">\n\t\t\t<div class=\"elementor-spacer-inner\"><\/div>\n\t\t<\/div>\n\t\t\t\t<\/div>\n\t\t\t\t<\/div>\n\t\t\t\t\t<\/div>\n\t\t<\/div>\n\t\t\t\t\t\t\t<\/div>\n\t\t<\/section>\n\t\t\t\t<section class=\"elementor-section elementor-top-section elementor-element elementor-element-36056b8a elementor-section-boxed elementor-section-height-default elementor-section-height-default\" data-id=\"36056b8a\" data-element_type=\"section\" data-settings=\"{&quot;background_background&quot;:&quot;classic&quot;}\">\n\t\t\t\t\t\t<div class=\"elementor-container elementor-column-gap-no\">\n\t\t\t\t\t<div class=\"elementor-column elementor-col-100 elementor-top-column elementor-element elementor-element-1d662371\" data-id=\"1d662371\" data-element_type=\"column\">\n\t\t\t<div class=\"elementor-widget-wrap elementor-element-populated\">\n\t\t\t\t\t\t\t\t<div class=\"elementor-element elementor-element-5bdc5c53 elementor-widget elementor-widget-copyright\" data-id=\"5bdc5c53\" data-element_type=\"widget\" data-settings=\"{&quot;align&quot;:&quot;center&quot;}\" data-widget_type=\"copyright.default\">\n\t\t\t\t<div class=\"elementor-widget-container\">\n\t\t\t\t\t<div class=\"hfe-copyright-wrapper\">\n\t\t\t\t\t\t\t<span>Copyright \u00a9 2026 Educa\u00e7\u00e3o Popular e Sa\u00fade   |   Cria\u00e7\u00e3o MDA Comunica\u00e7\u00e3o Integrada<\/span>\n\t\t\t\t\t<\/div>\n\t\t\t\t<\/div>\n\t\t\t\t<\/div>\n\t\t\t\t<div class=\"elementor-element elementor-element-4ba7925f elementor-widget elementor-widget-text-editor\" data-id=\"4ba7925f\" data-element_type=\"widget\" data-widget_type=\"text-editor.default\">\n\t\t\t\t<div class=\"elementor-widget-container\">\n\t\t\t\t\t\t\t<p>Contato e informa\u00e7\u00f5es: contato@edpopsaude.com.br<\/p>\t\t\t\t\t\t<\/div>\n\t\t\t\t<\/div>\n\t\t\t\t\t<\/div>\n\t\t<\/div>\n\t\t\t\t\t\t\t<\/div>\n\t\t<\/section>\n\t\t\t\t\t\t\t<\/div>\n\t\t","protected":false},"excerpt":{"rendered":"<p>BLOG, ARTIGOS E MATERIAL EDUCATIVO Copyright \u00a9 | Cria\u00e7\u00e3o MDA Comunica\u00e7\u00e3o Integrada Contato e informa\u00e7\u00f5es: contato@edpopsaude.com.br<\/p>\n","protected":false},"author":1,"featured_media":0,"parent":0,"menu_order":0,"comment_status":"closed","ping_status":"closed","template":"elementor_canvas","meta":[],"_links":{"self":[{"href":"https:\/\/edpopsaude.com.br\/site\/wp-json\/wp\/v2\/pages\/390"}],"collection":[{"href":"https:\/\/edpopsaude.com.br\/site\/wp-json\/wp\/v2\/pages"}],"about":[{"href":"https:\/\/edpopsaude.com.br\/site\/wp-json\/wp\/v2\/types\/page"}],"author":[{"embeddable":true,"href":"https:\/\/edpopsaude.com.br\/site\/wp-json\/wp\/v2\/users\/1"}],"replies":[{"embeddable":true,"href":"https:\/\/edpopsaude.com.br\/site\/wp-json\/wp\/v2\/comments?post=390"}],"version-history":[{"count":7,"href":"https:\/\/edpopsaude.com.br\/site\/wp-json\/wp\/v2\/pages\/390\/revisions"}],"predecessor-version":[{"id":405,"href":"https:\/\/edpopsaude.com.br\/site\/wp-json\/wp\/v2\/pages\/390\/revisions\/405"}],"wp:attachment":[{"href":"https:\/\/edpopsaude.com.br\/site\/wp-json\/wp\/v2\/media?parent=390"}],"curies":[{"name":"wp","href":"https:\/\/api.w.org\/{rel}","templated":true}]}}