{"id":408,"date":"2022-06-30T23:10:59","date_gmt":"2022-07-01T02:10:59","guid":{"rendered":"https:\/\/edpopsaude.com.br\/site\/?page_id=408"},"modified":"2022-07-01T09:54:01","modified_gmt":"2022-07-01T12:54:01","slug":"projeto-arbocontrol","status":"publish","type":"page","link":"https:\/\/edpopsaude.com.br\/site\/projeto-arbocontrol\/","title":{"rendered":"Projeto ArboControl"},"content":{"rendered":"\t\t<div data-elementor-type=\"wp-page\" data-elementor-id=\"408\" class=\"elementor elementor-408\">\n\t\t\t\t\t\t\t\t\t<section class=\"elementor-section elementor-top-section elementor-element elementor-element-6732503 elementor-section-boxed elementor-section-height-default elementor-section-height-default\" data-id=\"6732503\" data-element_type=\"section\">\n\t\t\t\t\t\t<div class=\"elementor-container elementor-column-gap-default\">\n\t\t\t\t\t<div class=\"elementor-column elementor-col-100 elementor-top-column elementor-element elementor-element-5cb8a60\" data-id=\"5cb8a60\" data-element_type=\"column\">\n\t\t\t<div class=\"elementor-widget-wrap elementor-element-populated\">\n\t\t\t\t\t\t\t\t<div class=\"elementor-element elementor-element-540b8e8 elementor-widget elementor-widget-image\" data-id=\"540b8e8\" data-element_type=\"widget\" data-widget_type=\"image.default\">\n\t\t\t\t<div class=\"elementor-widget-container\">\n\t\t\t\t\t\t\t\t\t\t\t\t\t\t\t<img decoding=\"async\" width=\"414\" height=\"124\" src=\"https:\/\/edpopsaude.com.br\/site\/wp-content\/uploads\/2022\/06\/ArboControl-logo.jpg\" class=\"attachment-large size-large wp-image-411\" alt=\"\" loading=\"lazy\" srcset=\"https:\/\/edpopsaude.com.br\/site\/wp-content\/uploads\/2022\/06\/ArboControl-logo.jpg 414w, https:\/\/edpopsaude.com.br\/site\/wp-content\/uploads\/2022\/06\/ArboControl-logo-300x90.jpg 300w\" sizes=\"(max-width: 34.9rem) calc(100vw - 2rem), (max-width: 53rem) calc(8 * (100vw \/ 12)), (min-width: 53rem) calc(6 * (100vw \/ 12)), 100vw\" \/>\t\t\t\t\t\t\t\t\t\t\t\t\t\t\t<\/div>\n\t\t\t\t<\/div>\n\t\t\t\t\t<\/div>\n\t\t<\/div>\n\t\t\t\t\t\t\t<\/div>\n\t\t<\/section>\n\t\t\t\t<section class=\"elementor-section elementor-top-section elementor-element elementor-element-b9d4c6c elementor-section-boxed elementor-section-height-default elementor-section-height-default\" data-id=\"b9d4c6c\" data-element_type=\"section\">\n\t\t\t\t\t\t<div class=\"elementor-container elementor-column-gap-default\">\n\t\t\t\t\t<div class=\"elementor-column elementor-col-100 elementor-top-column elementor-element elementor-element-173871b\" data-id=\"173871b\" data-element_type=\"column\">\n\t\t\t<div class=\"elementor-widget-wrap elementor-element-populated\">\n\t\t\t\t\t\t\t\t<div class=\"elementor-element elementor-element-3a7e80c elementor-widget elementor-widget-heading\" data-id=\"3a7e80c\" data-element_type=\"widget\" data-widget_type=\"heading.default\">\n\t\t\t\t<div class=\"elementor-widget-container\">\n\t\t\t<h2 class=\"elementor-heading-title elementor-size-default\">Projeto ArboControl<\/h2>\t\t<\/div>\n\t\t\t\t<\/div>\n\t\t\t\t<div class=\"elementor-element elementor-element-da093af elementor-widget elementor-widget-text-editor\" data-id=\"da093af\" data-element_type=\"widget\" data-widget_type=\"text-editor.default\">\n\t\t\t\t<div class=\"elementor-widget-container\">\n\t\t\t\t\t\t\t<p>O arbov\u00edrus dengue, zika e chikungunya compartilham o mesmo inseto vetor: o mosquito Aedes aegypti \u2013 mol\u00e9culas do Brasil e do mundo para o controle, novas tecnologias em sa\u00fade e gest\u00e3o da informa\u00e7\u00e3o, educa\u00e7\u00e3o e comunica\u00e7\u00e3o; \u00e9 uma proposta de investiga\u00e7\u00e3o no \u00e2mbito da Faculdade de Ci\u00eancias da Sa\u00fade da Universidade de Bras\u00edlia (FS\/UnB) e do N\u00facleo de Estudos de Sa\u00fade P\u00fablica do Centro de Estudos Avan\u00e7ados Multidisciplinares (Nesp\/Ceam\/UnB). A UFFS \u00e9 parceira nesta iniciativa. Conhe\u00e7a algumas das atividades desenvolvidas dentro deste projeto.<\/p>\t\t\t\t\t\t<\/div>\n\t\t\t\t<\/div>\n\t\t\t\t\t<\/div>\n\t\t<\/div>\n\t\t\t\t\t\t\t<\/div>\n\t\t<\/section>\n\t\t\t\t<section class=\"elementor-section elementor-top-section elementor-element elementor-element-8d1f417 elementor-section-boxed elementor-section-height-default elementor-section-height-default\" data-id=\"8d1f417\" data-element_type=\"section\">\n\t\t\t\t\t\t<div class=\"elementor-container elementor-column-gap-default\">\n\t\t\t\t\t<div class=\"elementor-column elementor-col-100 elementor-top-column elementor-element elementor-element-2d2efc4\" data-id=\"2d2efc4\" data-element_type=\"column\">\n\t\t\t<div class=\"elementor-widget-wrap elementor-element-populated\">\n\t\t\t\t\t\t\t\t<div class=\"elementor-element elementor-element-443fae8 elementor-widget elementor-widget-text-editor\" data-id=\"443fae8\" data-element_type=\"widget\" data-widget_type=\"text-editor.default\">\n\t\t\t\t<div class=\"elementor-widget-container\">\n\t\t\t\t\t\t\t<p>Conhe\u00e7a algumas atividades realizadas pelas turmas da <br \/>Universidade Federal da Fronteira Sul, Campus Passo Fundo\/RS<\/p>\t\t\t\t\t\t<\/div>\n\t\t\t\t<\/div>\n\t\t\t\t\t<\/div>\n\t\t<\/div>\n\t\t\t\t\t\t\t<\/div>\n\t\t<\/section>\n\t\t\t\t<section class=\"elementor-section elementor-top-section elementor-element elementor-element-ca3211c elementor-section-boxed elementor-section-height-default elementor-section-height-default\" data-id=\"ca3211c\" data-element_type=\"section\">\n\t\t\t\t\t\t<div class=\"elementor-container elementor-column-gap-default\">\n\t\t\t\t\t<div class=\"elementor-column elementor-col-100 elementor-top-column elementor-element elementor-element-4050138\" data-id=\"4050138\" data-element_type=\"column\">\n\t\t\t<div class=\"elementor-widget-wrap elementor-element-populated\">\n\t\t\t\t\t\t\t\t<div class=\"elementor-element elementor-element-85c146b elementor-widget elementor-widget-text-editor\" data-id=\"85c146b\" data-element_type=\"widget\" data-widget_type=\"text-editor.default\">\n\t\t\t\t<div class=\"elementor-widget-container\">\n\t\t\t\t\t\t\t\t\t\t\t\t\t<\/div>\n\t\t\t\t<\/div>\n\t\t\t\t\t<\/div>\n\t\t<\/div>\n\t\t\t\t\t\t\t<\/div>\n\t\t<\/section>\n\t\t\t\t<section class=\"elementor-section elementor-top-section elementor-element elementor-element-0f7be5d elementor-section-boxed elementor-section-height-default elementor-section-height-default\" data-id=\"0f7be5d\" data-element_type=\"section\">\n\t\t\t\t\t\t<div class=\"elementor-container elementor-column-gap-default\">\n\t\t\t\t\t<div class=\"elementor-column elementor-col-25 elementor-top-column elementor-element elementor-element-aa8765a\" data-id=\"aa8765a\" data-element_type=\"column\">\n\t\t\t<div class=\"elementor-widget-wrap elementor-element-populated\">\n\t\t\t\t\t\t\t\t<div class=\"elementor-element elementor-element-1f0a1c8 elementor-widget elementor-widget-image\" data-id=\"1f0a1c8\" data-element_type=\"widget\" data-widget_type=\"image.default\">\n\t\t\t\t<div class=\"elementor-widget-container\">\n\t\t\t\t\t\t\t\t\t\t\t\t\t\t\t\t<a href=\"https:\/\/edpopsaude.com.br\/site\/video-explicativo-sobre-o-mosquito-aedes-aegypti\/\">\n\t\t\t\t\t\t\t<img decoding=\"async\" width=\"640\" height=\"359\" src=\"https:\/\/edpopsaude.com.br\/site\/wp-content\/uploads\/2022\/07\/101221-video-Aedes-Aegypti.jpg\" class=\"attachment-large size-large wp-image-572\" alt=\"\" loading=\"lazy\" srcset=\"https:\/\/edpopsaude.com.br\/site\/wp-content\/uploads\/2022\/07\/101221-video-Aedes-Aegypti.jpg 960w, https:\/\/edpopsaude.com.br\/site\/wp-content\/uploads\/2022\/07\/101221-video-Aedes-Aegypti-300x168.jpg 300w, https:\/\/edpopsaude.com.br\/site\/wp-content\/uploads\/2022\/07\/101221-video-Aedes-Aegypti-768x430.jpg 768w\" sizes=\"(max-width: 34.9rem) calc(100vw - 2rem), (max-width: 53rem) calc(8 * (100vw \/ 12)), (min-width: 53rem) calc(6 * (100vw \/ 12)), 100vw\" \/>\t\t\t\t\t\t\t\t<\/a>\n\t\t\t\t\t\t\t\t\t\t\t\t\t\t\t<\/div>\n\t\t\t\t<\/div>\n\t\t\t\t<div class=\"elementor-element elementor-element-b3d404c elementor-widget elementor-widget-text-editor\" data-id=\"b3d404c\" data-element_type=\"widget\" data-widget_type=\"text-editor.default\">\n\t\t\t\t<div class=\"elementor-widget-container\">\n\t\t\t\t\t\t\t<p><a href=\"https:\/\/edpopsaude.com.br\/site\/video-explicativo-sobre-o-mosquito-aedes-aegypti\/\">V\u00eddeo explicativo sobre o mosquito Aedes Aegypti<\/a><\/p>\t\t\t\t\t\t<\/div>\n\t\t\t\t<\/div>\n\t\t\t\t\t<\/div>\n\t\t<\/div>\n\t\t\t\t<div class=\"elementor-column elementor-col-25 elementor-top-column elementor-element elementor-element-9592445\" data-id=\"9592445\" data-element_type=\"column\">\n\t\t\t<div class=\"elementor-widget-wrap elementor-element-populated\">\n\t\t\t\t\t\t\t\t<div class=\"elementor-element elementor-element-4174d1a elementor-widget elementor-widget-image\" data-id=\"4174d1a\" data-element_type=\"widget\" data-widget_type=\"image.default\">\n\t\t\t\t<div class=\"elementor-widget-container\">\n\t\t\t\t\t\t\t\t\t\t\t\t\t\t\t\t<a href=\"https:\/\/edpopsaude.com.br\/site\/dina-e-chico-aedes-aegypti\/\">\n\t\t\t\t\t\t\t<img decoding=\"async\" width=\"412\" height=\"329\" src=\"https:\/\/edpopsaude.com.br\/site\/wp-content\/uploads\/2022\/07\/051122-Tirinha-Dina-e-Chico_1.jpeg\" class=\"attachment-large size-large wp-image-553\" alt=\"\" loading=\"lazy\" srcset=\"https:\/\/edpopsaude.com.br\/site\/wp-content\/uploads\/2022\/07\/051122-Tirinha-Dina-e-Chico_1.jpeg 412w, https:\/\/edpopsaude.com.br\/site\/wp-content\/uploads\/2022\/07\/051122-Tirinha-Dina-e-Chico_1-300x240.jpeg 300w\" sizes=\"(max-width: 34.9rem) calc(100vw - 2rem), (max-width: 53rem) calc(8 * (100vw \/ 12)), (min-width: 53rem) calc(6 * (100vw \/ 12)), 100vw\" \/>\t\t\t\t\t\t\t\t<\/a>\n\t\t\t\t\t\t\t\t\t\t\t\t\t\t\t<\/div>\n\t\t\t\t<\/div>\n\t\t\t\t<div class=\"elementor-element elementor-element-a97070f elementor-widget elementor-widget-text-editor\" data-id=\"a97070f\" data-element_type=\"widget\" data-widget_type=\"text-editor.default\">\n\t\t\t\t<div class=\"elementor-widget-container\">\n\t\t\t\t\t\t\t<p><a href=\"https:\/\/edpopsaude.com.br\/site\/dina-e-chico-aedes-aegypti\/\">Dina e Chico \u2013 Aedes Aegypti<\/a><\/p>\t\t\t\t\t\t<\/div>\n\t\t\t\t<\/div>\n\t\t\t\t\t<\/div>\n\t\t<\/div>\n\t\t\t\t<div class=\"elementor-column elementor-col-25 elementor-top-column elementor-element elementor-element-63658c4\" data-id=\"63658c4\" data-element_type=\"column\">\n\t\t\t<div class=\"elementor-widget-wrap elementor-element-populated\">\n\t\t\t\t\t\t\t\t<div class=\"elementor-element elementor-element-9e2d1c2 elementor-widget elementor-widget-image\" data-id=\"9e2d1c2\" data-element_type=\"widget\" data-widget_type=\"image.default\">\n\t\t\t\t<div class=\"elementor-widget-container\">\n\t\t\t\t\t\t\t\t\t\t\t\t\t\t\t\t<a href=\"https:\/\/edpopsaude.com.br\/site\/dengue-eu-nao-te-quero-aqui-2\/\">\n\t\t\t\t\t\t\t<img decoding=\"async\" width=\"640\" height=\"420\" src=\"https:\/\/edpopsaude.com.br\/site\/wp-content\/uploads\/2022\/07\/251121-ArboControl-Escola-29Outubro-Pontao-roda-conversa-06.jpg\" class=\"attachment-large size-large wp-image-482\" alt=\"\" loading=\"lazy\" srcset=\"https:\/\/edpopsaude.com.br\/site\/wp-content\/uploads\/2022\/07\/251121-ArboControl-Escola-29Outubro-Pontao-roda-conversa-06.jpg 960w, https:\/\/edpopsaude.com.br\/site\/wp-content\/uploads\/2022\/07\/251121-ArboControl-Escola-29Outubro-Pontao-roda-conversa-06-300x197.jpg 300w, https:\/\/edpopsaude.com.br\/site\/wp-content\/uploads\/2022\/07\/251121-ArboControl-Escola-29Outubro-Pontao-roda-conversa-06-768x504.jpg 768w\" sizes=\"(max-width: 34.9rem) calc(100vw - 2rem), (max-width: 53rem) calc(8 * (100vw \/ 12)), (min-width: 53rem) calc(6 * (100vw \/ 12)), 100vw\" \/>\t\t\t\t\t\t\t\t<\/a>\n\t\t\t\t\t\t\t\t\t\t\t\t\t\t\t<\/div>\n\t\t\t\t<\/div>\n\t\t\t\t<div class=\"elementor-element elementor-element-1fd67fc elementor-widget elementor-widget-text-editor\" data-id=\"1fd67fc\" data-element_type=\"widget\" data-widget_type=\"text-editor.default\">\n\t\t\t\t<div class=\"elementor-widget-container\">\n\t\t\t\t\t\t\t<p><a href=\"https:\/\/edpopsaude.com.br\/site\/dengue-eu-nao-te-quero-aqui-2\/\">Par\u00f3dia \u2013 Dengue eu n\u00e3o te quero Aqui<\/a><\/p>\t\t\t\t\t\t<\/div>\n\t\t\t\t<\/div>\n\t\t\t\t\t<\/div>\n\t\t<\/div>\n\t\t\t\t<div class=\"elementor-column elementor-col-25 elementor-top-column elementor-element elementor-element-bca3333\" data-id=\"bca3333\" data-element_type=\"column\">\n\t\t\t<div class=\"elementor-widget-wrap elementor-element-populated\">\n\t\t\t\t\t\t\t\t<div class=\"elementor-element elementor-element-863f4a0 elementor-widget elementor-widget-image\" data-id=\"863f4a0\" data-element_type=\"widget\" data-widget_type=\"image.default\">\n\t\t\t\t<div class=\"elementor-widget-container\">\n\t\t\t\t\t\t\t\t\t\t\t\t\t\t\t\t<a href=\"https:\/\/edpopsaude.com.br\/site\/ursinho-no-combate-ao-foco-do-mosquito-aedes-aegypti-2\/\">\n\t\t\t\t\t\t\t<img decoding=\"async\" width=\"640\" height=\"455\" src=\"https:\/\/edpopsaude.com.br\/site\/wp-content\/uploads\/2022\/07\/050522-Hospital-do-Ursinho-Mosquito-2.jpg\" class=\"attachment-large size-large wp-image-462\" alt=\"\" loading=\"lazy\" srcset=\"https:\/\/edpopsaude.com.br\/site\/wp-content\/uploads\/2022\/07\/050522-Hospital-do-Ursinho-Mosquito-2.jpg 960w, https:\/\/edpopsaude.com.br\/site\/wp-content\/uploads\/2022\/07\/050522-Hospital-do-Ursinho-Mosquito-2-300x213.jpg 300w, https:\/\/edpopsaude.com.br\/site\/wp-content\/uploads\/2022\/07\/050522-Hospital-do-Ursinho-Mosquito-2-768x546.jpg 768w\" sizes=\"(max-width: 34.9rem) calc(100vw - 2rem), (max-width: 53rem) calc(8 * (100vw \/ 12)), (min-width: 53rem) calc(6 * (100vw \/ 12)), 100vw\" \/>\t\t\t\t\t\t\t\t<\/a>\n\t\t\t\t\t\t\t\t\t\t\t\t\t\t\t<\/div>\n\t\t\t\t<\/div>\n\t\t\t\t<div class=\"elementor-element elementor-element-14eabe5 elementor-widget elementor-widget-text-editor\" data-id=\"14eabe5\" data-element_type=\"widget\" data-widget_type=\"text-editor.default\">\n\t\t\t\t<div class=\"elementor-widget-container\">\n\t\t\t\t\t\t\t<p><a href=\"https:\/\/edpopsaude.com.br\/site\/ursinho-no-combate-ao-foco-do-mosquito-aedes-aegypti-2\/\">Ursinho no combate ao Foco do mosquito Aedes Aegypti<\/a><\/p>\t\t\t\t\t\t<\/div>\n\t\t\t\t<\/div>\n\t\t\t\t\t<\/div>\n\t\t<\/div>\n\t\t\t\t\t\t\t<\/div>\n\t\t<\/section>\n\t\t\t\t<section class=\"elementor-section elementor-top-section elementor-element elementor-element-6a2a425 elementor-section-boxed elementor-section-height-default elementor-section-height-default\" data-id=\"6a2a425\" data-element_type=\"section\">\n\t\t\t\t\t\t<div class=\"elementor-container elementor-column-gap-default\">\n\t\t\t\t\t<div class=\"elementor-column elementor-col-25 elementor-top-column elementor-element elementor-element-31ad3b2\" data-id=\"31ad3b2\" data-element_type=\"column\">\n\t\t\t<div class=\"elementor-widget-wrap elementor-element-populated\">\n\t\t\t\t\t\t\t\t<div class=\"elementor-element elementor-element-5921611 elementor-widget elementor-widget-image\" data-id=\"5921611\" data-element_type=\"widget\" data-widget_type=\"image.default\">\n\t\t\t\t<div class=\"elementor-widget-container\">\n\t\t\t\t\t\t\t\t\t\t\t\t\t\t\t\t<a href=\"https:\/\/edpopsaude.com.br\/site\/atividades-educativas-na-escola-municipal-olavo-bilac-pontao-rs\/\">\n\t\t\t\t\t\t\t<img decoding=\"async\" width=\"300\" height=\"198\" src=\"https:\/\/edpopsaude.com.br\/site\/wp-content\/uploads\/2022\/07\/251121-ArboControl-Escola-OlavoBilac-Pontao-02-300x198.jpg\" class=\"attachment-medium size-medium wp-image-492\" alt=\"\" loading=\"lazy\" srcset=\"https:\/\/edpopsaude.com.br\/site\/wp-content\/uploads\/2022\/07\/251121-ArboControl-Escola-OlavoBilac-Pontao-02-300x198.jpg 300w, https:\/\/edpopsaude.com.br\/site\/wp-content\/uploads\/2022\/07\/251121-ArboControl-Escola-OlavoBilac-Pontao-02-768x508.jpg 768w, https:\/\/edpopsaude.com.br\/site\/wp-content\/uploads\/2022\/07\/251121-ArboControl-Escola-OlavoBilac-Pontao-02.jpg 960w\" sizes=\"(max-width: 34.9rem) calc(100vw - 2rem), (max-width: 53rem) calc(8 * (100vw \/ 12)), (min-width: 53rem) calc(6 * (100vw \/ 12)), 100vw\" \/>\t\t\t\t\t\t\t\t<\/a>\n\t\t\t\t\t\t\t\t\t\t\t\t\t\t\t<\/div>\n\t\t\t\t<\/div>\n\t\t\t\t<div class=\"elementor-element elementor-element-b7c7dfb elementor-widget elementor-widget-text-editor\" data-id=\"b7c7dfb\" data-element_type=\"widget\" data-widget_type=\"text-editor.default\">\n\t\t\t\t<div class=\"elementor-widget-container\">\n\t\t\t\t\t\t\t<p><a href=\"https:\/\/edpopsaude.com.br\/site\/atividades-educativas-na-escola-municipal-olavo-bilac-pontao-rs\/\">Atividades Educativas na Escola Municipal Olavo Bilac, Pont\u00e3o\/RS<\/a><\/p>\t\t\t\t\t\t<\/div>\n\t\t\t\t<\/div>\n\t\t\t\t\t<\/div>\n\t\t<\/div>\n\t\t\t\t<div class=\"elementor-column elementor-col-25 elementor-top-column elementor-element elementor-element-6e99cfb\" data-id=\"6e99cfb\" data-element_type=\"column\">\n\t\t\t<div class=\"elementor-widget-wrap elementor-element-populated\">\n\t\t\t\t\t\t\t\t<div class=\"elementor-element elementor-element-2f75b68 elementor-widget elementor-widget-image\" data-id=\"2f75b68\" data-element_type=\"widget\" data-widget_type=\"image.default\">\n\t\t\t\t<div class=\"elementor-widget-container\">\n\t\t\t\t\t\t\t\t\t\t\t\t\t\t\t\t<a href=\"https:\/\/edpopsaude.com.br\/site\/atividades-educativas-na-escola-estadual-joaquim-fagundes-dos-reis-passo-fundo-rs\/\">\n\t\t\t\t\t\t\t<img decoding=\"async\" width=\"300\" height=\"221\" src=\"https:\/\/edpopsaude.com.br\/site\/wp-content\/uploads\/2022\/06\/021221-ArboControl-Escola-FagReis-PF-04-300x221.jpg\" class=\"attachment-medium size-medium wp-image-425\" alt=\"\" loading=\"lazy\" srcset=\"https:\/\/edpopsaude.com.br\/site\/wp-content\/uploads\/2022\/06\/021221-ArboControl-Escola-FagReis-PF-04-300x221.jpg 300w, https:\/\/edpopsaude.com.br\/site\/wp-content\/uploads\/2022\/06\/021221-ArboControl-Escola-FagReis-PF-04-768x566.jpg 768w, https:\/\/edpopsaude.com.br\/site\/wp-content\/uploads\/2022\/06\/021221-ArboControl-Escola-FagReis-PF-04.jpg 960w\" sizes=\"(max-width: 34.9rem) calc(100vw - 2rem), (max-width: 53rem) calc(8 * (100vw \/ 12)), (min-width: 53rem) calc(6 * (100vw \/ 12)), 100vw\" \/>\t\t\t\t\t\t\t\t<\/a>\n\t\t\t\t\t\t\t\t\t\t\t\t\t\t\t<\/div>\n\t\t\t\t<\/div>\n\t\t\t\t<div class=\"elementor-element elementor-element-9de259b elementor-widget elementor-widget-text-editor\" data-id=\"9de259b\" data-element_type=\"widget\" data-widget_type=\"text-editor.default\">\n\t\t\t\t<div class=\"elementor-widget-container\">\n\t\t\t\t\t\t\t<p><a href=\"https:\/\/edpopsaude.com.br\/site\/atividades-educativas-na-escola-estadual-joaquim-fagundes-dos-reis-passo-fundo-rs\/\">Atividades Educativas na Escola Estadual Joaquim Fagundes dos Reis,\u00a0 em Passo Fundo\/RS<\/a><\/p>\t\t\t\t\t\t<\/div>\n\t\t\t\t<\/div>\n\t\t\t\t\t<\/div>\n\t\t<\/div>\n\t\t\t\t<div class=\"elementor-column elementor-col-25 elementor-top-column elementor-element elementor-element-be30de5\" data-id=\"be30de5\" data-element_type=\"column\">\n\t\t\t<div class=\"elementor-widget-wrap elementor-element-populated\">\n\t\t\t\t\t\t\t\t<div class=\"elementor-element elementor-element-9537464 elementor-widget elementor-widget-image\" data-id=\"9537464\" data-element_type=\"widget\" data-widget_type=\"image.default\">\n\t\t\t\t<div class=\"elementor-widget-container\">\n\t\t\t\t\t\t\t\t\t\t\t\t\t\t\t\t<a href=\"https:\/\/edpopsaude.com.br\/site\/atividades-educativas-na-escola-rural-29-de-outubro-assentamento-fazenda-anonni-pontao-rs\/\">\n\t\t\t\t\t\t\t<img decoding=\"async\" width=\"300\" height=\"167\" src=\"https:\/\/edpopsaude.com.br\/site\/wp-content\/uploads\/2022\/07\/251121-ArboControl-Escola-29Outubro-Pontao-oficina-03-300x167.jpg\" class=\"attachment-medium size-medium wp-image-476\" alt=\"\" loading=\"lazy\" srcset=\"https:\/\/edpopsaude.com.br\/site\/wp-content\/uploads\/2022\/07\/251121-ArboControl-Escola-29Outubro-Pontao-oficina-03-300x167.jpg 300w, https:\/\/edpopsaude.com.br\/site\/wp-content\/uploads\/2022\/07\/251121-ArboControl-Escola-29Outubro-Pontao-oficina-03-768x428.jpg 768w, https:\/\/edpopsaude.com.br\/site\/wp-content\/uploads\/2022\/07\/251121-ArboControl-Escola-29Outubro-Pontao-oficina-03.jpg 960w\" sizes=\"(max-width: 34.9rem) calc(100vw - 2rem), (max-width: 53rem) calc(8 * (100vw \/ 12)), (min-width: 53rem) calc(6 * (100vw \/ 12)), 100vw\" \/>\t\t\t\t\t\t\t\t<\/a>\n\t\t\t\t\t\t\t\t\t\t\t\t\t\t\t<\/div>\n\t\t\t\t<\/div>\n\t\t\t\t<div class=\"elementor-element elementor-element-6c43068 elementor-widget elementor-widget-text-editor\" data-id=\"6c43068\" data-element_type=\"widget\" data-widget_type=\"text-editor.default\">\n\t\t\t\t<div class=\"elementor-widget-container\">\n\t\t\t\t\t\t\t<p><a href=\"https:\/\/edpopsaude.com.br\/site\/atividades-educativas-na-escola-rural-29-de-outubro-assentamento-fazenda-anonni-pontao-rs\/\">Atividades Educativas na Escola Rural 29 de Outubro,<\/a><br \/>Assentamento Fazenda Anonni, Pont\u00e3o\/RS<\/p>\t\t\t\t\t\t<\/div>\n\t\t\t\t<\/div>\n\t\t\t\t\t<\/div>\n\t\t<\/div>\n\t\t\t\t<div class=\"elementor-column elementor-col-25 elementor-top-column elementor-element elementor-element-46171c8\" data-id=\"46171c8\" data-element_type=\"column\">\n\t\t\t<div class=\"elementor-widget-wrap\">\n\t\t\t\t\t\t\t\t\t<\/div>\n\t\t<\/div>\n\t\t\t\t\t\t\t<\/div>\n\t\t<\/section>\n\t\t\t\t<section class=\"elementor-section elementor-top-section elementor-element elementor-element-6c479c2 elementor-section-boxed elementor-section-height-default elementor-section-height-default\" data-id=\"6c479c2\" data-element_type=\"section\">\n\t\t\t\t\t\t<div class=\"elementor-container elementor-column-gap-default\">\n\t\t\t\t\t<div class=\"elementor-column elementor-col-100 elementor-top-column elementor-element elementor-element-0e0f145\" data-id=\"0e0f145\" data-element_type=\"column\">\n\t\t\t<div class=\"elementor-widget-wrap elementor-element-populated\">\n\t\t\t\t\t\t\t\t<div class=\"elementor-element elementor-element-4a5709a elementor-widget elementor-widget-spacer\" data-id=\"4a5709a\" data-element_type=\"widget\" data-widget_type=\"spacer.default\">\n\t\t\t\t<div class=\"elementor-widget-container\">\n\t\t\t\t\t<div class=\"elementor-spacer\">\n\t\t\t<div class=\"elementor-spacer-inner\"><\/div>\n\t\t<\/div>\n\t\t\t\t<\/div>\n\t\t\t\t<\/div>\n\t\t\t\t\t<\/div>\n\t\t<\/div>\n\t\t\t\t\t\t\t<\/div>\n\t\t<\/section>\n\t\t\t\t<section class=\"elementor-section elementor-top-section elementor-element elementor-element-94a316f elementor-section-boxed elementor-section-height-default elementor-section-height-default\" data-id=\"94a316f\" data-element_type=\"section\" data-settings=\"{&quot;background_background&quot;:&quot;classic&quot;}\">\n\t\t\t\t\t\t<div class=\"elementor-container elementor-column-gap-no\">\n\t\t\t\t\t<div class=\"elementor-column elementor-col-100 elementor-top-column elementor-element elementor-element-7497faa0\" data-id=\"7497faa0\" data-element_type=\"column\">\n\t\t\t<div class=\"elementor-widget-wrap elementor-element-populated\">\n\t\t\t\t\t\t\t\t<div class=\"elementor-element elementor-element-36dbab63 elementor-widget elementor-widget-copyright\" data-id=\"36dbab63\" data-element_type=\"widget\" data-settings=\"{&quot;align&quot;:&quot;center&quot;}\" data-widget_type=\"copyright.default\">\n\t\t\t\t<div class=\"elementor-widget-container\">\n\t\t\t\t\t<div class=\"hfe-copyright-wrapper\">\n\t\t\t\t\t\t\t<span>Copyright \u00a9 2026 Educa\u00e7\u00e3o Popular e Sa\u00fade   |   Cria\u00e7\u00e3o MDA Comunica\u00e7\u00e3o Integrada<\/span>\n\t\t\t\t\t<\/div>\n\t\t\t\t<\/div>\n\t\t\t\t<\/div>\n\t\t\t\t<div class=\"elementor-element elementor-element-4e01de8 elementor-widget elementor-widget-text-editor\" data-id=\"4e01de8\" data-element_type=\"widget\" data-widget_type=\"text-editor.default\">\n\t\t\t\t<div class=\"elementor-widget-container\">\n\t\t\t\t\t\t\t<p>Contato e informa\u00e7\u00f5es: contato@edpopsaude.com.br<\/p>\t\t\t\t\t\t<\/div>\n\t\t\t\t<\/div>\n\t\t\t\t\t<\/div>\n\t\t<\/div>\n\t\t\t\t\t\t\t<\/div>\n\t\t<\/section>\n\t\t\t\t\t\t\t<\/div>\n\t\t","protected":false},"excerpt":{"rendered":"<p>Projeto ArboControl O arbov\u00edrus dengue, zika e chikungunya compartilham o mesmo inseto vetor: o mosquito Aedes aegypti \u2013 mol\u00e9culas do Brasil e do mundo para o controle, novas tecnologias em sa\u00fade e gest\u00e3o da informa\u00e7\u00e3o, educa\u00e7\u00e3o e comunica\u00e7\u00e3o; \u00e9 uma proposta de investiga\u00e7\u00e3o no \u00e2mbito da Faculdade de Ci\u00eancias da Sa\u00fade da Universidade de Bras\u00edlia &hellip; <\/p>\n<p class=\"link-more\"><a href=\"https:\/\/edpopsaude.com.br\/site\/projeto-arbocontrol\/\" class=\"more-link\">Continue lendo<span class=\"screen-reader-text\"> &#8220;Projeto ArboControl&#8221;<\/span><\/a><\/p>\n","protected":false},"author":1,"featured_media":0,"parent":0,"menu_order":0,"comment_status":"closed","ping_status":"closed","template":"elementor_canvas","meta":[],"_links":{"self":[{"href":"https:\/\/edpopsaude.com.br\/site\/wp-json\/wp\/v2\/pages\/408"}],"collection":[{"href":"https:\/\/edpopsaude.com.br\/site\/wp-json\/wp\/v2\/pages"}],"about":[{"href":"https:\/\/edpopsaude.com.br\/site\/wp-json\/wp\/v2\/types\/page"}],"author":[{"embeddable":true,"href":"https:\/\/edpopsaude.com.br\/site\/wp-json\/wp\/v2\/users\/1"}],"replies":[{"embeddable":true,"href":"https:\/\/edpopsaude.com.br\/site\/wp-json\/wp\/v2\/comments?post=408"}],"version-history":[{"count":25,"href":"https:\/\/edpopsaude.com.br\/site\/wp-json\/wp\/v2\/pages\/408\/revisions"}],"predecessor-version":[{"id":591,"href":"https:\/\/edpopsaude.com.br\/site\/wp-json\/wp\/v2\/pages\/408\/revisions\/591"}],"wp:attachment":[{"href":"https:\/\/edpopsaude.com.br\/site\/wp-json\/wp\/v2\/media?parent=408"}],"curies":[{"name":"wp","href":"https:\/\/api.w.org\/{rel}","templated":true}]}}