{"id":473,"date":"2022-07-01T01:04:49","date_gmt":"2022-07-01T04:04:49","guid":{"rendered":"https:\/\/edpopsaude.com.br\/site\/?page_id=473"},"modified":"2022-07-01T09:23:27","modified_gmt":"2022-07-01T12:23:27","slug":"atividades-educativas-na-escola-rural-29-de-outubro-assentamento-fazenda-anonni-pontao-rs","status":"publish","type":"page","link":"https:\/\/edpopsaude.com.br\/site\/atividades-educativas-na-escola-rural-29-de-outubro-assentamento-fazenda-anonni-pontao-rs\/","title":{"rendered":"Atividades Educativas na Escola Rural 29 de Outubro, Assentamento Fazenda Anonni, Pont\u00e3o\/RS"},"content":{"rendered":"\t\t<div data-elementor-type=\"wp-page\" data-elementor-id=\"473\" class=\"elementor elementor-473\">\n\t\t\t\t\t\t\t\t\t<section class=\"elementor-section elementor-top-section elementor-element elementor-element-21e80c7f elementor-section-boxed elementor-section-height-default elementor-section-height-default\" data-id=\"21e80c7f\" data-element_type=\"section\">\n\t\t\t\t\t\t<div class=\"elementor-container elementor-column-gap-default\">\n\t\t\t\t\t<div class=\"elementor-column elementor-col-100 elementor-top-column elementor-element elementor-element-1b321efc\" data-id=\"1b321efc\" data-element_type=\"column\">\n\t\t\t<div class=\"elementor-widget-wrap elementor-element-populated\">\n\t\t\t\t\t\t\t\t<div class=\"elementor-element elementor-element-e29a4f6 elementor-widget elementor-widget-image\" data-id=\"e29a4f6\" data-element_type=\"widget\" data-widget_type=\"image.default\">\n\t\t\t\t<div class=\"elementor-widget-container\">\n\t\t\t\t\t\t\t\t\t\t\t\t\t\t\t<img decoding=\"async\" width=\"414\" height=\"124\" src=\"https:\/\/edpopsaude.com.br\/site\/wp-content\/uploads\/2022\/06\/ArboControl-logo-1.jpg\" class=\"attachment-large size-large wp-image-420\" alt=\"\" loading=\"lazy\" srcset=\"https:\/\/edpopsaude.com.br\/site\/wp-content\/uploads\/2022\/06\/ArboControl-logo-1.jpg 414w, https:\/\/edpopsaude.com.br\/site\/wp-content\/uploads\/2022\/06\/ArboControl-logo-1-300x90.jpg 300w\" sizes=\"(max-width: 34.9rem) calc(100vw - 2rem), (max-width: 53rem) calc(8 * (100vw \/ 12)), (min-width: 53rem) calc(6 * (100vw \/ 12)), 100vw\" \/>\t\t\t\t\t\t\t\t\t\t\t\t\t\t\t<\/div>\n\t\t\t\t<\/div>\n\t\t\t\t<div class=\"elementor-element elementor-element-14cdf85a elementor-widget elementor-widget-heading\" data-id=\"14cdf85a\" data-element_type=\"widget\" data-widget_type=\"heading.default\">\n\t\t\t\t<div class=\"elementor-widget-container\">\n\t\t\t<h2 class=\"elementor-heading-title elementor-size-default\">Projeto ArboControl  |  UFFS<\/h2>\t\t<\/div>\n\t\t\t\t<\/div>\n\t\t\t\t<div class=\"elementor-element elementor-element-410beb1a elementor-widget elementor-widget-text-editor\" data-id=\"410beb1a\" data-element_type=\"widget\" data-widget_type=\"text-editor.default\">\n\t\t\t\t<div class=\"elementor-widget-container\">\n\t\t\t\t\t\t\t<p>Atividades Educativas na Escola Rural 29 de Outubro, <br \/>Assentamento Fazenda Anonni, Pont\u00e3o\/RS<\/p>\t\t\t\t\t\t<\/div>\n\t\t\t\t<\/div>\n\t\t\t\t<div class=\"elementor-element elementor-element-67f5b4da elementor-widget elementor-widget-image\" data-id=\"67f5b4da\" data-element_type=\"widget\" data-widget_type=\"image.default\">\n\t\t\t\t<div class=\"elementor-widget-container\">\n\t\t\t\t\t\t\t\t\t\t\t\t\t\t\t<img decoding=\"async\" width=\"287\" height=\"151\" src=\"https:\/\/edpopsaude.com.br\/site\/wp-content\/uploads\/2022\/06\/Ecos-ArboControl-logo.png\" class=\"attachment-large size-large wp-image-429\" alt=\"\" loading=\"lazy\" sizes=\"(max-width: 34.9rem) calc(100vw - 2rem), (max-width: 53rem) calc(8 * (100vw \/ 12)), (min-width: 53rem) calc(6 * (100vw \/ 12)), 100vw\" \/>\t\t\t\t\t\t\t\t\t\t\t\t\t\t\t<\/div>\n\t\t\t\t<\/div>\n\t\t\t\t<div class=\"elementor-element elementor-element-260c60be elementor-widget elementor-widget-spacer\" data-id=\"260c60be\" data-element_type=\"widget\" data-widget_type=\"spacer.default\">\n\t\t\t\t<div class=\"elementor-widget-container\">\n\t\t\t\t\t<div class=\"elementor-spacer\">\n\t\t\t<div class=\"elementor-spacer-inner\"><\/div>\n\t\t<\/div>\n\t\t\t\t<\/div>\n\t\t\t\t<\/div>\n\t\t\t\t\t<\/div>\n\t\t<\/div>\n\t\t\t\t\t\t\t<\/div>\n\t\t<\/section>\n\t\t\t\t<section class=\"elementor-section elementor-top-section elementor-element elementor-element-c4b49de elementor-section-boxed elementor-section-height-default elementor-section-height-default\" data-id=\"c4b49de\" data-element_type=\"section\">\n\t\t\t\t\t\t<div class=\"elementor-container elementor-column-gap-default\">\n\t\t\t\t\t<div class=\"elementor-column elementor-col-100 elementor-top-column elementor-element elementor-element-824ce38\" data-id=\"824ce38\" data-element_type=\"column\">\n\t\t\t<div class=\"elementor-widget-wrap elementor-element-populated\">\n\t\t\t\t\t\t\t\t<div class=\"elementor-element elementor-element-554053f elementor-widget elementor-widget-gallery\" data-id=\"554053f\" data-element_type=\"widget\" data-settings=\"{&quot;columns&quot;:3,&quot;lazyload&quot;:&quot;yes&quot;,&quot;gallery_layout&quot;:&quot;grid&quot;,&quot;columns_tablet&quot;:2,&quot;columns_mobile&quot;:1,&quot;gap&quot;:{&quot;unit&quot;:&quot;px&quot;,&quot;size&quot;:10,&quot;sizes&quot;:[]},&quot;gap_tablet&quot;:{&quot;unit&quot;:&quot;px&quot;,&quot;size&quot;:10,&quot;sizes&quot;:[]},&quot;gap_mobile&quot;:{&quot;unit&quot;:&quot;px&quot;,&quot;size&quot;:10,&quot;sizes&quot;:[]},&quot;link_to&quot;:&quot;file&quot;,&quot;aspect_ratio&quot;:&quot;3:2&quot;,&quot;overlay_background&quot;:&quot;yes&quot;,&quot;content_hover_animation&quot;:&quot;fade-in&quot;}\" data-widget_type=\"gallery.default\">\n\t\t\t\t<div class=\"elementor-widget-container\">\n\t\t\t\t\t<div class=\"elementor-gallery__container\">\n\t\t\t\t\t\t\t<a class=\"e-gallery-item elementor-gallery-item elementor-animated-content\" href=\"https:\/\/edpopsaude.com.br\/site\/wp-content\/uploads\/2022\/07\/251121-ArboControl-Escola-29Outubro-Pontao-hospital-ursinho-01.jpg\" data-elementor-open-lightbox=\"yes\" data-elementor-lightbox-slideshow=\"all-554053f\" data-elementor-lightbox-title=\"251121-ArboControl-Escola-29Outubro-Pontao-hospital-ursinho-01\" data-e-action-hash=\"#elementor-action%3Aaction%3Dlightbox%26settings%3DeyJpZCI6NDc0LCJ1cmwiOiJodHRwczpcL1wvZWRwb3BzYXVkZS5jb20uYnJcL3NpdGVcL3dwLWNvbnRlbnRcL3VwbG9hZHNcLzIwMjJcLzA3XC8yNTExMjEtQXJib0NvbnRyb2wtRXNjb2xhLTI5T3V0dWJyby1Qb250YW8taG9zcGl0YWwtdXJzaW5oby0wMS5qcGciLCJzbGlkZXNob3ciOiJhbGwtNTU0MDUzZiJ9\">\n\t\t\t\t\t<div class=\"e-gallery-image elementor-gallery-item__image\" data-thumbnail=\"https:\/\/edpopsaude.com.br\/site\/wp-content\/uploads\/2022\/07\/251121-ArboControl-Escola-29Outubro-Pontao-hospital-ursinho-01-300x278.jpg\" data-width=\"300\" data-height=\"278\" aria-label=\"\" role=\"img\" ><\/div>\n\t\t\t\t\t\t\t\t\t\t\t<div class=\"elementor-gallery-item__overlay\"><\/div>\n\t\t\t\t\t\t\t\t\t\t\t\t\t\t<\/a>\n\t\t\t\t\t\t\t<a class=\"e-gallery-item elementor-gallery-item elementor-animated-content\" href=\"https:\/\/edpopsaude.com.br\/site\/wp-content\/uploads\/2022\/07\/251121-ArboControl-Escola-29Outubro-Pontao-oficina-03.jpg\" data-elementor-open-lightbox=\"yes\" data-elementor-lightbox-slideshow=\"all-554053f\" data-elementor-lightbox-title=\"251121-ArboControl-Escola-29Outubro-Pontao-oficina-03\" data-e-action-hash=\"#elementor-action%3Aaction%3Dlightbox%26settings%3DeyJpZCI6NDc2LCJ1cmwiOiJodHRwczpcL1wvZWRwb3BzYXVkZS5jb20uYnJcL3NpdGVcL3dwLWNvbnRlbnRcL3VwbG9hZHNcLzIwMjJcLzA3XC8yNTExMjEtQXJib0NvbnRyb2wtRXNjb2xhLTI5T3V0dWJyby1Qb250YW8tb2ZpY2luYS0wMy5qcGciLCJzbGlkZXNob3ciOiJhbGwtNTU0MDUzZiJ9\">\n\t\t\t\t\t<div class=\"e-gallery-image elementor-gallery-item__image\" data-thumbnail=\"https:\/\/edpopsaude.com.br\/site\/wp-content\/uploads\/2022\/07\/251121-ArboControl-Escola-29Outubro-Pontao-oficina-03-300x167.jpg\" data-width=\"300\" data-height=\"167\" aria-label=\"\" role=\"img\" ><\/div>\n\t\t\t\t\t\t\t\t\t\t\t<div class=\"elementor-gallery-item__overlay\"><\/div>\n\t\t\t\t\t\t\t\t\t\t\t\t\t\t<\/a>\n\t\t\t\t\t\t\t<a class=\"e-gallery-item elementor-gallery-item elementor-animated-content\" href=\"https:\/\/edpopsaude.com.br\/site\/wp-content\/uploads\/2022\/07\/251121-ArboControl-Escola-29Outubro-Pontao-oficina-04.jpg\" data-elementor-open-lightbox=\"yes\" data-elementor-lightbox-slideshow=\"all-554053f\" data-elementor-lightbox-title=\"251121-ArboControl-Escola-29Outubro-Pontao-oficina-04\" data-e-action-hash=\"#elementor-action%3Aaction%3Dlightbox%26settings%3DeyJpZCI6NDc4LCJ1cmwiOiJodHRwczpcL1wvZWRwb3BzYXVkZS5jb20uYnJcL3NpdGVcL3dwLWNvbnRlbnRcL3VwbG9hZHNcLzIwMjJcLzA3XC8yNTExMjEtQXJib0NvbnRyb2wtRXNjb2xhLTI5T3V0dWJyby1Qb250YW8tb2ZpY2luYS0wNC5qcGciLCJzbGlkZXNob3ciOiJhbGwtNTU0MDUzZiJ9\">\n\t\t\t\t\t<div class=\"e-gallery-image elementor-gallery-item__image\" data-thumbnail=\"https:\/\/edpopsaude.com.br\/site\/wp-content\/uploads\/2022\/07\/251121-ArboControl-Escola-29Outubro-Pontao-oficina-04-300x206.jpg\" data-width=\"300\" data-height=\"206\" aria-label=\"\" role=\"img\" ><\/div>\n\t\t\t\t\t\t\t\t\t\t\t<div class=\"elementor-gallery-item__overlay\"><\/div>\n\t\t\t\t\t\t\t\t\t\t\t\t\t\t<\/a>\n\t\t\t\t\t\t\t<a class=\"e-gallery-item elementor-gallery-item elementor-animated-content\" href=\"https:\/\/edpopsaude.com.br\/site\/wp-content\/uploads\/2022\/07\/251121-ArboControl-Escola-29Outubro-Pontao-oficina-05.jpg\" data-elementor-open-lightbox=\"yes\" data-elementor-lightbox-slideshow=\"all-554053f\" data-elementor-lightbox-title=\"251121-ArboControl-Escola-29Outubro-Pontao-oficina-05\" data-e-action-hash=\"#elementor-action%3Aaction%3Dlightbox%26settings%3DeyJpZCI6NDgwLCJ1cmwiOiJodHRwczpcL1wvZWRwb3BzYXVkZS5jb20uYnJcL3NpdGVcL3dwLWNvbnRlbnRcL3VwbG9hZHNcLzIwMjJcLzA3XC8yNTExMjEtQXJib0NvbnRyb2wtRXNjb2xhLTI5T3V0dWJyby1Qb250YW8tb2ZpY2luYS0wNS5qcGciLCJzbGlkZXNob3ciOiJhbGwtNTU0MDUzZiJ9\">\n\t\t\t\t\t<div class=\"e-gallery-image elementor-gallery-item__image\" data-thumbnail=\"https:\/\/edpopsaude.com.br\/site\/wp-content\/uploads\/2022\/07\/251121-ArboControl-Escola-29Outubro-Pontao-oficina-05-300x219.jpg\" data-width=\"300\" data-height=\"219\" aria-label=\"\" role=\"img\" ><\/div>\n\t\t\t\t\t\t\t\t\t\t\t<div class=\"elementor-gallery-item__overlay\"><\/div>\n\t\t\t\t\t\t\t\t\t\t\t\t\t\t<\/a>\n\t\t\t\t\t\t\t<a class=\"e-gallery-item elementor-gallery-item elementor-animated-content\" href=\"https:\/\/edpopsaude.com.br\/site\/wp-content\/uploads\/2022\/07\/251121-ArboControl-Escola-29Outubro-Pontao-roda-conversa-06.jpg\" data-elementor-open-lightbox=\"yes\" data-elementor-lightbox-slideshow=\"all-554053f\" data-elementor-lightbox-title=\"251121-ArboControl-Escola-29Outubro-Pontao-roda-conversa-06\" data-e-action-hash=\"#elementor-action%3Aaction%3Dlightbox%26settings%3DeyJpZCI6NDgyLCJ1cmwiOiJodHRwczpcL1wvZWRwb3BzYXVkZS5jb20uYnJcL3NpdGVcL3dwLWNvbnRlbnRcL3VwbG9hZHNcLzIwMjJcLzA3XC8yNTExMjEtQXJib0NvbnRyb2wtRXNjb2xhLTI5T3V0dWJyby1Qb250YW8tcm9kYS1jb252ZXJzYS0wNi5qcGciLCJzbGlkZXNob3ciOiJhbGwtNTU0MDUzZiJ9\">\n\t\t\t\t\t<div class=\"e-gallery-image elementor-gallery-item__image\" data-thumbnail=\"https:\/\/edpopsaude.com.br\/site\/wp-content\/uploads\/2022\/07\/251121-ArboControl-Escola-29Outubro-Pontao-roda-conversa-06-300x197.jpg\" data-width=\"300\" data-height=\"197\" aria-label=\"\" role=\"img\" ><\/div>\n\t\t\t\t\t\t\t\t\t\t\t<div class=\"elementor-gallery-item__overlay\"><\/div>\n\t\t\t\t\t\t\t\t\t\t\t\t\t\t<\/a>\n\t\t\t\t\t<\/div>\n\t\t\t<\/div>\n\t\t\t\t<\/div>\n\t\t\t\t\t<\/div>\n\t\t<\/div>\n\t\t\t\t\t\t\t<\/div>\n\t\t<\/section>\n\t\t\t\t<section class=\"elementor-section elementor-top-section elementor-element elementor-element-c31f6ce elementor-section-boxed elementor-section-height-default elementor-section-height-default\" data-id=\"c31f6ce\" data-element_type=\"section\">\n\t\t\t\t\t\t<div class=\"elementor-container elementor-column-gap-default\">\n\t\t\t\t\t<div class=\"elementor-column elementor-col-100 elementor-top-column elementor-element elementor-element-300db4c\" data-id=\"300db4c\" data-element_type=\"column\">\n\t\t\t<div class=\"elementor-widget-wrap elementor-element-populated\">\n\t\t\t\t\t\t\t\t<div class=\"elementor-element elementor-element-84ad0e2 elementor-widget elementor-widget-text-editor\" data-id=\"84ad0e2\" data-element_type=\"widget\" data-widget_type=\"text-editor.default\">\n\t\t\t\t<div class=\"elementor-widget-container\">\n\t\t\t\t\t\t\t<ol><li><strong>T\u00edtulo: <\/strong>Registro Fotogr\u00e1fico de Atividades Educativas em Escola p\u00fablica de Assentamento Rural Escola 29 de Outubro, Fazenda Anonni, Pont\u00e3o-RS<\/li><li><strong>Autor: <\/strong>Vanderl\u00e9ia Laodete Pulga e Mayara Gama<\/li><li><strong>Descri\u00e7\u00e3o: <\/strong>Atividade educativa inspirada na proposta do \u201cHospital do Ursinho\u201d onde se realiza uma simuna\u00e7\u00e3o de um espa\u00e7o de cuidado em sa\u00fade onde um ursinho passa a ser cuidado ap\u00f3s ter sido picado pelo mosquito Aedes aegypti, desenvolvendo dengue e a crian\u00e7a respons\u00e1vel pelo ursinho passa pelas diferentes esta\u00e7\u00f5es de cuidado seguindo os passos para o correto manejo das arboviroses no ambiente de sa\u00fade. Nesse sentido, a crian\u00e7a deveria levar o ursinho \u00e0s esta\u00e7\u00f5es, iniciando com acolhimento, anamnese, exame f\u00edsico, exames complementares, tratamento e finalizando com orienta\u00e7\u00f5es sobre as arboviroses. Dessa maneira, as crian\u00e7as aprenderam de forma l\u00fadica como \u00e9 realizado todo o tratamento de uma arbovirose e como se faz a preven\u00e7\u00e3o. A forma l\u00fadica de aprendizagem faz com que a crian\u00e7a compreenda e se engaje na preven\u00e7\u00e3o das arboviroses. Oficinas de Preven\u00e7\u00e3o \u00e0s arboviroses com adolescentes e Roda de Conversa com docentes da Escola.<\/li><li><strong>Assunto (Palavra chaves): <\/strong>Aedes Aegypti, educa\u00e7\u00e3o em sa\u00fade, preven\u00e7\u00e3o<\/li><li><strong>Fonte (Um recurso relacionado do qual o recurso descrito deriva): <\/strong>Universidade Federal da Fronteira Sul, Campus Passo Fundo-RS<\/li><li><strong>Editor: <\/strong>Arbocontrol e Universidade Federal da Fronteira Sul, Campus Passo Fundo &#8211; RS<\/li><li><strong>Colaborador: <\/strong>Universidade Federal da Fronteira Sul, Campus Passo Fundo &#8211; RS<\/li><li><strong>Direitos: <\/strong>Arbocontrol e Universidade Federal da Fronteira Sul, Campus Passo Fundo-RS<\/li><li><strong>Rela\u00e7\u00e3o (Um recurso relacionado \u2013 se for cole\u00e7\u00e3o): <\/strong>N\u00e3o se Aplica<\/li><li><strong>Formato: <\/strong>Arquivo digital de imagem<\/li><li><strong>Idioma: <\/strong>Portugu\u00eas<\/li><li><strong>Tipo: <\/strong>Registro Fotogr\u00e1fico<\/li><li><strong>Identificador: <\/strong>Atividades de Educa\u00e7\u00e3o em Sa\u00fade sobre Arboviroses em escolas<\/li><li><strong>Abrang\u00eancia: <\/strong>Geral<\/li><li><strong>Abstract: <\/strong>Atividades educativas de orienta\u00e7\u00e3o e preven\u00e7\u00e3o de arboviroses com crian\u00e7as, adolescentes e professores.<\/li><li><strong>Data da cria\u00e7\u00e3o: <\/strong>25 de Novembro de 2021<\/li><li><strong>Data da aceita\u00e7\u00e3o: <\/strong>N\u00e3o se Aplica<\/li><li><strong>Data do Copyright:<\/strong><\/li><li><strong>Date da publica\u00e7\u00e3o do recurso:<\/strong><\/li><li><strong>Data da valida\u00e7\u00e3o:<\/strong><\/li><li><strong>Licen\u00e7a: <\/strong>Livre distribui\u00e7\u00e3o desde que citada a fonte<\/li><li><strong>Formato: <\/strong>M\u00eddia Digital<\/li><\/ol>\t\t\t\t\t\t<\/div>\n\t\t\t\t<\/div>\n\t\t\t\t\t<\/div>\n\t\t<\/div>\n\t\t\t\t\t\t\t<\/div>\n\t\t<\/section>\n\t\t\t\t<section class=\"elementor-section elementor-top-section elementor-element elementor-element-639970d elementor-section-boxed elementor-section-height-default elementor-section-height-default\" data-id=\"639970d\" data-element_type=\"section\">\n\t\t\t\t\t\t<div class=\"elementor-container elementor-column-gap-default\">\n\t\t\t\t\t<div class=\"elementor-column elementor-col-100 elementor-top-column elementor-element elementor-element-a341844\" data-id=\"a341844\" data-element_type=\"column\">\n\t\t\t<div class=\"elementor-widget-wrap elementor-element-populated\">\n\t\t\t\t\t\t\t\t<div class=\"elementor-element elementor-element-7632673 elementor-widget elementor-widget-text-editor\" data-id=\"7632673\" data-element_type=\"widget\" data-widget_type=\"text-editor.default\">\n\t\t\t\t<div class=\"elementor-widget-container\">\n\t\t\t\t\t\t\t<p>Respons\u00e1vel pela descri\u00e7\u00e3o: Vanderl\u00e9ia Laodete Pulga<br \/>Lugar: Passo Fundo\/RS<br \/>Data: 31\/05\/2022<\/p>\t\t\t\t\t\t<\/div>\n\t\t\t\t<\/div>\n\t\t\t\t<div class=\"elementor-element elementor-element-0b273a2 elementor-widget elementor-widget-text-editor\" data-id=\"0b273a2\" data-element_type=\"widget\" data-widget_type=\"text-editor.default\">\n\t\t\t\t<div class=\"elementor-widget-container\">\n\t\t\t\t\t\t\t<p><strong>Refer\u00eancias: <\/strong><\/p><p>MARQUES, Jacia Veranilza de Lira.<strong>\u202fContribui\u00e7\u00f5es das atividades l\u00fadicas para o ensino e aprendizagem na educa\u00e7\u00e3o infantil<\/strong>. Trabalho de Conclus\u00e3o de Curso. Universidade Federal do Rio Grande do Norte, 2017.<\/p><p>ORGANIZA\u00c7\u00c3O MUNDIAL DA SA\u00daDE (OMS).<strong> Launch of the Global Arbovirus Initiative.<\/strong> 2022. Dispon\u00edvel em: &lt;<a href=\"https:\/\/www.who.int\/news-room\/events\/detail\/2022\/03\/31\/default-calendar\/global-arbovirus-initiative\">https:\/\/www.who.int\/news-room\/events\/detail\/2022\/03\/31\/default-calendar\/global-arbovirus-initiative<\/a>&gt;. Acesso em: 15 abr. 2022.<\/p><p>POLETTO, R. C. A ludicidade da crian\u00e7a e sua rela\u00e7\u00e3o com o contexto familiar. <strong>Rev. Psicologia em Estudo<\/strong>, v.10, n.1, p. 67\u201075, jan\/abr. 2005.<\/p><p>Arbocontrol na escolas: educa\u00e7\u00e3o, informa\u00e7\u00e3o e comunica\u00e7\u00e3o para o controle de vetor [livro eletr\u00f4nico] \/ organizadores Maria F\u00e1tima de Sousa, Jitone Le\u00f4nidas Soares, Ana Val\u00e9ria M. Mendon\u00e7a. 1. ed. Bras\u00edlia: UnB &#8211; Universidade de Bras\u00edlia, 2021.<\/p>\t\t\t\t\t\t<\/div>\n\t\t\t\t<\/div>\n\t\t\t\t<div class=\"elementor-element elementor-element-1bada27 elementor-widget elementor-widget-spacer\" data-id=\"1bada27\" data-element_type=\"widget\" data-widget_type=\"spacer.default\">\n\t\t\t\t<div class=\"elementor-widget-container\">\n\t\t\t\t\t<div class=\"elementor-spacer\">\n\t\t\t<div class=\"elementor-spacer-inner\"><\/div>\n\t\t<\/div>\n\t\t\t\t<\/div>\n\t\t\t\t<\/div>\n\t\t\t\t\t<\/div>\n\t\t<\/div>\n\t\t\t\t\t\t\t<\/div>\n\t\t<\/section>\n\t\t\t\t<section class=\"elementor-section elementor-top-section elementor-element elementor-element-7e985efe elementor-section-boxed elementor-section-height-default elementor-section-height-default\" data-id=\"7e985efe\" data-element_type=\"section\" data-settings=\"{&quot;background_background&quot;:&quot;classic&quot;}\">\n\t\t\t\t\t\t<div class=\"elementor-container elementor-column-gap-no\">\n\t\t\t\t\t<div class=\"elementor-column elementor-col-100 elementor-top-column elementor-element elementor-element-5493566f\" data-id=\"5493566f\" data-element_type=\"column\">\n\t\t\t<div class=\"elementor-widget-wrap elementor-element-populated\">\n\t\t\t\t\t\t\t\t<div class=\"elementor-element elementor-element-785ad3e9 elementor-widget elementor-widget-copyright\" data-id=\"785ad3e9\" data-element_type=\"widget\" data-settings=\"{&quot;align&quot;:&quot;center&quot;}\" data-widget_type=\"copyright.default\">\n\t\t\t\t<div class=\"elementor-widget-container\">\n\t\t\t\t\t<div class=\"hfe-copyright-wrapper\">\n\t\t\t\t\t\t\t<span>Copyright \u00a9 2026 Educa\u00e7\u00e3o Popular e Sa\u00fade   |   Cria\u00e7\u00e3o MDA Comunica\u00e7\u00e3o Integrada<\/span>\n\t\t\t\t\t<\/div>\n\t\t\t\t<\/div>\n\t\t\t\t<\/div>\n\t\t\t\t<div class=\"elementor-element elementor-element-20951ea4 elementor-widget elementor-widget-text-editor\" data-id=\"20951ea4\" data-element_type=\"widget\" data-widget_type=\"text-editor.default\">\n\t\t\t\t<div class=\"elementor-widget-container\">\n\t\t\t\t\t\t\t<p>Contato e informa\u00e7\u00f5es: contato@edpopsaude.com.br<\/p>\t\t\t\t\t\t<\/div>\n\t\t\t\t<\/div>\n\t\t\t\t\t<\/div>\n\t\t<\/div>\n\t\t\t\t\t\t\t<\/div>\n\t\t<\/section>\n\t\t\t\t\t\t\t<\/div>\n\t\t","protected":false},"excerpt":{"rendered":"<p>Projeto ArboControl | UFFS Atividades Educativas na Escola Rural 29 de Outubro, Assentamento Fazenda Anonni, Pont\u00e3o\/RS T\u00edtulo: Registro Fotogr\u00e1fico de Atividades Educativas em Escola p\u00fablica de Assentamento Rural Escola 29 de Outubro, Fazenda Anonni, Pont\u00e3o-RS Autor: Vanderl\u00e9ia Laodete Pulga e Mayara Gama Descri\u00e7\u00e3o: Atividade educativa inspirada na proposta do \u201cHospital do Ursinho\u201d onde se realiza &hellip; <\/p>\n<p class=\"link-more\"><a href=\"https:\/\/edpopsaude.com.br\/site\/atividades-educativas-na-escola-rural-29-de-outubro-assentamento-fazenda-anonni-pontao-rs\/\" class=\"more-link\">Continue lendo<span class=\"screen-reader-text\"> &#8220;Atividades Educativas na Escola Rural 29 de Outubro, Assentamento Fazenda Anonni, Pont\u00e3o\/RS&#8221;<\/span><\/a><\/p>\n","protected":false},"author":1,"featured_media":482,"parent":0,"menu_order":0,"comment_status":"closed","ping_status":"closed","template":"elementor_canvas","meta":[],"_links":{"self":[{"href":"https:\/\/edpopsaude.com.br\/site\/wp-json\/wp\/v2\/pages\/473"}],"collection":[{"href":"https:\/\/edpopsaude.com.br\/site\/wp-json\/wp\/v2\/pages"}],"about":[{"href":"https:\/\/edpopsaude.com.br\/site\/wp-json\/wp\/v2\/types\/page"}],"author":[{"embeddable":true,"href":"https:\/\/edpopsaude.com.br\/site\/wp-json\/wp\/v2\/users\/1"}],"replies":[{"embeddable":true,"href":"https:\/\/edpopsaude.com.br\/site\/wp-json\/wp\/v2\/comments?post=473"}],"version-history":[{"count":10,"href":"https:\/\/edpopsaude.com.br\/site\/wp-json\/wp\/v2\/pages\/473\/revisions"}],"predecessor-version":[{"id":567,"href":"https:\/\/edpopsaude.com.br\/site\/wp-json\/wp\/v2\/pages\/473\/revisions\/567"}],"wp:featuredmedia":[{"embeddable":true,"href":"https:\/\/edpopsaude.com.br\/site\/wp-json\/wp\/v2\/media\/482"}],"wp:attachment":[{"href":"https:\/\/edpopsaude.com.br\/site\/wp-json\/wp\/v2\/media?parent=473"}],"curies":[{"name":"wp","href":"https:\/\/api.w.org\/{rel}","templated":true}]}}