{"id":511,"date":"2022-07-01T01:42:24","date_gmt":"2022-07-01T04:42:24","guid":{"rendered":"https:\/\/edpopsaude.com.br\/site\/?page_id=511"},"modified":"2022-07-01T09:00:56","modified_gmt":"2022-07-01T12:00:56","slug":"dengue-eu-nao-te-quero-aqui-2","status":"publish","type":"page","link":"https:\/\/edpopsaude.com.br\/site\/dengue-eu-nao-te-quero-aqui-2\/","title":{"rendered":"Dengue eu n\u00e3o te quero Aqui"},"content":{"rendered":"\t\t<div data-elementor-type=\"wp-page\" data-elementor-id=\"511\" class=\"elementor elementor-511\">\n\t\t\t\t\t\t\t\t\t<section class=\"elementor-section elementor-top-section elementor-element elementor-element-4aa9315 elementor-section-boxed elementor-section-height-default elementor-section-height-default\" data-id=\"4aa9315\" data-element_type=\"section\">\n\t\t\t\t\t\t<div class=\"elementor-container elementor-column-gap-default\">\n\t\t\t\t\t<div class=\"elementor-column elementor-col-100 elementor-top-column elementor-element elementor-element-00c1527\" data-id=\"00c1527\" data-element_type=\"column\">\n\t\t\t<div class=\"elementor-widget-wrap elementor-element-populated\">\n\t\t\t\t\t\t\t\t<div class=\"elementor-element elementor-element-38c2ae2 elementor-widget elementor-widget-image\" data-id=\"38c2ae2\" data-element_type=\"widget\" data-widget_type=\"image.default\">\n\t\t\t\t<div class=\"elementor-widget-container\">\n\t\t\t\t\t\t\t\t\t\t\t\t\t\t\t<img decoding=\"async\" width=\"414\" height=\"124\" src=\"https:\/\/edpopsaude.com.br\/site\/wp-content\/uploads\/2022\/06\/ArboControl-logo-1.jpg\" class=\"attachment-large size-large wp-image-420\" alt=\"\" loading=\"lazy\" srcset=\"https:\/\/edpopsaude.com.br\/site\/wp-content\/uploads\/2022\/06\/ArboControl-logo-1.jpg 414w, https:\/\/edpopsaude.com.br\/site\/wp-content\/uploads\/2022\/06\/ArboControl-logo-1-300x90.jpg 300w\" sizes=\"(max-width: 34.9rem) calc(100vw - 2rem), (max-width: 53rem) calc(8 * (100vw \/ 12)), (min-width: 53rem) calc(6 * (100vw \/ 12)), 100vw\" \/>\t\t\t\t\t\t\t\t\t\t\t\t\t\t\t<\/div>\n\t\t\t\t<\/div>\n\t\t\t\t<div class=\"elementor-element elementor-element-2f8132e elementor-widget elementor-widget-heading\" data-id=\"2f8132e\" data-element_type=\"widget\" data-widget_type=\"heading.default\">\n\t\t\t\t<div class=\"elementor-widget-container\">\n\t\t\t<h2 class=\"elementor-heading-title elementor-size-default\">Projeto ArboControl  |  UFFS<\/h2>\t\t<\/div>\n\t\t\t\t<\/div>\n\t\t\t\t<div class=\"elementor-element elementor-element-d28d303 elementor-widget elementor-widget-text-editor\" data-id=\"d28d303\" data-element_type=\"widget\" data-widget_type=\"text-editor.default\">\n\t\t\t\t<div class=\"elementor-widget-container\">\n\t\t\t\t\t\t\t<p>Par\u00f3dia &#8211; Dengue eu n\u00e3o te quero Aqui<\/p>\t\t\t\t\t\t<\/div>\n\t\t\t\t<\/div>\n\t\t\t\t<div class=\"elementor-element elementor-element-31236ed elementor-widget elementor-widget-image\" data-id=\"31236ed\" data-element_type=\"widget\" data-widget_type=\"image.default\">\n\t\t\t\t<div class=\"elementor-widget-container\">\n\t\t\t\t\t\t\t\t\t\t\t\t\t\t\t<img decoding=\"async\" width=\"287\" height=\"151\" src=\"https:\/\/edpopsaude.com.br\/site\/wp-content\/uploads\/2022\/06\/Ecos-ArboControl-logo.png\" class=\"attachment-large size-large wp-image-429\" alt=\"\" loading=\"lazy\" sizes=\"(max-width: 34.9rem) calc(100vw - 2rem), (max-width: 53rem) calc(8 * (100vw \/ 12)), (min-width: 53rem) calc(6 * (100vw \/ 12)), 100vw\" \/>\t\t\t\t\t\t\t\t\t\t\t\t\t\t\t<\/div>\n\t\t\t\t<\/div>\n\t\t\t\t<div class=\"elementor-element elementor-element-8182d68 elementor-widget elementor-widget-spacer\" data-id=\"8182d68\" data-element_type=\"widget\" data-widget_type=\"spacer.default\">\n\t\t\t\t<div class=\"elementor-widget-container\">\n\t\t\t\t\t<div class=\"elementor-spacer\">\n\t\t\t<div class=\"elementor-spacer-inner\"><\/div>\n\t\t<\/div>\n\t\t\t\t<\/div>\n\t\t\t\t<\/div>\n\t\t\t\t\t<\/div>\n\t\t<\/div>\n\t\t\t\t\t\t\t<\/div>\n\t\t<\/section>\n\t\t\t\t<section class=\"elementor-section elementor-top-section elementor-element elementor-element-410688c elementor-section-boxed elementor-section-height-default elementor-section-height-default\" data-id=\"410688c\" data-element_type=\"section\">\n\t\t\t\t\t\t<div class=\"elementor-container elementor-column-gap-default\">\n\t\t\t\t\t<div class=\"elementor-column elementor-col-100 elementor-top-column elementor-element elementor-element-6c5478a\" data-id=\"6c5478a\" data-element_type=\"column\">\n\t\t\t<div class=\"elementor-widget-wrap elementor-element-populated\">\n\t\t\t\t\t\t\t\t<div class=\"elementor-element elementor-element-393faf8 elementor-widget elementor-widget-wp-widget-media_audio\" data-id=\"393faf8\" data-element_type=\"widget\" data-widget_type=\"wp-widget-media_audio.default\">\n\t\t\t\t<div class=\"elementor-widget-container\">\n\t\t\t<h5>Par\u00f3dia: Dengue eu n\u00e3o te quero Aqui<\/h5><!--[if lt IE 9]><script>document.createElement('audio');<\/script><![endif]-->\n<audio class=\"wp-audio-shortcode\" id=\"audio-511-1\" preload=\"none\" style=\"width: 100%;\" controls=\"controls\"><source type=\"audio\/mpeg\" src=\"https:\/\/edpopsaude.com.br\/site\/wp-content\/uploads\/2022\/07\/Dengueparodia-Vigilancia-Marau_RS.mp3?_=1\" \/><source type=\"audio\/mpeg\" src=\"https:\/\/edpopsaude.com.br\/site\/wp-content\/uploads\/2022\/07\/Dengueparodia-Vigilancia-Marau_RS.mp3?_=1\" \/><a href=\"https:\/\/edpopsaude.com.br\/site\/wp-content\/uploads\/2022\/07\/Dengueparodia-Vigilancia-Marau_RS.mp3\">https:\/\/edpopsaude.com.br\/site\/wp-content\/uploads\/2022\/07\/Dengueparodia-Vigilancia-Marau_RS.mp3<\/a><\/audio>\t\t<\/div>\n\t\t\t\t<\/div>\n\t\t\t\t<div class=\"elementor-element elementor-element-3001ad4 elementor-align-center elementor-widget elementor-widget-button\" data-id=\"3001ad4\" data-element_type=\"widget\" data-widget_type=\"button.default\">\n\t\t\t\t<div class=\"elementor-widget-container\">\n\t\t\t\t\t<div class=\"elementor-button-wrapper\">\n\t\t\t<a href=\"https:\/\/edpopsaude.com.br\/site\/wp-content\/uploads\/2022\/07\/Dengueparodia-Vigilancia-Marau_RS.mp3\" class=\"elementor-button-link elementor-button elementor-size-sm\" role=\"button\">\n\t\t\t\t\t\t<span class=\"elementor-button-content-wrapper\">\n\t\t\t\t\t\t\t<span class=\"elementor-button-icon elementor-align-icon-left\">\n\t\t\t\t<i aria-hidden=\"true\" class=\"far fa-arrow-alt-circle-down\"><\/i>\t\t\t<\/span>\n\t\t\t\t\t\t<span class=\"elementor-button-text\">Clique aqui para baixar a m\u00fasica<\/span>\n\t\t<\/span>\n\t\t\t\t\t<\/a>\n\t\t<\/div>\n\t\t\t\t<\/div>\n\t\t\t\t<\/div>\n\t\t\t\t\t<\/div>\n\t\t<\/div>\n\t\t\t\t\t\t\t<\/div>\n\t\t<\/section>\n\t\t\t\t<section class=\"elementor-section elementor-top-section elementor-element elementor-element-32f8e2e elementor-section-boxed elementor-section-height-default elementor-section-height-default\" data-id=\"32f8e2e\" data-element_type=\"section\">\n\t\t\t\t\t\t<div class=\"elementor-container elementor-column-gap-default\">\n\t\t\t\t\t<div class=\"elementor-column elementor-col-100 elementor-top-column elementor-element elementor-element-e320800\" data-id=\"e320800\" data-element_type=\"column\">\n\t\t\t<div class=\"elementor-widget-wrap elementor-element-populated\">\n\t\t\t\t\t\t\t\t<div class=\"elementor-element elementor-element-7acd3a5 elementor-widget elementor-widget-text-editor\" data-id=\"7acd3a5\" data-element_type=\"widget\" data-widget_type=\"text-editor.default\">\n\t\t\t\t<div class=\"elementor-widget-container\">\n\t\t\t\t\t\t\t<ol><li><strong>T\u00edtulo: <\/strong>Dengue eu n\u00e3o te quero Aqui<\/li><li><strong>Autor: <\/strong>Vigil\u00e2ncia em Sa\u00fade da Secretaria de Sa\u00fade de Marau-RS<\/li><li><strong>Descri\u00e7\u00e3o: <\/strong>Dengue eu n\u00e3o te quero Aqui \u00e9 uma Par\u00f3dia da m\u00fasical produzida pela Vigil\u00e2ncia em Sa\u00fade da Secretaria de Sa\u00fade de Marau-RS em parceria com Arbocontrol<\/li><li>sobre o mosquito Aedes Aegypti, seu ciclo de vida, os riscos e as doen\u00e7as que derivam desse vetor e as formas de preven\u00e7\u00e3o. Dura\u00e7\u00e3o: 2 minutos e 38 segundos<\/li><li><strong>Assunto (Palavra chaves): <\/strong>Aedes Aegypti, Dengue, preven\u00e7\u00e3o<\/li><li><strong>Fonte (Um recurso relacionado do qual o recurso descrito deriva): <\/strong>SMS Marau-RS<\/li><li><strong>Editor: <\/strong>SMS Marau-RS<strong>, <\/strong>Arbocontrol e Universidade Federal da Fronteira Sul, Campus Passo Fundo &#8211; RS<\/li><li><strong>Colaborador: <\/strong>Universidade Federal da Fronteira Sul, Campus Passo Fundo &#8211; RS<\/li><li><strong>Direitos: <\/strong>SMS Marau-RS e Arbocontrol<\/li><li><strong>Rela\u00e7\u00e3o (Um recurso relacionado \u2013 se for cole\u00e7\u00e3o): <\/strong>N\u00e3o se Aplica<\/li><li><strong>Formato: <\/strong>Arquivo digital de m\u00eddia<\/li><li><strong>Idioma: <\/strong>Portugu\u00eas<\/li><li><strong>Tipo: <\/strong>Par\u00f3dia Musical<\/li><li><strong>Identificador: \u201c<\/strong>Eu n\u00e3o te quero aqui dengue\u201d porque n\u00e3o vou deixar o mosquito entrar. \u00c9 uma par\u00f3dia musical que evidencia que a pessoa est\u00e1 orientada sobre quem \u00e9 o mosquito \u00a0Aedes Aegypti, o que ele pode provocar de riscos e as formas de preven\u00e7\u00e3o em casa. Recomenda-se o uso desta par\u00f3dia como um recurso educativo para Agentes Comunit\u00e1rios de Sa\u00fade, Agentes de Endemias, escolas e comunidade em geral.<\/li><li><strong>Abrang\u00eancia: <\/strong>Geral<\/li><li><strong>Abstract: <\/strong>Par\u00f3dia musical informativa sobre o mosquito Aedes Aegypti e os cuidados no ambiente de casa das pessoas.<\/li><li><strong>Data da cria\u00e7\u00e3o: <\/strong>10 de dezembro de 2021<\/li><li><strong>Data da aceita\u00e7\u00e3o: <\/strong>N\u00e3o se Aplica<\/li><li><strong>Data do Copyright:<\/strong><\/li><li><strong>Date da publica\u00e7\u00e3o do recurso:<\/strong><\/li><li><strong>Data da valida\u00e7\u00e3o:<\/strong><\/li><li><strong>Licen\u00e7a: <\/strong>Livre distribui\u00e7\u00e3o desde que citada a fonte<\/li><li><strong>Formato: <\/strong>M\u00eddia Digital Mp3<\/li><\/ol>\t\t\t\t\t\t<\/div>\n\t\t\t\t<\/div>\n\t\t\t\t\t<\/div>\n\t\t<\/div>\n\t\t\t\t\t\t\t<\/div>\n\t\t<\/section>\n\t\t\t\t<section class=\"elementor-section elementor-top-section elementor-element elementor-element-de46e20 elementor-section-boxed elementor-section-height-default elementor-section-height-default\" data-id=\"de46e20\" data-element_type=\"section\">\n\t\t\t\t\t\t<div class=\"elementor-container elementor-column-gap-default\">\n\t\t\t\t\t<div class=\"elementor-column elementor-col-100 elementor-top-column elementor-element elementor-element-08667aa\" data-id=\"08667aa\" data-element_type=\"column\">\n\t\t\t<div class=\"elementor-widget-wrap elementor-element-populated\">\n\t\t\t\t\t\t\t\t<div class=\"elementor-element elementor-element-44c7767 elementor-widget elementor-widget-text-editor\" data-id=\"44c7767\" data-element_type=\"widget\" data-widget_type=\"text-editor.default\">\n\t\t\t\t<div class=\"elementor-widget-container\">\n\t\t\t\t\t\t\t<p>Respons\u00e1vel pela descri\u00e7\u00e3o: Vanderl\u00e9ia Laodete Pulga\u00a0<br \/>Lugar: Passo Fundo\/RS<br \/>Data: 31\/05\/2022<\/p>\t\t\t\t\t\t<\/div>\n\t\t\t\t<\/div>\n\t\t\t\t\t<\/div>\n\t\t<\/div>\n\t\t\t\t\t\t\t<\/div>\n\t\t<\/section>\n\t\t\t\t<section class=\"elementor-section elementor-top-section elementor-element elementor-element-6773c4dd elementor-section-boxed elementor-section-height-default elementor-section-height-default\" data-id=\"6773c4dd\" data-element_type=\"section\" data-settings=\"{&quot;background_background&quot;:&quot;classic&quot;}\">\n\t\t\t\t\t\t<div class=\"elementor-container elementor-column-gap-no\">\n\t\t\t\t\t<div class=\"elementor-column elementor-col-100 elementor-top-column elementor-element elementor-element-42f43ed9\" data-id=\"42f43ed9\" data-element_type=\"column\">\n\t\t\t<div class=\"elementor-widget-wrap elementor-element-populated\">\n\t\t\t\t\t\t\t\t<div class=\"elementor-element elementor-element-63ccb2b elementor-widget elementor-widget-copyright\" data-id=\"63ccb2b\" data-element_type=\"widget\" data-settings=\"{&quot;align&quot;:&quot;center&quot;}\" data-widget_type=\"copyright.default\">\n\t\t\t\t<div class=\"elementor-widget-container\">\n\t\t\t\t\t<div class=\"hfe-copyright-wrapper\">\n\t\t\t\t\t\t\t<span>Copyright \u00a9 2026 Educa\u00e7\u00e3o Popular e Sa\u00fade   |   Cria\u00e7\u00e3o MDA Comunica\u00e7\u00e3o Integrada<\/span>\n\t\t\t\t\t<\/div>\n\t\t\t\t<\/div>\n\t\t\t\t<\/div>\n\t\t\t\t<div class=\"elementor-element elementor-element-7719cc4d elementor-widget elementor-widget-text-editor\" data-id=\"7719cc4d\" data-element_type=\"widget\" data-widget_type=\"text-editor.default\">\n\t\t\t\t<div class=\"elementor-widget-container\">\n\t\t\t\t\t\t\t<p>Contato e informa\u00e7\u00f5es: contato@edpopsaude.com.br<\/p>\t\t\t\t\t\t<\/div>\n\t\t\t\t<\/div>\n\t\t\t\t\t<\/div>\n\t\t<\/div>\n\t\t\t\t\t\t\t<\/div>\n\t\t<\/section>\n\t\t\t\t\t\t\t<\/div>\n\t\t","protected":false},"excerpt":{"rendered":"<p>Projeto ArboControl | UFFS Par\u00f3dia &#8211; Dengue eu n\u00e3o te quero Aqui Clique aqui para baixar a m\u00fasica T\u00edtulo: Dengue eu n\u00e3o te quero Aqui Autor: Vigil\u00e2ncia em Sa\u00fade da Secretaria de Sa\u00fade de Marau-RS Descri\u00e7\u00e3o: Dengue eu n\u00e3o te quero Aqui \u00e9 uma Par\u00f3dia da m\u00fasical produzida pela Vigil\u00e2ncia em Sa\u00fade da Secretaria de &hellip; <\/p>\n<p class=\"link-more\"><a href=\"https:\/\/edpopsaude.com.br\/site\/dengue-eu-nao-te-quero-aqui-2\/\" class=\"more-link\">Continue lendo<span class=\"screen-reader-text\"> &#8220;Dengue eu n\u00e3o te quero Aqui&#8221;<\/span><\/a><\/p>\n","protected":false},"author":1,"featured_media":474,"parent":0,"menu_order":0,"comment_status":"closed","ping_status":"closed","template":"elementor_canvas","meta":[],"_links":{"self":[{"href":"https:\/\/edpopsaude.com.br\/site\/wp-json\/wp\/v2\/pages\/511"}],"collection":[{"href":"https:\/\/edpopsaude.com.br\/site\/wp-json\/wp\/v2\/pages"}],"about":[{"href":"https:\/\/edpopsaude.com.br\/site\/wp-json\/wp\/v2\/types\/page"}],"author":[{"embeddable":true,"href":"https:\/\/edpopsaude.com.br\/site\/wp-json\/wp\/v2\/users\/1"}],"replies":[{"embeddable":true,"href":"https:\/\/edpopsaude.com.br\/site\/wp-json\/wp\/v2\/comments?post=511"}],"version-history":[{"count":13,"href":"https:\/\/edpopsaude.com.br\/site\/wp-json\/wp\/v2\/pages\/511\/revisions"}],"predecessor-version":[{"id":541,"href":"https:\/\/edpopsaude.com.br\/site\/wp-json\/wp\/v2\/pages\/511\/revisions\/541"}],"wp:featuredmedia":[{"embeddable":true,"href":"https:\/\/edpopsaude.com.br\/site\/wp-json\/wp\/v2\/media\/474"}],"wp:attachment":[{"href":"https:\/\/edpopsaude.com.br\/site\/wp-json\/wp\/v2\/media?parent=511"}],"curies":[{"name":"wp","href":"https:\/\/api.w.org\/{rel}","templated":true}]}}