{"id":516,"date":"2022-07-01T01:51:03","date_gmt":"2022-07-01T04:51:03","guid":{"rendered":"https:\/\/edpopsaude.com.br\/site\/?page_id=516"},"modified":"2022-07-01T09:34:03","modified_gmt":"2022-07-01T12:34:03","slug":"video-explicativo-sobre-o-mosquito-aedes-aegypti","status":"publish","type":"page","link":"https:\/\/edpopsaude.com.br\/site\/video-explicativo-sobre-o-mosquito-aedes-aegypti\/","title":{"rendered":"V\u00eddeo explicativo sobre o mosquito Aedes Aegypti"},"content":{"rendered":"\t\t<div data-elementor-type=\"wp-page\" data-elementor-id=\"516\" class=\"elementor elementor-516\">\n\t\t\t\t\t\t\t\t\t<section class=\"elementor-section elementor-top-section elementor-element elementor-element-786bea0d elementor-section-boxed elementor-section-height-default elementor-section-height-default\" data-id=\"786bea0d\" data-element_type=\"section\">\n\t\t\t\t\t\t<div class=\"elementor-container elementor-column-gap-default\">\n\t\t\t\t\t<div class=\"elementor-column elementor-col-100 elementor-top-column elementor-element elementor-element-2e5e55ea\" data-id=\"2e5e55ea\" data-element_type=\"column\">\n\t\t\t<div class=\"elementor-widget-wrap elementor-element-populated\">\n\t\t\t\t\t\t\t\t<div class=\"elementor-element elementor-element-c823cb1 elementor-widget elementor-widget-image\" data-id=\"c823cb1\" data-element_type=\"widget\" data-widget_type=\"image.default\">\n\t\t\t\t<div class=\"elementor-widget-container\">\n\t\t\t\t\t\t\t\t\t\t\t\t\t\t\t<img decoding=\"async\" width=\"414\" height=\"124\" src=\"https:\/\/edpopsaude.com.br\/site\/wp-content\/uploads\/2022\/06\/ArboControl-logo-1.jpg\" class=\"attachment-large size-large wp-image-420\" alt=\"\" loading=\"lazy\" srcset=\"https:\/\/edpopsaude.com.br\/site\/wp-content\/uploads\/2022\/06\/ArboControl-logo-1.jpg 414w, https:\/\/edpopsaude.com.br\/site\/wp-content\/uploads\/2022\/06\/ArboControl-logo-1-300x90.jpg 300w\" sizes=\"(max-width: 34.9rem) calc(100vw - 2rem), (max-width: 53rem) calc(8 * (100vw \/ 12)), (min-width: 53rem) calc(6 * (100vw \/ 12)), 100vw\" \/>\t\t\t\t\t\t\t\t\t\t\t\t\t\t\t<\/div>\n\t\t\t\t<\/div>\n\t\t\t\t<div class=\"elementor-element elementor-element-763a0dde elementor-widget elementor-widget-heading\" data-id=\"763a0dde\" data-element_type=\"widget\" data-widget_type=\"heading.default\">\n\t\t\t\t<div class=\"elementor-widget-container\">\n\t\t\t<h2 class=\"elementor-heading-title elementor-size-default\">Projeto ArboControl    |    UFFS<\/h2>\t\t<\/div>\n\t\t\t\t<\/div>\n\t\t\t\t<div class=\"elementor-element elementor-element-217e4061 elementor-widget elementor-widget-text-editor\" data-id=\"217e4061\" data-element_type=\"widget\" data-widget_type=\"text-editor.default\">\n\t\t\t\t<div class=\"elementor-widget-container\">\n\t\t\t\t\t\t\t<p>V\u00eddeo explicativo sobre o mosquito Aedes Aegypti<\/p>\t\t\t\t\t\t<\/div>\n\t\t\t\t<\/div>\n\t\t\t\t<div class=\"elementor-element elementor-element-66243ce5 elementor-widget elementor-widget-image\" data-id=\"66243ce5\" data-element_type=\"widget\" data-widget_type=\"image.default\">\n\t\t\t\t<div class=\"elementor-widget-container\">\n\t\t\t\t\t\t\t\t\t\t\t\t\t\t\t<img decoding=\"async\" width=\"287\" height=\"151\" src=\"https:\/\/edpopsaude.com.br\/site\/wp-content\/uploads\/2022\/06\/Ecos-ArboControl-logo.png\" class=\"attachment-large size-large wp-image-429\" alt=\"\" loading=\"lazy\" sizes=\"(max-width: 34.9rem) calc(100vw - 2rem), (max-width: 53rem) calc(8 * (100vw \/ 12)), (min-width: 53rem) calc(6 * (100vw \/ 12)), 100vw\" \/>\t\t\t\t\t\t\t\t\t\t\t\t\t\t\t<\/div>\n\t\t\t\t<\/div>\n\t\t\t\t<div class=\"elementor-element elementor-element-6a7b893a elementor-widget elementor-widget-spacer\" data-id=\"6a7b893a\" data-element_type=\"widget\" data-widget_type=\"spacer.default\">\n\t\t\t\t<div class=\"elementor-widget-container\">\n\t\t\t\t\t<div class=\"elementor-spacer\">\n\t\t\t<div class=\"elementor-spacer-inner\"><\/div>\n\t\t<\/div>\n\t\t\t\t<\/div>\n\t\t\t\t<\/div>\n\t\t\t\t\t<\/div>\n\t\t<\/div>\n\t\t\t\t\t\t\t<\/div>\n\t\t<\/section>\n\t\t\t\t<section class=\"elementor-section elementor-top-section elementor-element elementor-element-2fec129 elementor-section-boxed elementor-section-height-default elementor-section-height-default\" data-id=\"2fec129\" data-element_type=\"section\">\n\t\t\t\t\t\t<div class=\"elementor-container elementor-column-gap-default\">\n\t\t\t\t\t<div class=\"elementor-column elementor-col-100 elementor-top-column elementor-element elementor-element-842cd02\" data-id=\"842cd02\" data-element_type=\"column\">\n\t\t\t<div class=\"elementor-widget-wrap elementor-element-populated\">\n\t\t\t\t\t\t\t\t<div class=\"elementor-element elementor-element-1d9847c elementor-widget elementor-widget-video\" data-id=\"1d9847c\" data-element_type=\"widget\" data-settings=\"{&quot;youtube_url&quot;:&quot;https:\\\/\\\/youtu.be\\\/QWatygURSAQ&quot;,&quot;video_type&quot;:&quot;youtube&quot;,&quot;controls&quot;:&quot;yes&quot;}\" data-widget_type=\"video.default\">\n\t\t\t\t<div class=\"elementor-widget-container\">\n\t\t\t\t\t<div class=\"elementor-wrapper elementor-open-inline\">\n\t\t\t<div class=\"elementor-video\"><\/div>\t\t<\/div>\n\t\t\t\t<\/div>\n\t\t\t\t<\/div>\n\t\t\t\t\t<\/div>\n\t\t<\/div>\n\t\t\t\t\t\t\t<\/div>\n\t\t<\/section>\n\t\t\t\t<section class=\"elementor-section elementor-top-section elementor-element elementor-element-b1b4435 elementor-section-boxed elementor-section-height-default elementor-section-height-default\" data-id=\"b1b4435\" data-element_type=\"section\">\n\t\t\t\t\t\t<div class=\"elementor-container elementor-column-gap-default\">\n\t\t\t\t\t<div class=\"elementor-column elementor-col-100 elementor-top-column elementor-element elementor-element-a503cde\" data-id=\"a503cde\" data-element_type=\"column\">\n\t\t\t<div class=\"elementor-widget-wrap elementor-element-populated\">\n\t\t\t\t\t\t\t\t<div class=\"elementor-element elementor-element-be58fc8 elementor-widget elementor-widget-text-editor\" data-id=\"be58fc8\" data-element_type=\"widget\" data-widget_type=\"text-editor.default\">\n\t\t\t\t<div class=\"elementor-widget-container\">\n\t\t\t\t\t\t\t<ol><li><strong>T\u00edtulo: <\/strong>Entendendo o Aedes Aegypti<\/li><li><strong>Autor: <\/strong>Universidade Federal da Fronteira Sul, Campus Passo Fundo\/RS, Autor: Ralf Amaral Santos. Edi\u00e7\u00e3o: L\u00edvia Sabioni. Orientadora: Vanderl\u00e9ia Laodete Pulga<\/li><li><strong>Descri\u00e7\u00e3o: <\/strong>V\u00eddeo explicativo sobre o mosquito Aedes Aegypti, seu ciclo de vida, os riscos e as doen\u00e7as que derivam desse vetor e as formas de preven\u00e7\u00e3o. Dura\u00e7\u00e3o: 2 minutos e 38 segundos<\/li><li><strong>Assunto (Palavra chaves): <\/strong>Aedes Aegypti, Arboviroses, Preven\u00e7\u00e3o<\/li><li><strong>Fonte (Um recurso relacionado do qual o recurso descrito deriva): <\/strong>Projeto Arbocontrol<\/li><li><strong>Editor: <\/strong>ArboControl e Universidade Federal da Fronteira Sul, Campus Passo Fundo &#8211; RS<\/li><li><strong>Colaborador: <\/strong>Universidade Federal da Fronteira Sul, Campus Passo Fundo &#8211; RS<\/li><li><strong>Direitos: <\/strong>Arbocontrol<\/li><li><strong>Rela\u00e7\u00e3o (Um recurso relacionado \u2013 se for cole\u00e7\u00e3o): <\/strong>N\u00e3o se Aplica<\/li><li><strong>Formato: <\/strong>Arquivo digital de m\u00eddia<\/li><li><strong>Idioma: <\/strong>Portugu\u00eas<\/li><li><strong>Tipo: <\/strong>V\u00eddeo informativo<\/li><li><strong>Identificador:<\/strong><\/li><\/ol><p><strong>\u00a0<\/strong>O mosquito Aedes Aegypti \u00e9 o vetor da arbovirose. Ele pode transportar v\u00edrus da febre amarela, dengue, chikungunya ou\u00a0 Zika. As larvas desses mosquitos vivem em recipientes e po\u00e7as de \u00e1gua que podem ficar estagnadas por semanas. O mosquito adulto se alimenta de sangue que precisa. Para prevenir a arbovirose, \u00e9 necess\u00e1rio eliminar as fontes de \u00e1gua onde todas as larvas podem desenvolver. Al\u00e9m disso, \u00e9 importante usar repelentes contra mosquitos e redes para nos proteger de mordidos por esses insetos. Recomendamos o uso deste v\u00eddeo como um recurso educativo para as escolas, para que as crian\u00e7as aprendam que devem tomar este uso contra este tipo de vetor.<\/p><ol start=\"14\"><li><strong>Abrang\u00eancia: <\/strong>Geral<\/li><li><strong>Abstract: <\/strong>V\u00eddeo informativo sobre o mosquito Aedes Aegypti, seu ciclo de vida, os riscos e as doen\u00e7as que derivam desse vetor e as formas de preven\u00e7\u00e3o para crian\u00e7as, adolescentes e jovens.<\/li><li><strong>Data da cria\u00e7\u00e3o: <\/strong>10 de dezembro de 2021<\/li><li><strong>Data da aceita\u00e7\u00e3o: <\/strong>N\u00e3o se Aplica<\/li><li><strong>Data do Copyright:<\/strong><\/li><li><strong>Date da publica\u00e7\u00e3o do recurso:<\/strong><\/li><li><strong>Data da valida\u00e7\u00e3o:<\/strong><\/li><li><strong>Licen\u00e7a: <\/strong>Livre distribui\u00e7\u00e3o desde que citada a fonte<\/li><li><strong>Formato: <\/strong>M\u00eddia Digital Mp4<\/li><\/ol>\t\t\t\t\t\t<\/div>\n\t\t\t\t<\/div>\n\t\t\t\t\t<\/div>\n\t\t<\/div>\n\t\t\t\t\t\t\t<\/div>\n\t\t<\/section>\n\t\t\t\t<section class=\"elementor-section elementor-top-section elementor-element elementor-element-690fcb3 elementor-section-boxed elementor-section-height-default elementor-section-height-default\" data-id=\"690fcb3\" data-element_type=\"section\">\n\t\t\t\t\t\t<div class=\"elementor-container elementor-column-gap-default\">\n\t\t\t\t\t<div class=\"elementor-column elementor-col-100 elementor-top-column elementor-element elementor-element-66dac82\" data-id=\"66dac82\" data-element_type=\"column\">\n\t\t\t<div class=\"elementor-widget-wrap elementor-element-populated\">\n\t\t\t\t\t\t\t\t<div class=\"elementor-element elementor-element-a8964b5 elementor-widget elementor-widget-text-editor\" data-id=\"a8964b5\" data-element_type=\"widget\" data-widget_type=\"text-editor.default\">\n\t\t\t\t<div class=\"elementor-widget-container\">\n\t\t\t\t\t\t\t<p>Respons\u00e1vel pela descri\u00e7\u00e3o: Vanderl\u00e9ia Laodete Pulga\u00a0\u00a0<br \/>Lugar: Passo Fundo\/RS<br \/>Data: 31\/05\/2022<\/p>\t\t\t\t\t\t<\/div>\n\t\t\t\t<\/div>\n\t\t\t\t<div class=\"elementor-element elementor-element-1530666 elementor-widget elementor-widget-text-editor\" data-id=\"1530666\" data-element_type=\"widget\" data-widget_type=\"text-editor.default\">\n\t\t\t\t<div class=\"elementor-widget-container\">\n\t\t\t\t\t\t\t<p><strong>Refer\u00eancia: <\/strong><\/p><p>Arbocontrol na escolas: educa\u00e7\u00e3o, informa\u00e7\u00e3o e comunica\u00e7\u00e3o para o controle de vetor [livro eletr\u00f4nico] \/ organizadores Maria F\u00e1tima de Sousa, Jitone Le\u00f4nidas Soares, Ana Val\u00e9ria M. Mendon\u00e7a. 1. ed. Bras\u00edlia: UnB &#8211; Universidade de Bras\u00edlia, 2021.<\/p>\t\t\t\t\t\t<\/div>\n\t\t\t\t<\/div>\n\t\t\t\t<div class=\"elementor-element elementor-element-6f8a0b6 elementor-widget elementor-widget-spacer\" data-id=\"6f8a0b6\" data-element_type=\"widget\" data-widget_type=\"spacer.default\">\n\t\t\t\t<div class=\"elementor-widget-container\">\n\t\t\t\t\t<div class=\"elementor-spacer\">\n\t\t\t<div class=\"elementor-spacer-inner\"><\/div>\n\t\t<\/div>\n\t\t\t\t<\/div>\n\t\t\t\t<\/div>\n\t\t\t\t\t<\/div>\n\t\t<\/div>\n\t\t\t\t\t\t\t<\/div>\n\t\t<\/section>\n\t\t\t\t<section class=\"elementor-section elementor-top-section elementor-element elementor-element-74f69704 elementor-section-boxed elementor-section-height-default elementor-section-height-default\" data-id=\"74f69704\" data-element_type=\"section\" data-settings=\"{&quot;background_background&quot;:&quot;classic&quot;}\">\n\t\t\t\t\t\t<div class=\"elementor-container elementor-column-gap-no\">\n\t\t\t\t\t<div class=\"elementor-column elementor-col-100 elementor-top-column elementor-element elementor-element-5a11b6e2\" data-id=\"5a11b6e2\" data-element_type=\"column\">\n\t\t\t<div class=\"elementor-widget-wrap elementor-element-populated\">\n\t\t\t\t\t\t\t\t<div class=\"elementor-element elementor-element-3a2e6f0e elementor-widget elementor-widget-copyright\" data-id=\"3a2e6f0e\" data-element_type=\"widget\" data-settings=\"{&quot;align&quot;:&quot;center&quot;}\" data-widget_type=\"copyright.default\">\n\t\t\t\t<div class=\"elementor-widget-container\">\n\t\t\t\t\t<div class=\"hfe-copyright-wrapper\">\n\t\t\t\t\t\t\t<span>Copyright \u00a9 2026 Educa\u00e7\u00e3o Popular e Sa\u00fade   |   Cria\u00e7\u00e3o MDA Comunica\u00e7\u00e3o Integrada<\/span>\n\t\t\t\t\t<\/div>\n\t\t\t\t<\/div>\n\t\t\t\t<\/div>\n\t\t\t\t<div class=\"elementor-element elementor-element-56ee7c47 elementor-widget elementor-widget-text-editor\" data-id=\"56ee7c47\" data-element_type=\"widget\" data-widget_type=\"text-editor.default\">\n\t\t\t\t<div class=\"elementor-widget-container\">\n\t\t\t\t\t\t\t<p>Contato e informa\u00e7\u00f5es: contato@edpopsaude.com.br<\/p>\t\t\t\t\t\t<\/div>\n\t\t\t\t<\/div>\n\t\t\t\t\t<\/div>\n\t\t<\/div>\n\t\t\t\t\t\t\t<\/div>\n\t\t<\/section>\n\t\t\t\t\t\t\t<\/div>\n\t\t","protected":false},"excerpt":{"rendered":"<p>Projeto ArboControl | UFFS V\u00eddeo explicativo sobre o mosquito Aedes Aegypti T\u00edtulo: Entendendo o Aedes Aegypti Autor: Universidade Federal da Fronteira Sul, Campus Passo Fundo\/RS, Autor: Ralf Amaral Santos. Edi\u00e7\u00e3o: L\u00edvia Sabioni. Orientadora: Vanderl\u00e9ia Laodete Pulga Descri\u00e7\u00e3o: V\u00eddeo explicativo sobre o mosquito Aedes Aegypti, seu ciclo de vida, os riscos e as doen\u00e7as que derivam &hellip; <\/p>\n<p class=\"link-more\"><a href=\"https:\/\/edpopsaude.com.br\/site\/video-explicativo-sobre-o-mosquito-aedes-aegypti\/\" class=\"more-link\">Continue lendo<span class=\"screen-reader-text\"> &#8220;V\u00eddeo explicativo sobre o mosquito Aedes Aegypti&#8221;<\/span><\/a><\/p>\n","protected":false},"author":1,"featured_media":572,"parent":0,"menu_order":0,"comment_status":"closed","ping_status":"closed","template":"elementor_canvas","meta":[],"_links":{"self":[{"href":"https:\/\/edpopsaude.com.br\/site\/wp-json\/wp\/v2\/pages\/516"}],"collection":[{"href":"https:\/\/edpopsaude.com.br\/site\/wp-json\/wp\/v2\/pages"}],"about":[{"href":"https:\/\/edpopsaude.com.br\/site\/wp-json\/wp\/v2\/types\/page"}],"author":[{"embeddable":true,"href":"https:\/\/edpopsaude.com.br\/site\/wp-json\/wp\/v2\/users\/1"}],"replies":[{"embeddable":true,"href":"https:\/\/edpopsaude.com.br\/site\/wp-json\/wp\/v2\/comments?post=516"}],"version-history":[{"count":11,"href":"https:\/\/edpopsaude.com.br\/site\/wp-json\/wp\/v2\/pages\/516\/revisions"}],"predecessor-version":[{"id":573,"href":"https:\/\/edpopsaude.com.br\/site\/wp-json\/wp\/v2\/pages\/516\/revisions\/573"}],"wp:featuredmedia":[{"embeddable":true,"href":"https:\/\/edpopsaude.com.br\/site\/wp-json\/wp\/v2\/media\/572"}],"wp:attachment":[{"href":"https:\/\/edpopsaude.com.br\/site\/wp-json\/wp\/v2\/media?parent=516"}],"curies":[{"name":"wp","href":"https:\/\/api.w.org\/{rel}","templated":true}]}}