{"id":542,"date":"2022-07-01T09:05:46","date_gmt":"2022-07-01T12:05:46","guid":{"rendered":"https:\/\/edpopsaude.com.br\/site\/?page_id=542"},"modified":"2022-07-01T09:10:05","modified_gmt":"2022-07-01T12:10:05","slug":"ursinho-no-combate-ao-foco-do-mosquito-aedes-aegypti-2","status":"publish","type":"page","link":"https:\/\/edpopsaude.com.br\/site\/ursinho-no-combate-ao-foco-do-mosquito-aedes-aegypti-2\/","title":{"rendered":"Ursinho no combate ao Foco do mosquito Aedes Aegypti"},"content":{"rendered":"\t\t<div data-elementor-type=\"wp-page\" data-elementor-id=\"542\" class=\"elementor elementor-542\">\n\t\t\t\t\t\t\t\t\t<section class=\"elementor-section elementor-top-section elementor-element elementor-element-4411921d elementor-section-boxed elementor-section-height-default elementor-section-height-default\" data-id=\"4411921d\" data-element_type=\"section\">\n\t\t\t\t\t\t<div class=\"elementor-container elementor-column-gap-default\">\n\t\t\t\t\t<div class=\"elementor-column elementor-col-100 elementor-top-column elementor-element elementor-element-ce7d34f\" data-id=\"ce7d34f\" data-element_type=\"column\">\n\t\t\t<div class=\"elementor-widget-wrap elementor-element-populated\">\n\t\t\t\t\t\t\t\t<div class=\"elementor-element elementor-element-6d93223b elementor-widget elementor-widget-image\" data-id=\"6d93223b\" data-element_type=\"widget\" data-widget_type=\"image.default\">\n\t\t\t\t<div class=\"elementor-widget-container\">\n\t\t\t\t\t\t\t\t\t\t\t\t\t\t\t<img decoding=\"async\" width=\"414\" height=\"124\" src=\"https:\/\/edpopsaude.com.br\/site\/wp-content\/uploads\/2022\/06\/ArboControl-logo-1.jpg\" class=\"attachment-large size-large wp-image-420\" alt=\"\" loading=\"lazy\" srcset=\"https:\/\/edpopsaude.com.br\/site\/wp-content\/uploads\/2022\/06\/ArboControl-logo-1.jpg 414w, https:\/\/edpopsaude.com.br\/site\/wp-content\/uploads\/2022\/06\/ArboControl-logo-1-300x90.jpg 300w\" sizes=\"(max-width: 34.9rem) calc(100vw - 2rem), (max-width: 53rem) calc(8 * (100vw \/ 12)), (min-width: 53rem) calc(6 * (100vw \/ 12)), 100vw\" \/>\t\t\t\t\t\t\t\t\t\t\t\t\t\t\t<\/div>\n\t\t\t\t<\/div>\n\t\t\t\t<div class=\"elementor-element elementor-element-71f8b9c0 elementor-widget elementor-widget-heading\" data-id=\"71f8b9c0\" data-element_type=\"widget\" data-widget_type=\"heading.default\">\n\t\t\t\t<div class=\"elementor-widget-container\">\n\t\t\t<h2 class=\"elementor-heading-title elementor-size-default\">Projeto ArboControl  |  UFFS<\/h2>\t\t<\/div>\n\t\t\t\t<\/div>\n\t\t\t\t<div class=\"elementor-element elementor-element-25a21be0 elementor-widget elementor-widget-text-editor\" data-id=\"25a21be0\" data-element_type=\"widget\" data-widget_type=\"text-editor.default\">\n\t\t\t\t<div class=\"elementor-widget-container\">\n\t\t\t\t\t\t\t<p>Ursinho no combate ao Foco do mosquito Aedes Aegypti<\/p>\t\t\t\t\t\t<\/div>\n\t\t\t\t<\/div>\n\t\t\t\t<div class=\"elementor-element elementor-element-6105065e elementor-widget elementor-widget-image\" data-id=\"6105065e\" data-element_type=\"widget\" data-widget_type=\"image.default\">\n\t\t\t\t<div class=\"elementor-widget-container\">\n\t\t\t\t\t\t\t\t\t\t\t\t\t\t\t<img decoding=\"async\" width=\"287\" height=\"151\" src=\"https:\/\/edpopsaude.com.br\/site\/wp-content\/uploads\/2022\/06\/Ecos-ArboControl-logo.png\" class=\"attachment-large size-large wp-image-429\" alt=\"\" loading=\"lazy\" sizes=\"(max-width: 34.9rem) calc(100vw - 2rem), (max-width: 53rem) calc(8 * (100vw \/ 12)), (min-width: 53rem) calc(6 * (100vw \/ 12)), 100vw\" \/>\t\t\t\t\t\t\t\t\t\t\t\t\t\t\t<\/div>\n\t\t\t\t<\/div>\n\t\t\t\t<div class=\"elementor-element elementor-element-5af68303 elementor-widget elementor-widget-spacer\" data-id=\"5af68303\" data-element_type=\"widget\" data-widget_type=\"spacer.default\">\n\t\t\t\t<div class=\"elementor-widget-container\">\n\t\t\t\t\t<div class=\"elementor-spacer\">\n\t\t\t<div class=\"elementor-spacer-inner\"><\/div>\n\t\t<\/div>\n\t\t\t\t<\/div>\n\t\t\t\t<\/div>\n\t\t\t\t\t<\/div>\n\t\t<\/div>\n\t\t\t\t\t\t\t<\/div>\n\t\t<\/section>\n\t\t\t\t<section class=\"elementor-section elementor-top-section elementor-element elementor-element-cd95d9c elementor-section-boxed elementor-section-height-default elementor-section-height-default\" data-id=\"cd95d9c\" data-element_type=\"section\">\n\t\t\t\t\t\t<div class=\"elementor-container elementor-column-gap-default\">\n\t\t\t\t\t<div class=\"elementor-column elementor-col-100 elementor-top-column elementor-element elementor-element-897e378\" data-id=\"897e378\" data-element_type=\"column\">\n\t\t\t<div class=\"elementor-widget-wrap elementor-element-populated\">\n\t\t\t\t\t\t\t\t<div class=\"elementor-element elementor-element-f2a3ac0 elementor-widget elementor-widget-gallery\" data-id=\"f2a3ac0\" data-element_type=\"widget\" data-settings=\"{&quot;columns&quot;:2,&quot;lazyload&quot;:&quot;yes&quot;,&quot;gallery_layout&quot;:&quot;grid&quot;,&quot;columns_tablet&quot;:2,&quot;columns_mobile&quot;:1,&quot;gap&quot;:{&quot;unit&quot;:&quot;px&quot;,&quot;size&quot;:10,&quot;sizes&quot;:[]},&quot;gap_tablet&quot;:{&quot;unit&quot;:&quot;px&quot;,&quot;size&quot;:10,&quot;sizes&quot;:[]},&quot;gap_mobile&quot;:{&quot;unit&quot;:&quot;px&quot;,&quot;size&quot;:10,&quot;sizes&quot;:[]},&quot;link_to&quot;:&quot;file&quot;,&quot;aspect_ratio&quot;:&quot;3:2&quot;,&quot;overlay_background&quot;:&quot;yes&quot;,&quot;content_hover_animation&quot;:&quot;fade-in&quot;}\" data-widget_type=\"gallery.default\">\n\t\t\t\t<div class=\"elementor-widget-container\">\n\t\t\t\t\t<div class=\"elementor-gallery__container\">\n\t\t\t\t\t\t\t<a class=\"e-gallery-item elementor-gallery-item elementor-animated-content\" href=\"https:\/\/edpopsaude.com.br\/site\/wp-content\/uploads\/2022\/07\/050522-Hospital-do-Ursinho-Mosquito-2.jpg\" data-elementor-open-lightbox=\"yes\" data-elementor-lightbox-slideshow=\"all-f2a3ac0\" data-elementor-lightbox-title=\"050522-Hospital-do-Ursinho-Mosquito-2\" data-e-action-hash=\"#elementor-action%3Aaction%3Dlightbox%26settings%3DeyJpZCI6NDYyLCJ1cmwiOiJodHRwczpcL1wvZWRwb3BzYXVkZS5jb20uYnJcL3NpdGVcL3dwLWNvbnRlbnRcL3VwbG9hZHNcLzIwMjJcLzA3XC8wNTA1MjItSG9zcGl0YWwtZG8tVXJzaW5oby1Nb3NxdWl0by0yLmpwZyIsInNsaWRlc2hvdyI6ImFsbC1mMmEzYWMwIn0%3D\">\n\t\t\t\t\t<div class=\"e-gallery-image elementor-gallery-item__image\" data-thumbnail=\"https:\/\/edpopsaude.com.br\/site\/wp-content\/uploads\/2022\/07\/050522-Hospital-do-Ursinho-Mosquito-2-300x213.jpg\" data-width=\"300\" data-height=\"213\" aria-label=\"\" role=\"img\" ><\/div>\n\t\t\t\t\t\t\t\t\t\t\t<div class=\"elementor-gallery-item__overlay\"><\/div>\n\t\t\t\t\t\t\t\t\t\t\t\t\t\t<\/a>\n\t\t\t\t\t\t\t<a class=\"e-gallery-item elementor-gallery-item elementor-animated-content\" href=\"https:\/\/edpopsaude.com.br\/site\/wp-content\/uploads\/2022\/07\/050522-Hospital-do-Ursinho-Mosquito-1.jpg\" data-elementor-open-lightbox=\"yes\" data-elementor-lightbox-slideshow=\"all-f2a3ac0\" data-elementor-lightbox-title=\"050522-Hospital-do-Ursinho-Mosquito-1\" data-e-action-hash=\"#elementor-action%3Aaction%3Dlightbox%26settings%3DeyJpZCI6NDYxLCJ1cmwiOiJodHRwczpcL1wvZWRwb3BzYXVkZS5jb20uYnJcL3NpdGVcL3dwLWNvbnRlbnRcL3VwbG9hZHNcLzIwMjJcLzA3XC8wNTA1MjItSG9zcGl0YWwtZG8tVXJzaW5oby1Nb3NxdWl0by0xLmpwZyIsInNsaWRlc2hvdyI6ImFsbC1mMmEzYWMwIn0%3D\">\n\t\t\t\t\t<div class=\"e-gallery-image elementor-gallery-item__image\" data-thumbnail=\"https:\/\/edpopsaude.com.br\/site\/wp-content\/uploads\/2022\/07\/050522-Hospital-do-Ursinho-Mosquito-1-300x213.jpg\" data-width=\"300\" data-height=\"213\" aria-label=\"\" role=\"img\" ><\/div>\n\t\t\t\t\t\t\t\t\t\t\t<div class=\"elementor-gallery-item__overlay\"><\/div>\n\t\t\t\t\t\t\t\t\t\t\t\t\t\t<\/a>\n\t\t\t\t\t<\/div>\n\t\t\t<\/div>\n\t\t\t\t<\/div>\n\t\t\t\t\t<\/div>\n\t\t<\/div>\n\t\t\t\t\t\t\t<\/div>\n\t\t<\/section>\n\t\t\t\t<section class=\"elementor-section elementor-top-section elementor-element elementor-element-0a97be0 elementor-section-boxed elementor-section-height-default elementor-section-height-default\" data-id=\"0a97be0\" data-element_type=\"section\">\n\t\t\t\t\t\t<div class=\"elementor-container elementor-column-gap-default\">\n\t\t\t\t\t<div class=\"elementor-column elementor-col-100 elementor-top-column elementor-element elementor-element-90820d2\" data-id=\"90820d2\" data-element_type=\"column\">\n\t\t\t<div class=\"elementor-widget-wrap elementor-element-populated\">\n\t\t\t\t\t\t\t\t<div class=\"elementor-element elementor-element-817a1f5 elementor-widget elementor-widget-text-editor\" data-id=\"817a1f5\" data-element_type=\"widget\" data-widget_type=\"text-editor.default\">\n\t\t\t\t<div class=\"elementor-widget-container\">\n\t\t\t\t\t\t\t<ol>\n<li><strong>T\u00edtulo: <\/strong>Ursinho no combate ao Foco do mosquito Aedes Aegypti<\/li>\n<li><strong>Autor: <\/strong>Universidade Federal da Fronteira Sul, Campus Passo Fundo\/RS, Autor: Natan Zanella Orientadora: Vanderl\u00e9ia Laodete Pulga<\/li>\n<li><strong>Descri\u00e7\u00e3o: <\/strong>Post do Ursinho no combate ao Foco do mosquito Aedes Aegypti<\/li>\n<li><strong>Assunto (Palavra chaves): <\/strong>Aedes Aegypti, Hospital do Ursinho, preven\u00e7\u00e3o<\/li>\n<li><strong>Fonte (Um recurso relacionado do qual o recurso descrito deriva): <\/strong>Projeto Arbocontrol<\/li>\n<li><strong>Editor: <\/strong>Arbocontrol e Universidade Federal da Fronteira Sul, Campus Passo Fundo &#8211; RS<\/li>\n<li><strong>Colaborador: <\/strong>Universidade Federal da Fronteira Sul, Campus Passo Fundo &#8211; RS<\/li>\n<li><strong>Direitos: <\/strong>Arbocontrol<\/li>\n<li><strong>Rela\u00e7\u00e3o: <\/strong>N\u00e3o se Aplica<\/li>\n<li><strong>Formato: <\/strong>Arquivo digital de m\u00eddia<\/li>\n<li><strong>Idioma: <\/strong>Portugu\u00eas<\/li>\n<li><strong>Tipo: <\/strong>Post informativo<\/li>\n<li><strong>Identificador: <\/strong>Arbocontrol<\/li>\n<li><strong>Abrang\u00eancia: <\/strong>Geral<\/li>\n<li><strong>Abstract: <\/strong>Post do Ursinho no combate ao Foco do mosquito Aedes Aegypti para divulgar as atividades l\u00fadicas com crian\u00e7as inspiradas no \u201cHospital do Ursinho\u201d de orienta\u00e7\u00f5es e de preven\u00e7\u00e3o das arboviroses com crian\u00e7as.<\/li>\n<li><strong>Data da cria\u00e7\u00e3o: <\/strong>05\/05\/2022<\/li>\n<li><strong>Data da aceita\u00e7\u00e3o: <\/strong>N\u00e3o se Aplica<\/li>\n<li><strong>Data do Copyright: <\/strong>05\/05\/2022<\/li>\n<li><strong>Date da publica\u00e7\u00e3o do recurso:<\/strong> 05\/05\/2022<\/li>\n<li><strong>Data da valida\u00e7\u00e3o: <\/strong>05\/05\/2022<\/li>\n<li><strong>Licen\u00e7a: <\/strong>Livre distribui\u00e7\u00e3o desde que citada a fonte<\/li>\n<li><strong>Formato: <\/strong>M\u00eddia Digital<\/li>\n<\/ol>\t\t\t\t\t\t<\/div>\n\t\t\t\t<\/div>\n\t\t\t\t\t<\/div>\n\t\t<\/div>\n\t\t\t\t\t\t\t<\/div>\n\t\t<\/section>\n\t\t\t\t<section class=\"elementor-section elementor-top-section elementor-element elementor-element-5d05725 elementor-section-boxed elementor-section-height-default elementor-section-height-default\" data-id=\"5d05725\" data-element_type=\"section\">\n\t\t\t\t\t\t<div class=\"elementor-container elementor-column-gap-default\">\n\t\t\t\t\t<div class=\"elementor-column elementor-col-100 elementor-top-column elementor-element elementor-element-e8e8f74\" data-id=\"e8e8f74\" data-element_type=\"column\">\n\t\t\t<div class=\"elementor-widget-wrap elementor-element-populated\">\n\t\t\t\t\t\t\t\t<div class=\"elementor-element elementor-element-509a4bc elementor-widget elementor-widget-text-editor\" data-id=\"509a4bc\" data-element_type=\"widget\" data-widget_type=\"text-editor.default\">\n\t\t\t\t<div class=\"elementor-widget-container\">\n\t\t\t\t\t\t\t<p>Respons\u00e1vel pela descri\u00e7\u00e3o: Vanderl\u00e9ia Laodete Pulga\u00a0\u00a0<br \/>Lugar: Passo Fundo\/RS<br \/>Data: 31\/05\/2022<\/p><p><strong>Refer\u00eancia: <\/strong>Arbocontrol na escolas: educa\u00e7\u00e3o, informa\u00e7\u00e3o e comunica\u00e7\u00e3o para o controle de vetor [livro eletr\u00f4nico] \/ organizadores Maria F\u00e1tima de Sousa, Jitone Le\u00f4nidas Soares, Ana Val\u00e9ria M. Mendon\u00e7a. 1. ed. Bras\u00edlia: UnB &#8211; Universidade de Bras\u00edlia, 2021.<\/p>\t\t\t\t\t\t<\/div>\n\t\t\t\t<\/div>\n\t\t\t\t\t<\/div>\n\t\t<\/div>\n\t\t\t\t\t\t\t<\/div>\n\t\t<\/section>\n\t\t\t\t<section class=\"elementor-section elementor-top-section elementor-element elementor-element-74cf86af elementor-section-boxed elementor-section-height-default elementor-section-height-default\" data-id=\"74cf86af\" data-element_type=\"section\" data-settings=\"{&quot;background_background&quot;:&quot;classic&quot;}\">\n\t\t\t\t\t\t<div class=\"elementor-container elementor-column-gap-no\">\n\t\t\t\t\t<div class=\"elementor-column elementor-col-100 elementor-top-column elementor-element elementor-element-7da6d77c\" data-id=\"7da6d77c\" data-element_type=\"column\">\n\t\t\t<div class=\"elementor-widget-wrap elementor-element-populated\">\n\t\t\t\t\t\t\t\t<div class=\"elementor-element elementor-element-3aed4e9f elementor-widget elementor-widget-copyright\" data-id=\"3aed4e9f\" data-element_type=\"widget\" data-settings=\"{&quot;align&quot;:&quot;center&quot;}\" data-widget_type=\"copyright.default\">\n\t\t\t\t<div class=\"elementor-widget-container\">\n\t\t\t\t\t<div class=\"hfe-copyright-wrapper\">\n\t\t\t\t\t\t\t<span>Copyright \u00a9 2026 Educa\u00e7\u00e3o Popular e Sa\u00fade   |   Cria\u00e7\u00e3o MDA Comunica\u00e7\u00e3o Integrada<\/span>\n\t\t\t\t\t<\/div>\n\t\t\t\t<\/div>\n\t\t\t\t<\/div>\n\t\t\t\t<div class=\"elementor-element elementor-element-3f81a490 elementor-widget elementor-widget-text-editor\" data-id=\"3f81a490\" data-element_type=\"widget\" data-widget_type=\"text-editor.default\">\n\t\t\t\t<div class=\"elementor-widget-container\">\n\t\t\t\t\t\t\t<p>Contato e informa\u00e7\u00f5es: contato@edpopsaude.com.br<\/p>\t\t\t\t\t\t<\/div>\n\t\t\t\t<\/div>\n\t\t\t\t\t<\/div>\n\t\t<\/div>\n\t\t\t\t\t\t\t<\/div>\n\t\t<\/section>\n\t\t\t\t\t\t\t<\/div>\n\t\t","protected":false},"excerpt":{"rendered":"<p>Projeto ArboControl | UFFS Ursinho no combate ao Foco do mosquito Aedes Aegypti T\u00edtulo: Ursinho no combate ao Foco do mosquito Aedes Aegypti Autor: Universidade Federal da Fronteira Sul, Campus Passo Fundo\/RS, Autor: Natan Zanella Orientadora: Vanderl\u00e9ia Laodete Pulga Descri\u00e7\u00e3o: Post do Ursinho no combate ao Foco do mosquito Aedes Aegypti Assunto (Palavra chaves): Aedes &hellip; <\/p>\n<p class=\"link-more\"><a href=\"https:\/\/edpopsaude.com.br\/site\/ursinho-no-combate-ao-foco-do-mosquito-aedes-aegypti-2\/\" class=\"more-link\">Continue lendo<span class=\"screen-reader-text\"> &#8220;Ursinho no combate ao Foco do mosquito Aedes Aegypti&#8221;<\/span><\/a><\/p>\n","protected":false},"author":1,"featured_media":462,"parent":0,"menu_order":0,"comment_status":"closed","ping_status":"closed","template":"elementor_canvas","meta":[],"_links":{"self":[{"href":"https:\/\/edpopsaude.com.br\/site\/wp-json\/wp\/v2\/pages\/542"}],"collection":[{"href":"https:\/\/edpopsaude.com.br\/site\/wp-json\/wp\/v2\/pages"}],"about":[{"href":"https:\/\/edpopsaude.com.br\/site\/wp-json\/wp\/v2\/types\/page"}],"author":[{"embeddable":true,"href":"https:\/\/edpopsaude.com.br\/site\/wp-json\/wp\/v2\/users\/1"}],"replies":[{"embeddable":true,"href":"https:\/\/edpopsaude.com.br\/site\/wp-json\/wp\/v2\/comments?post=542"}],"version-history":[{"count":7,"href":"https:\/\/edpopsaude.com.br\/site\/wp-json\/wp\/v2\/pages\/542\/revisions"}],"predecessor-version":[{"id":551,"href":"https:\/\/edpopsaude.com.br\/site\/wp-json\/wp\/v2\/pages\/542\/revisions\/551"}],"wp:featuredmedia":[{"embeddable":true,"href":"https:\/\/edpopsaude.com.br\/site\/wp-json\/wp\/v2\/media\/462"}],"wp:attachment":[{"href":"https:\/\/edpopsaude.com.br\/site\/wp-json\/wp\/v2\/media?parent=542"}],"curies":[{"name":"wp","href":"https:\/\/api.w.org\/{rel}","templated":true}]}}