{"id":552,"date":"2022-07-01T09:11:29","date_gmt":"2022-07-01T12:11:29","guid":{"rendered":"https:\/\/edpopsaude.com.br\/site\/?page_id=552"},"modified":"2022-07-01T09:15:49","modified_gmt":"2022-07-01T12:15:49","slug":"dina-e-chico-aedes-aegypti","status":"publish","type":"page","link":"https:\/\/edpopsaude.com.br\/site\/dina-e-chico-aedes-aegypti\/","title":{"rendered":"Dina e Chico &#8211; Aedes Aegypti"},"content":{"rendered":"\t\t<div data-elementor-type=\"wp-page\" data-elementor-id=\"552\" class=\"elementor elementor-552\">\n\t\t\t\t\t\t\t\t\t<section class=\"elementor-section elementor-top-section elementor-element elementor-element-1a1fabb8 elementor-section-boxed elementor-section-height-default elementor-section-height-default\" data-id=\"1a1fabb8\" data-element_type=\"section\">\n\t\t\t\t\t\t<div class=\"elementor-container elementor-column-gap-default\">\n\t\t\t\t\t<div class=\"elementor-column elementor-col-100 elementor-top-column elementor-element elementor-element-5e42ee36\" data-id=\"5e42ee36\" data-element_type=\"column\">\n\t\t\t<div class=\"elementor-widget-wrap elementor-element-populated\">\n\t\t\t\t\t\t\t\t<div class=\"elementor-element elementor-element-2459fc9c elementor-widget elementor-widget-image\" data-id=\"2459fc9c\" data-element_type=\"widget\" data-widget_type=\"image.default\">\n\t\t\t\t<div class=\"elementor-widget-container\">\n\t\t\t\t\t\t\t\t\t\t\t\t\t\t\t<img decoding=\"async\" width=\"414\" height=\"124\" src=\"https:\/\/edpopsaude.com.br\/site\/wp-content\/uploads\/2022\/06\/ArboControl-logo-1.jpg\" class=\"attachment-large size-large wp-image-420\" alt=\"\" loading=\"lazy\" srcset=\"https:\/\/edpopsaude.com.br\/site\/wp-content\/uploads\/2022\/06\/ArboControl-logo-1.jpg 414w, https:\/\/edpopsaude.com.br\/site\/wp-content\/uploads\/2022\/06\/ArboControl-logo-1-300x90.jpg 300w\" sizes=\"(max-width: 34.9rem) calc(100vw - 2rem), (max-width: 53rem) calc(8 * (100vw \/ 12)), (min-width: 53rem) calc(6 * (100vw \/ 12)), 100vw\" \/>\t\t\t\t\t\t\t\t\t\t\t\t\t\t\t<\/div>\n\t\t\t\t<\/div>\n\t\t\t\t<div class=\"elementor-element elementor-element-7cc9d26 elementor-widget elementor-widget-heading\" data-id=\"7cc9d26\" data-element_type=\"widget\" data-widget_type=\"heading.default\">\n\t\t\t\t<div class=\"elementor-widget-container\">\n\t\t\t<h2 class=\"elementor-heading-title elementor-size-default\">Projeto ArboControl  |  UFFS<\/h2>\t\t<\/div>\n\t\t\t\t<\/div>\n\t\t\t\t<div class=\"elementor-element elementor-element-5fe20260 elementor-widget elementor-widget-text-editor\" data-id=\"5fe20260\" data-element_type=\"widget\" data-widget_type=\"text-editor.default\">\n\t\t\t\t<div class=\"elementor-widget-container\">\n\t\t\t\t\t\t\t<p>Dina e Chico &#8211; Aedes Aegypti<\/p>\t\t\t\t\t\t<\/div>\n\t\t\t\t<\/div>\n\t\t\t\t<div class=\"elementor-element elementor-element-7866ab11 elementor-widget elementor-widget-image\" data-id=\"7866ab11\" data-element_type=\"widget\" data-widget_type=\"image.default\">\n\t\t\t\t<div class=\"elementor-widget-container\">\n\t\t\t\t\t\t\t\t\t\t\t\t\t\t\t<img decoding=\"async\" width=\"287\" height=\"151\" src=\"https:\/\/edpopsaude.com.br\/site\/wp-content\/uploads\/2022\/06\/Ecos-ArboControl-logo.png\" class=\"attachment-large size-large wp-image-429\" alt=\"\" loading=\"lazy\" sizes=\"(max-width: 34.9rem) calc(100vw - 2rem), (max-width: 53rem) calc(8 * (100vw \/ 12)), (min-width: 53rem) calc(6 * (100vw \/ 12)), 100vw\" \/>\t\t\t\t\t\t\t\t\t\t\t\t\t\t\t<\/div>\n\t\t\t\t<\/div>\n\t\t\t\t<div class=\"elementor-element elementor-element-2aa70235 elementor-widget elementor-widget-spacer\" data-id=\"2aa70235\" data-element_type=\"widget\" data-widget_type=\"spacer.default\">\n\t\t\t\t<div class=\"elementor-widget-container\">\n\t\t\t\t\t<div class=\"elementor-spacer\">\n\t\t\t<div class=\"elementor-spacer-inner\"><\/div>\n\t\t<\/div>\n\t\t\t\t<\/div>\n\t\t\t\t<\/div>\n\t\t\t\t\t<\/div>\n\t\t<\/div>\n\t\t\t\t\t\t\t<\/div>\n\t\t<\/section>\n\t\t\t\t<section class=\"elementor-section elementor-top-section elementor-element elementor-element-cdc3c0f elementor-section-boxed elementor-section-height-default elementor-section-height-default\" data-id=\"cdc3c0f\" data-element_type=\"section\">\n\t\t\t\t\t\t<div class=\"elementor-container elementor-column-gap-default\">\n\t\t\t\t\t<div class=\"elementor-column elementor-col-100 elementor-top-column elementor-element elementor-element-3448d8e\" data-id=\"3448d8e\" data-element_type=\"column\">\n\t\t\t<div class=\"elementor-widget-wrap elementor-element-populated\">\n\t\t\t\t\t\t\t\t<div class=\"elementor-element elementor-element-a3e3e99 elementor-widget elementor-widget-image\" data-id=\"a3e3e99\" data-element_type=\"widget\" data-widget_type=\"image.default\">\n\t\t\t\t<div class=\"elementor-widget-container\">\n\t\t\t\t\t\t\t\t\t\t\t\t\t\t\t\t<a href=\"https:\/\/edpopsaude.com.br\/site\/wp-content\/uploads\/2022\/07\/051122-Tirinha-Dina-e-Chico_1.jpeg\" data-elementor-open-lightbox=\"yes\" data-elementor-lightbox-title=\"051122-Tirinha-Dina-e-Chico_1\" data-e-action-hash=\"#elementor-action%3Aaction%3Dlightbox%26settings%3DeyJpZCI6NTUzLCJ1cmwiOiJodHRwczpcL1wvZWRwb3BzYXVkZS5jb20uYnJcL3NpdGVcL3dwLWNvbnRlbnRcL3VwbG9hZHNcLzIwMjJcLzA3XC8wNTExMjItVGlyaW5oYS1EaW5hLWUtQ2hpY29fMS5qcGVnIn0%3D\">\n\t\t\t\t\t\t\t<img decoding=\"async\" width=\"412\" height=\"329\" src=\"https:\/\/edpopsaude.com.br\/site\/wp-content\/uploads\/2022\/07\/051122-Tirinha-Dina-e-Chico_1.jpeg\" class=\"attachment-large size-large wp-image-553\" alt=\"\" loading=\"lazy\" srcset=\"https:\/\/edpopsaude.com.br\/site\/wp-content\/uploads\/2022\/07\/051122-Tirinha-Dina-e-Chico_1.jpeg 412w, https:\/\/edpopsaude.com.br\/site\/wp-content\/uploads\/2022\/07\/051122-Tirinha-Dina-e-Chico_1-300x240.jpeg 300w\" sizes=\"(max-width: 34.9rem) calc(100vw - 2rem), (max-width: 53rem) calc(8 * (100vw \/ 12)), (min-width: 53rem) calc(6 * (100vw \/ 12)), 100vw\" \/>\t\t\t\t\t\t\t\t<\/a>\n\t\t\t\t\t\t\t\t\t\t\t\t\t\t\t<\/div>\n\t\t\t\t<\/div>\n\t\t\t\t<div class=\"elementor-element elementor-element-cb78c76 elementor-widget elementor-widget-image\" data-id=\"cb78c76\" data-element_type=\"widget\" data-widget_type=\"image.default\">\n\t\t\t\t<div class=\"elementor-widget-container\">\n\t\t\t\t\t\t\t\t\t\t\t\t\t\t\t\t<a href=\"https:\/\/edpopsaude.com.br\/site\/wp-content\/uploads\/2022\/07\/051122-Tirinha-Dina-e-Chico_2.jpeg\" data-elementor-open-lightbox=\"yes\" data-elementor-lightbox-title=\"051122-Tirinha-Dina-e-Chico_2\" data-e-action-hash=\"#elementor-action%3Aaction%3Dlightbox%26settings%3DeyJpZCI6NTU0LCJ1cmwiOiJodHRwczpcL1wvZWRwb3BzYXVkZS5jb20uYnJcL3NpdGVcL3dwLWNvbnRlbnRcL3VwbG9hZHNcLzIwMjJcLzA3XC8wNTExMjItVGlyaW5oYS1EaW5hLWUtQ2hpY29fMi5qcGVnIn0%3D\">\n\t\t\t\t\t\t\t<img decoding=\"async\" width=\"409\" height=\"329\" src=\"https:\/\/edpopsaude.com.br\/site\/wp-content\/uploads\/2022\/07\/051122-Tirinha-Dina-e-Chico_2.jpeg\" class=\"attachment-large size-large wp-image-554\" alt=\"\" loading=\"lazy\" srcset=\"https:\/\/edpopsaude.com.br\/site\/wp-content\/uploads\/2022\/07\/051122-Tirinha-Dina-e-Chico_2.jpeg 409w, https:\/\/edpopsaude.com.br\/site\/wp-content\/uploads\/2022\/07\/051122-Tirinha-Dina-e-Chico_2-300x241.jpeg 300w\" sizes=\"(max-width: 34.9rem) calc(100vw - 2rem), (max-width: 53rem) calc(8 * (100vw \/ 12)), (min-width: 53rem) calc(6 * (100vw \/ 12)), 100vw\" \/>\t\t\t\t\t\t\t\t<\/a>\n\t\t\t\t\t\t\t\t\t\t\t\t\t\t\t<\/div>\n\t\t\t\t<\/div>\n\t\t\t\t\t<\/div>\n\t\t<\/div>\n\t\t\t\t\t\t\t<\/div>\n\t\t<\/section>\n\t\t\t\t<section class=\"elementor-section elementor-top-section elementor-element elementor-element-8cefb4b elementor-section-boxed elementor-section-height-default elementor-section-height-default\" data-id=\"8cefb4b\" data-element_type=\"section\">\n\t\t\t\t\t\t<div class=\"elementor-container elementor-column-gap-default\">\n\t\t\t\t\t<div class=\"elementor-column elementor-col-100 elementor-top-column elementor-element elementor-element-b54038a\" data-id=\"b54038a\" data-element_type=\"column\">\n\t\t\t<div class=\"elementor-widget-wrap elementor-element-populated\">\n\t\t\t\t\t\t\t\t<div class=\"elementor-element elementor-element-25b35d5 elementor-widget elementor-widget-text-editor\" data-id=\"25b35d5\" data-element_type=\"widget\" data-widget_type=\"text-editor.default\">\n\t\t\t\t<div class=\"elementor-widget-container\">\n\t\t\t\t\t\t\t<ol><li><strong>T\u00edtulo: <\/strong>Dina e Chico &#8211; Aedes Aegypti<\/li><li><strong>Autor: <\/strong>Universidade Federal da Fronteira Sul, Campus Passo Fundo\/RS, Autores: <strong>Thiago Emanuel Rodrigues Novaes e Jo\u00e3o Pedro Naz\u00e1rio de Souza. <\/strong>Orientadora: Vanderl\u00e9ia Laodete Pulga<\/li><li><strong>Descri\u00e7\u00e3o: <\/strong>Tirinhas em Quadrinhos do mosquito Aedes Aegypti a partir da da cria\u00e7\u00e3o dos personagens, Dina e Chico, mascotes em estilo ga\u00facho em\u00a0 uma hist\u00f3ria em quadrinhos com um enredo remetendo \u00e0 chegada, reprodu\u00e7\u00e3o e infec\u00e7\u00e3o das pessoas, a fim de trazer \u00e0 tona o contexto vivido atualmente na regi\u00e3o Sul do Brasil. A historinha se inicia com os mosquitos chegando a Passo Fundo e vendo um ambiente ideal para seu estabelecimento, fala um pouco sobre o ciclo de reprodu\u00e7\u00e3o e vida do <em>Aedes aegypti<\/em>, bem como a forma de transmiss\u00e3o das arboviroses, tendo algu\u00e9m picado por <em>Aedes aegypti.<\/em><\/li><li><strong>Assunto (Palavra chaves): <\/strong>Aedes Aegypti, hist\u00f3ria em quadrinhos, preven\u00e7\u00e3o<\/li><li><strong>Fonte (Um recurso relacionado do qual o recurso descrito deriva): <\/strong>Projeto Arbocontrol<\/li><li><strong>Editor: <\/strong>Arbocontrol e Universidade Federal da Fronteira Sul, Campus Passo Fundo &#8211; RS<\/li><li><strong>Colaborador: <\/strong>Universidade Federal da Fronteira Sul, Campus Passo Fundo &#8211; RS<\/li><li><strong>Direitos: <\/strong>Arbocontrol<\/li><li><strong>Rela\u00e7\u00e3o: <\/strong>N\u00e3o se Aplica<\/li><li><strong>Formato: <\/strong>Arquivo digital de m\u00eddia<\/li><li><strong>Idioma: <\/strong>Portugu\u00eas<\/li><li><strong>Tipo: <\/strong>Post informativo<\/li><li><strong>Identificador: <\/strong>Arbocontrol<\/li><li><strong>Abrang\u00eancia: <\/strong>Geral<\/li><li><strong>Abstract: <\/strong><\/li><li><strong>Data da cria\u00e7\u00e3o: <\/strong>05\/11\/2021<\/li><li><strong>Data da aceita\u00e7\u00e3o: <\/strong>N\u00e3o se Aplica<\/li><li><strong>Data do Copyright: <\/strong>05\/05\/2022<\/li><li><strong>Date da publica\u00e7\u00e3o do recurso:<\/strong> 05\/05\/2022<\/li><li><strong>Data da valida\u00e7\u00e3o: <\/strong>05\/05\/2022<\/li><li><strong>Licen\u00e7a: <\/strong>Livre distribui\u00e7\u00e3o desde que citada a fonte<\/li><li><strong>Formato: <\/strong>M\u00eddia Digital<\/li><\/ol>\t\t\t\t\t\t<\/div>\n\t\t\t\t<\/div>\n\t\t\t\t\t<\/div>\n\t\t<\/div>\n\t\t\t\t\t\t\t<\/div>\n\t\t<\/section>\n\t\t\t\t<section class=\"elementor-section elementor-top-section elementor-element elementor-element-026cc03 elementor-section-boxed elementor-section-height-default elementor-section-height-default\" data-id=\"026cc03\" data-element_type=\"section\">\n\t\t\t\t\t\t<div class=\"elementor-container elementor-column-gap-default\">\n\t\t\t\t\t<div class=\"elementor-column elementor-col-100 elementor-top-column elementor-element elementor-element-3559c62\" data-id=\"3559c62\" data-element_type=\"column\">\n\t\t\t<div class=\"elementor-widget-wrap elementor-element-populated\">\n\t\t\t\t\t\t\t\t<div class=\"elementor-element elementor-element-69a9073 elementor-widget elementor-widget-text-editor\" data-id=\"69a9073\" data-element_type=\"widget\" data-widget_type=\"text-editor.default\">\n\t\t\t\t<div class=\"elementor-widget-container\">\n\t\t\t\t\t\t\t<p>Respons\u00e1vel pela descri\u00e7\u00e3o: Vanderl\u00e9ia Laodete Pulga\u00a0<br \/>Lugar: Passo Fundo\/RS<br \/>Data: 31\/05\/2022<\/p><p><strong>Refer\u00eancia: <\/strong><\/p><p>Arbocontrol na escolas: educa\u00e7\u00e3o, informa\u00e7\u00e3o e comunica\u00e7\u00e3o para o controle de vetor [livro eletr\u00f4nico] \/ organizadores Maria F\u00e1tima de Sousa, Jitone Le\u00f4nidas Soares, Ana Val\u00e9ria M. Mendon\u00e7a. 1. ed. Bras\u00edlia: UnB &#8211; Universidade de Bras\u00edlia, 2021.<\/p><p>S\u00c1, Vitor Isensse e; LEIB\u00c3O, Priscila de Carvalho; SILVA, Telma Mendes da. Hist\u00f3rias em Quadrinhos como Recurso Did\u00e1tico-Pedag\u00f3gico no Debate de Quest\u00f5es Ambientais em Geografia. Revista Educa\u00e7\u00e3o Geogr\u00e1fica em Foco, v. 1, n. 2, 2018.<\/p>\t\t\t\t\t\t<\/div>\n\t\t\t\t<\/div>\n\t\t\t\t\t<\/div>\n\t\t<\/div>\n\t\t\t\t\t\t\t<\/div>\n\t\t<\/section>\n\t\t\t\t<section class=\"elementor-section elementor-top-section elementor-element elementor-element-474bab7a elementor-section-boxed elementor-section-height-default elementor-section-height-default\" data-id=\"474bab7a\" data-element_type=\"section\" data-settings=\"{&quot;background_background&quot;:&quot;classic&quot;}\">\n\t\t\t\t\t\t<div class=\"elementor-container elementor-column-gap-no\">\n\t\t\t\t\t<div class=\"elementor-column elementor-col-100 elementor-top-column elementor-element elementor-element-f18b640\" data-id=\"f18b640\" data-element_type=\"column\">\n\t\t\t<div class=\"elementor-widget-wrap elementor-element-populated\">\n\t\t\t\t\t\t\t\t<div class=\"elementor-element elementor-element-7cd3945 elementor-widget elementor-widget-copyright\" data-id=\"7cd3945\" data-element_type=\"widget\" data-settings=\"{&quot;align&quot;:&quot;center&quot;}\" data-widget_type=\"copyright.default\">\n\t\t\t\t<div class=\"elementor-widget-container\">\n\t\t\t\t\t<div class=\"hfe-copyright-wrapper\">\n\t\t\t\t\t\t\t<span>Copyright \u00a9 2026 Educa\u00e7\u00e3o Popular e Sa\u00fade   |   Cria\u00e7\u00e3o MDA Comunica\u00e7\u00e3o Integrada<\/span>\n\t\t\t\t\t<\/div>\n\t\t\t\t<\/div>\n\t\t\t\t<\/div>\n\t\t\t\t<div class=\"elementor-element elementor-element-fe052a8 elementor-widget elementor-widget-text-editor\" data-id=\"fe052a8\" data-element_type=\"widget\" data-widget_type=\"text-editor.default\">\n\t\t\t\t<div class=\"elementor-widget-container\">\n\t\t\t\t\t\t\t<p>Contato e informa\u00e7\u00f5es: contato@edpopsaude.com.br<\/p>\t\t\t\t\t\t<\/div>\n\t\t\t\t<\/div>\n\t\t\t\t\t<\/div>\n\t\t<\/div>\n\t\t\t\t\t\t\t<\/div>\n\t\t<\/section>\n\t\t\t\t\t\t\t<\/div>\n\t\t","protected":false},"excerpt":{"rendered":"<p>Projeto ArboControl | UFFS Dina e Chico &#8211; Aedes Aegypti T\u00edtulo: Dina e Chico &#8211; Aedes Aegypti Autor: Universidade Federal da Fronteira Sul, Campus Passo Fundo\/RS, Autores: Thiago Emanuel Rodrigues Novaes e Jo\u00e3o Pedro Naz\u00e1rio de Souza. Orientadora: Vanderl\u00e9ia Laodete Pulga Descri\u00e7\u00e3o: Tirinhas em Quadrinhos do mosquito Aedes Aegypti a partir da da cria\u00e7\u00e3o dos &hellip; <\/p>\n<p class=\"link-more\"><a href=\"https:\/\/edpopsaude.com.br\/site\/dina-e-chico-aedes-aegypti\/\" class=\"more-link\">Continue lendo<span class=\"screen-reader-text\"> &#8220;Dina e Chico &#8211; Aedes Aegypti&#8221;<\/span><\/a><\/p>\n","protected":false},"author":1,"featured_media":553,"parent":0,"menu_order":0,"comment_status":"closed","ping_status":"closed","template":"elementor_canvas","meta":[],"_links":{"self":[{"href":"https:\/\/edpopsaude.com.br\/site\/wp-json\/wp\/v2\/pages\/552"}],"collection":[{"href":"https:\/\/edpopsaude.com.br\/site\/wp-json\/wp\/v2\/pages"}],"about":[{"href":"https:\/\/edpopsaude.com.br\/site\/wp-json\/wp\/v2\/types\/page"}],"author":[{"embeddable":true,"href":"https:\/\/edpopsaude.com.br\/site\/wp-json\/wp\/v2\/users\/1"}],"replies":[{"embeddable":true,"href":"https:\/\/edpopsaude.com.br\/site\/wp-json\/wp\/v2\/comments?post=552"}],"version-history":[{"count":7,"href":"https:\/\/edpopsaude.com.br\/site\/wp-json\/wp\/v2\/pages\/552\/revisions"}],"predecessor-version":[{"id":561,"href":"https:\/\/edpopsaude.com.br\/site\/wp-json\/wp\/v2\/pages\/552\/revisions\/561"}],"wp:featuredmedia":[{"embeddable":true,"href":"https:\/\/edpopsaude.com.br\/site\/wp-json\/wp\/v2\/media\/553"}],"wp:attachment":[{"href":"https:\/\/edpopsaude.com.br\/site\/wp-json\/wp\/v2\/media?parent=552"}],"curies":[{"name":"wp","href":"https:\/\/api.w.org\/{rel}","templated":true}]}}